{"id":3398,"date":"2019-03-10T12:39:39","date_gmt":"2019-03-10T12:39:39","guid":{"rendered":"http:\/\/www.meridiangroup.rs\/?page_id=3398"},"modified":"2025-08-06T14:11:09","modified_gmt":"2025-08-06T14:11:09","slug":"gajbe-za-skladistenje","status":"publish","type":"page","link":"http:\/\/www.meridiangroup.rs\/en\/gajbe-za-skladistenje\/","title":{"rendered":"Stackable Container"},"content":{"rendered":"<div data-elementor-type=\"wp-post\" data-elementor-id=\"3398\" class=\"elementor elementor-3398\" data-elementor-post-type=\"page\">\n\t\t\t\t\t\t<section class=\"elementor-section elementor-top-section elementor-element elementor-element-13a1c30c elementor-section-boxed elementor-section-height-default elementor-section-height-default\" data-id=\"13a1c30c\" data-element_type=\"section\" data-e-type=\"section\">\n\t\t\t\t\t\t<div class=\"elementor-container elementor-column-gap-default\">\n\t\t\t\t\t<div class=\"elementor-column elementor-col-100 elementor-top-column elementor-element elementor-element-14575187\" data-id=\"14575187\" data-element_type=\"column\" data-e-type=\"column\">\n\t\t\t<div class=\"elementor-widget-wrap elementor-element-populated\">\n\t\t\t\t\t\t<div class=\"elementor-element elementor-element-47a60fea elementor-widget elementor-widget-heading\" data-id=\"47a60fea\" data-element_type=\"widget\" data-e-type=\"widget\" data-widget_type=\"heading.default\">\n\t\t\t\t<div class=\"elementor-widget-container\">\n\t\t\t\t\t<h1 class=\"elementor-heading-title elementor-size-default\">Stackable crates<\/h1>\t\t\t\t<\/div>\n\t\t\t\t<\/div>\n\t\t\t\t\t<\/div>\n\t\t<\/div>\n\t\t\t\t\t<\/div>\n\t\t<\/section>\n\t\t\t\t<section class=\"elementor-section elementor-top-section elementor-element elementor-element-4b344f36 elementor-section-boxed elementor-section-height-default elementor-section-height-default\" data-id=\"4b344f36\" data-element_type=\"section\" data-e-type=\"section\">\n\t\t\t\t\t\t<div class=\"elementor-container elementor-column-gap-default\">\n\t\t\t\t\t<div class=\"elementor-column elementor-col-14 elementor-top-column elementor-element elementor-element-1efa87cb\" data-id=\"1efa87cb\" data-element_type=\"column\" data-e-type=\"column\">\n\t\t\t<div class=\"elementor-widget-wrap elementor-element-populated\">\n\t\t\t\t\t\t<div class=\"elementor-element elementor-element-2e499531 elementor-widget elementor-widget-image\" data-id=\"2e499531\" data-element_type=\"widget\" data-e-type=\"widget\" data-widget_type=\"image.default\">\n\t\t\t\t<div class=\"elementor-widget-container\">\n\t\t\t\t\t\t\t\t\t\t\t\t<figure class=\"wp-caption\">\n\t\t\t\t\t\t\t\t\t\t\t<a href=\"https:\/\/www.meridiangroup.rs\/en\/zatvorene-plasticne-gajbe-zatvorena-plasticna-gajba\/\">\n\t\t\t\t\t\t\t<img fetchpriority=\"high\" decoding=\"async\" width=\"300\" height=\"300\" src=\"https:\/\/www.meridiangroup.rs\/wp-content\/uploads\/2019\/03\/Solid-Crates.jpg\" class=\"attachment-large size-large wp-image-3498\" alt=\"\" srcset=\"https:\/\/www.meridiangroup.rs\/wp-content\/uploads\/2019\/03\/Solid-Crates.jpg 300w, https:\/\/www.meridiangroup.rs\/wp-content\/uploads\/2019\/03\/Solid-Crates-150x150.jpg 150w, https:\/\/www.meridiangroup.rs\/wp-content\/uploads\/2019\/03\/Solid-Crates-100x100.jpg 100w\" sizes=\"(max-width: 300px) 100vw, 300px\" \/>\t\t\t\t\t\t\t\t<\/a>\n\t\t\t\t\t\t\t\t\t\t\t<figcaption class=\"widget-image-caption wp-caption-text\"><\/figcaption>\n\t\t\t\t\t\t\t\t\t\t<\/figure>\n\t\t\t\t\t\t\t\t\t<\/div>\n\t\t\t\t<\/div>\n\t\t\t\t<div class=\"elementor-element elementor-element-256749c3 elementor-widget elementor-widget-heading\" data-id=\"256749c3\" data-element_type=\"widget\" data-e-type=\"widget\" data-widget_type=\"heading.default\">\n\t\t\t\t<div class=\"elementor-widget-container\">\n\t\t\t\t\t<h2 class=\"elementor-heading-title elementor-size-default\"><a href=\"https:\/\/www.meridiangroup.rs\/en\/zatvorene-plasticne-gajbe-zatvorena-plasticna-gajba\/\">Solid crates<\/a><\/h2>\t\t\t\t<\/div>\n\t\t\t\t<\/div>\n\t\t\t\t\t<\/div>\n\t\t<\/div>\n\t\t\t\t<div class=\"elementor-column elementor-col-14 elementor-top-column elementor-element elementor-element-82a1ace\" data-id=\"82a1ace\" data-element_type=\"column\" data-e-type=\"column\">\n\t\t\t<div class=\"elementor-widget-wrap elementor-element-populated\">\n\t\t\t\t\t\t<div class=\"elementor-element elementor-element-3a50e2b1 elementor-hidden-desktop elementor-widget elementor-widget-spacer\" data-id=\"3a50e2b1\" data-element_type=\"widget\" data-e-type=\"widget\" data-widget_type=\"spacer.default\">\n\t\t\t\t<div class=\"elementor-widget-container\">\n\t\t\t\t\t\t\t<div class=\"elementor-spacer\">\n\t\t\t<div class=\"elementor-spacer-inner\"><\/div>\n\t\t<\/div>\n\t\t\t\t\t\t<\/div>\n\t\t\t\t<\/div>\n\t\t\t\t\t<\/div>\n\t\t<\/div>\n\t\t\t\t<div class=\"elementor-column elementor-col-14 elementor-top-column elementor-element elementor-element-5bbe14fc\" data-id=\"5bbe14fc\" data-element_type=\"column\" data-e-type=\"column\">\n\t\t\t<div class=\"elementor-widget-wrap elementor-element-populated\">\n\t\t\t\t\t\t<div class=\"elementor-element elementor-element-3a02d2a1 elementor-widget elementor-widget-image\" data-id=\"3a02d2a1\" data-element_type=\"widget\" data-e-type=\"widget\" data-widget_type=\"image.default\">\n\t\t\t\t<div class=\"elementor-widget-container\">\n\t\t\t\t\t\t\t\t\t\t\t\t\t\t\t\t<a href=\"https:\/\/www.meridiangroup.rs\/en\/elementor-page-21102\/\">\n\t\t\t\t\t\t\t<img decoding=\"async\" width=\"300\" height=\"300\" src=\"https:\/\/www.meridiangroup.rs\/wp-content\/uploads\/2019\/03\/closed-based-crates.jpg\" class=\"attachment-large size-large wp-image-3404\" alt=\"\" srcset=\"https:\/\/www.meridiangroup.rs\/wp-content\/uploads\/2019\/03\/closed-based-crates.jpg 300w, https:\/\/www.meridiangroup.rs\/wp-content\/uploads\/2019\/03\/closed-based-crates-150x150.jpg 150w, https:\/\/www.meridiangroup.rs\/wp-content\/uploads\/2019\/03\/closed-based-crates-100x100.jpg 100w\" sizes=\"(max-width: 300px) 100vw, 300px\" \/>\t\t\t\t\t\t\t\t<\/a>\n\t\t\t\t\t\t\t\t\t\t\t\t\t\t\t<\/div>\n\t\t\t\t<\/div>\n\t\t\t\t<div class=\"elementor-element elementor-element-66faeff0 elementor-widget elementor-widget-heading\" data-id=\"66faeff0\" data-element_type=\"widget\" data-e-type=\"widget\" data-widget_type=\"heading.default\">\n\t\t\t\t<div class=\"elementor-widget-container\">\n\t\t\t\t\t<h2 class=\"elementor-heading-title elementor-size-small\"><a href=\"https:\/\/www.meridiangroup.rs\/en\/elementor-page-21102\/\">Closed based crates<\/a><\/h2>\t\t\t\t<\/div>\n\t\t\t\t<\/div>\n\t\t\t\t\t<\/div>\n\t\t<\/div>\n\t\t\t\t<div class=\"elementor-column elementor-col-14 elementor-top-column elementor-element elementor-element-334ba9ce\" data-id=\"334ba9ce\" data-element_type=\"column\" data-e-type=\"column\">\n\t\t\t<div class=\"elementor-widget-wrap elementor-element-populated\">\n\t\t\t\t\t\t<div class=\"elementor-element elementor-element-56253e63 elementor-hidden-desktop elementor-widget elementor-widget-spacer\" data-id=\"56253e63\" data-element_type=\"widget\" data-e-type=\"widget\" data-widget_type=\"spacer.default\">\n\t\t\t\t<div class=\"elementor-widget-container\">\n\t\t\t\t\t\t\t<div class=\"elementor-spacer\">\n\t\t\t<div class=\"elementor-spacer-inner\"><\/div>\n\t\t<\/div>\n\t\t\t\t\t\t<\/div>\n\t\t\t\t<\/div>\n\t\t\t\t\t<\/div>\n\t\t<\/div>\n\t\t\t\t<div class=\"elementor-column elementor-col-14 elementor-top-column elementor-element elementor-element-63f1c760\" data-id=\"63f1c760\" data-element_type=\"column\" data-e-type=\"column\">\n\t\t\t<div class=\"elementor-widget-wrap elementor-element-populated\">\n\t\t\t\t\t\t<div class=\"elementor-element elementor-element-27af2d1c elementor-widget elementor-widget-image\" data-id=\"27af2d1c\" data-element_type=\"widget\" data-e-type=\"widget\" data-widget_type=\"image.default\">\n\t\t\t\t<div class=\"elementor-widget-container\">\n\t\t\t\t\t\t\t\t\t\t\t\t\t\t\t\t<a href=\"https:\/\/www.meridiangroup.rs\/en\/product-category\/plasticne-gajbe\/gajbe-za-skladistenje\/rupicaste-gajbe\/\">\n\t\t\t\t\t\t\t<img decoding=\"async\" width=\"300\" height=\"300\" src=\"https:\/\/www.meridiangroup.rs\/wp-content\/uploads\/2019\/03\/perforated-crates.jpg\" class=\"attachment-large size-large wp-image-3403\" alt=\"\" srcset=\"https:\/\/www.meridiangroup.rs\/wp-content\/uploads\/2019\/03\/perforated-crates.jpg 300w, https:\/\/www.meridiangroup.rs\/wp-content\/uploads\/2019\/03\/perforated-crates-150x150.jpg 150w, https:\/\/www.meridiangroup.rs\/wp-content\/uploads\/2019\/03\/perforated-crates-100x100.jpg 100w\" sizes=\"(max-width: 300px) 100vw, 300px\" \/>\t\t\t\t\t\t\t\t<\/a>\n\t\t\t\t\t\t\t\t\t\t\t\t\t\t\t<\/div>\n\t\t\t\t<\/div>\n\t\t\t\t<div class=\"elementor-element elementor-element-42266ca2 elementor-widget elementor-widget-heading\" data-id=\"42266ca2\" data-element_type=\"widget\" data-e-type=\"widget\" data-widget_type=\"heading.default\">\n\t\t\t\t<div class=\"elementor-widget-container\">\n\t\t\t\t\t<h2 class=\"elementor-heading-title elementor-size-small\"><a href=\"https:\/\/www.meridiangroup.rs\/en\/product-category\/plasticne-gajbe\/gajbe-za-skladistenje\/rupicaste-gajbe\/\">Perforated crates<\/a><\/h2>\t\t\t\t<\/div>\n\t\t\t\t<\/div>\n\t\t\t\t\t<\/div>\n\t\t<\/div>\n\t\t\t\t<div class=\"elementor-column elementor-col-14 elementor-top-column elementor-element elementor-element-6b823199\" data-id=\"6b823199\" data-element_type=\"column\" data-e-type=\"column\">\n\t\t\t<div class=\"elementor-widget-wrap elementor-element-populated\">\n\t\t\t\t\t\t<div class=\"elementor-element elementor-element-48147edd elementor-hidden-desktop elementor-widget elementor-widget-spacer\" data-id=\"48147edd\" data-element_type=\"widget\" data-e-type=\"widget\" data-widget_type=\"spacer.default\">\n\t\t\t\t<div class=\"elementor-widget-container\">\n\t\t\t\t\t\t\t<div class=\"elementor-spacer\">\n\t\t\t<div class=\"elementor-spacer-inner\"><\/div>\n\t\t<\/div>\n\t\t\t\t\t\t<\/div>\n\t\t\t\t<\/div>\n\t\t\t\t\t<\/div>\n\t\t<\/div>\n\t\t\t\t<div class=\"elementor-column elementor-col-14 elementor-top-column elementor-element elementor-element-62bf1b45\" data-id=\"62bf1b45\" data-element_type=\"column\" data-e-type=\"column\">\n\t\t\t<div class=\"elementor-widget-wrap elementor-element-populated\">\n\t\t\t\t\t\t<div class=\"elementor-element elementor-element-51a100f7 elementor-widget elementor-widget-image\" data-id=\"51a100f7\" data-element_type=\"widget\" data-e-type=\"widget\" data-widget_type=\"image.default\">\n\t\t\t\t<div class=\"elementor-widget-container\">\n\t\t\t\t\t\t\t\t\t\t\t\t\t\t\t\t<a href=\"https:\/\/www.meridiangroup.rs\/en\/klt-gajbe\/\">\n\t\t\t\t\t\t\t<img loading=\"lazy\" decoding=\"async\" width=\"300\" height=\"300\" src=\"https:\/\/www.meridiangroup.rs\/wp-content\/uploads\/2019\/03\/klt-crates.jpg\" class=\"attachment-large size-large wp-image-3406\" alt=\"\" srcset=\"https:\/\/www.meridiangroup.rs\/wp-content\/uploads\/2019\/03\/klt-crates.jpg 300w, https:\/\/www.meridiangroup.rs\/wp-content\/uploads\/2019\/03\/klt-crates-150x150.jpg 150w, https:\/\/www.meridiangroup.rs\/wp-content\/uploads\/2019\/03\/klt-crates-100x100.jpg 100w\" sizes=\"(max-width: 300px) 100vw, 300px\" \/>\t\t\t\t\t\t\t\t<\/a>\n\t\t\t\t\t\t\t\t\t\t\t\t\t\t\t<\/div>\n\t\t\t\t<\/div>\n\t\t\t\t<div class=\"elementor-element elementor-element-778e02a1 elementor-widget elementor-widget-heading\" data-id=\"778e02a1\" data-element_type=\"widget\" data-e-type=\"widget\" data-widget_type=\"heading.default\">\n\t\t\t\t<div class=\"elementor-widget-container\">\n\t\t\t\t\t<h2 class=\"elementor-heading-title elementor-size-small\"><a href=\"https:\/\/www.meridiangroup.rs\/en\/klt-gajbe\/\">KLT Crates<\/a><\/h2>\t\t\t\t<\/div>\n\t\t\t\t<\/div>\n\t\t\t\t\t<\/div>\n\t\t<\/div>\n\t\t\t\t\t<\/div>\n\t\t<\/section>\n\t\t\t\t<section class=\"elementor-section elementor-top-section elementor-element elementor-element-2fbeb529 elementor-section-boxed elementor-section-height-default elementor-section-height-default\" data-id=\"2fbeb529\" data-element_type=\"section\" data-e-type=\"section\">\n\t\t\t\t\t\t<div class=\"elementor-container elementor-column-gap-default\">\n\t\t\t\t\t<div class=\"elementor-column elementor-col-14 elementor-top-column elementor-element elementor-element-309efd83\" data-id=\"309efd83\" data-element_type=\"column\" data-e-type=\"column\">\n\t\t\t<div class=\"elementor-widget-wrap elementor-element-populated\">\n\t\t\t\t\t\t<div class=\"elementor-element elementor-element-188f21cd elementor-widget elementor-widget-image\" data-id=\"188f21cd\" data-element_type=\"widget\" data-e-type=\"widget\" data-widget_type=\"image.default\">\n\t\t\t\t<div class=\"elementor-widget-container\">\n\t\t\t\t\t\t\t\t\t\t\t\t\t\t\t\t<a href=\"https:\/\/www.meridiangroup.rs\/en\/product-category\/plasticne-gajbe\/gajbe-za-skladistenje\/gajbe-za-pice\/\">\n\t\t\t\t\t\t\t<img loading=\"lazy\" decoding=\"async\" width=\"300\" height=\"300\" src=\"https:\/\/www.meridiangroup.rs\/wp-content\/uploads\/2019\/03\/beverage-crates-1.jpg\" class=\"attachment-large size-large wp-image-3499\" alt=\"\" srcset=\"https:\/\/www.meridiangroup.rs\/wp-content\/uploads\/2019\/03\/beverage-crates-1.jpg 300w, https:\/\/www.meridiangroup.rs\/wp-content\/uploads\/2019\/03\/beverage-crates-1-150x150.jpg 150w, https:\/\/www.meridiangroup.rs\/wp-content\/uploads\/2019\/03\/beverage-crates-1-100x100.jpg 100w\" sizes=\"(max-width: 300px) 100vw, 300px\" \/>\t\t\t\t\t\t\t\t<\/a>\n\t\t\t\t\t\t\t\t\t\t\t\t\t\t\t<\/div>\n\t\t\t\t<\/div>\n\t\t\t\t<div class=\"elementor-element elementor-element-3245cfb3 elementor-widget elementor-widget-heading\" data-id=\"3245cfb3\" data-element_type=\"widget\" data-e-type=\"widget\" data-widget_type=\"heading.default\">\n\t\t\t\t<div class=\"elementor-widget-container\">\n\t\t\t\t\t<h2 class=\"elementor-heading-title elementor-size-small\"><a href=\"https:\/\/www.meridiangroup.rs\/en\/product-category\/plasticne-gajbe\/gajbe-za-skladistenje\/gajbe-za-pice\/\">Beverage crates<\/a><\/h2>\t\t\t\t<\/div>\n\t\t\t\t<\/div>\n\t\t\t\t\t<\/div>\n\t\t<\/div>\n\t\t\t\t<div class=\"elementor-column elementor-col-14 elementor-top-column elementor-element elementor-element-eebd673\" data-id=\"eebd673\" data-element_type=\"column\" data-e-type=\"column\">\n\t\t\t<div class=\"elementor-widget-wrap elementor-element-populated\">\n\t\t\t\t\t\t<div class=\"elementor-element elementor-element-3af4e132 elementor-hidden-desktop elementor-widget__width-initial elementor-widget elementor-widget-spacer\" data-id=\"3af4e132\" data-element_type=\"widget\" data-e-type=\"widget\" data-widget_type=\"spacer.default\">\n\t\t\t\t<div class=\"elementor-widget-container\">\n\t\t\t\t\t\t\t<div class=\"elementor-spacer\">\n\t\t\t<div class=\"elementor-spacer-inner\"><\/div>\n\t\t<\/div>\n\t\t\t\t\t\t<\/div>\n\t\t\t\t<\/div>\n\t\t\t\t\t<\/div>\n\t\t<\/div>\n\t\t\t\t<div class=\"elementor-column elementor-col-14 elementor-top-column elementor-element elementor-element-3096ff6d\" data-id=\"3096ff6d\" data-element_type=\"column\" data-e-type=\"column\">\n\t\t\t<div class=\"elementor-widget-wrap elementor-element-populated\">\n\t\t\t\t\t\t<div class=\"elementor-element elementor-element-c276ec9 elementor-widget elementor-widget-image\" data-id=\"c276ec9\" data-element_type=\"widget\" data-e-type=\"widget\" data-widget_type=\"image.default\">\n\t\t\t\t<div class=\"elementor-widget-container\">\n\t\t\t\t\t\t\t\t\t\t\t\t\t\t\t\t<a href=\"https:\/\/www.meridiangroup.rs\/en\/product-category\/plasticne-gajbe\/gajbe-za-skladistenje\/gajbe-za-meso\/\">\n\t\t\t\t\t\t\t<img loading=\"lazy\" decoding=\"async\" width=\"300\" height=\"300\" src=\"https:\/\/www.meridiangroup.rs\/wp-content\/uploads\/2019\/03\/meat-crates.jpg\" class=\"attachment-large size-large wp-image-3413\" alt=\"\" srcset=\"https:\/\/www.meridiangroup.rs\/wp-content\/uploads\/2019\/03\/meat-crates.jpg 300w, https:\/\/www.meridiangroup.rs\/wp-content\/uploads\/2019\/03\/meat-crates-150x150.jpg 150w, https:\/\/www.meridiangroup.rs\/wp-content\/uploads\/2019\/03\/meat-crates-100x100.jpg 100w\" sizes=\"(max-width: 300px) 100vw, 300px\" \/>\t\t\t\t\t\t\t\t<\/a>\n\t\t\t\t\t\t\t\t\t\t\t\t\t\t\t<\/div>\n\t\t\t\t<\/div>\n\t\t\t\t<div class=\"elementor-element elementor-element-5b57aa00 elementor-widget elementor-widget-heading\" data-id=\"5b57aa00\" data-element_type=\"widget\" data-e-type=\"widget\" data-widget_type=\"heading.default\">\n\t\t\t\t<div class=\"elementor-widget-container\">\n\t\t\t\t\t<h2 class=\"elementor-heading-title elementor-size-small\"><a href=\"https:\/\/www.meridiangroup.rs\/en\/product-category\/plasticne-gajbe\/gajbe-za-skladistenje\/gajbe-za-meso\/\">Meat crates<\/a><\/h2>\t\t\t\t<\/div>\n\t\t\t\t<\/div>\n\t\t\t\t\t<\/div>\n\t\t<\/div>\n\t\t\t\t<div class=\"elementor-column elementor-col-14 elementor-top-column elementor-element elementor-element-29541674\" data-id=\"29541674\" data-element_type=\"column\" data-e-type=\"column\">\n\t\t\t<div class=\"elementor-widget-wrap elementor-element-populated\">\n\t\t\t\t\t\t<div class=\"elementor-element elementor-element-156ddc80 elementor-hidden-desktop elementor-widget elementor-widget-spacer\" data-id=\"156ddc80\" data-element_type=\"widget\" data-e-type=\"widget\" data-widget_type=\"spacer.default\">\n\t\t\t\t<div class=\"elementor-widget-container\">\n\t\t\t\t\t\t\t<div class=\"elementor-spacer\">\n\t\t\t<div class=\"elementor-spacer-inner\"><\/div>\n\t\t<\/div>\n\t\t\t\t\t\t<\/div>\n\t\t\t\t<\/div>\n\t\t\t\t\t<\/div>\n\t\t<\/div>\n\t\t\t\t<div class=\"elementor-column elementor-col-14 elementor-top-column elementor-element elementor-element-9269df0\" data-id=\"9269df0\" data-element_type=\"column\" data-e-type=\"column\">\n\t\t\t<div class=\"elementor-widget-wrap elementor-element-populated\">\n\t\t\t\t\t\t<div class=\"elementor-element elementor-element-1a1f89a elementor-widget elementor-widget-image\" data-id=\"1a1f89a\" data-element_type=\"widget\" data-e-type=\"widget\" data-widget_type=\"image.default\">\n\t\t\t\t<div class=\"elementor-widget-container\">\n\t\t\t\t\t\t\t\t\t\t\t\t\t\t\t\t<a href=\"https:\/\/www.meridiangroup.rs\/en\/gajbe-sa-otvorenom-prednjom-stranom-dimenzije\/\">\n\t\t\t\t\t\t\t<img loading=\"lazy\" decoding=\"async\" width=\"600\" height=\"600\" src=\"https:\/\/www.meridiangroup.rs\/wp-content\/uploads\/2025\/07\/5743-AK-Plasticne-gajbe-plastic-crate-plava.webp\" class=\"attachment-large size-large wp-image-20637\" alt=\"\" srcset=\"https:\/\/www.meridiangroup.rs\/wp-content\/uploads\/2025\/07\/5743-AK-Plasticne-gajbe-plastic-crate-plava.webp 600w, https:\/\/www.meridiangroup.rs\/wp-content\/uploads\/2025\/07\/5743-AK-Plasticne-gajbe-plastic-crate-plava-300x300.webp 300w, https:\/\/www.meridiangroup.rs\/wp-content\/uploads\/2025\/07\/5743-AK-Plasticne-gajbe-plastic-crate-plava-150x150.webp 150w, https:\/\/www.meridiangroup.rs\/wp-content\/uploads\/2025\/07\/5743-AK-Plasticne-gajbe-plastic-crate-plava-100x100.webp 100w\" sizes=\"(max-width: 600px) 100vw, 600px\" \/>\t\t\t\t\t\t\t\t<\/a>\n\t\t\t\t\t\t\t\t\t\t\t\t\t\t\t<\/div>\n\t\t\t\t<\/div>\n\t\t\t\t<div class=\"elementor-element elementor-element-d36b771 elementor-widget elementor-widget-heading\" data-id=\"d36b771\" data-element_type=\"widget\" data-e-type=\"widget\" data-widget_type=\"heading.default\">\n\t\t\t\t<div class=\"elementor-widget-container\">\n\t\t\t\t\t<h2 class=\"elementor-heading-title elementor-size-small\"><a href=\"https:\/\/www.meridiangroup.rs\/en\/gajbe-sa-otvorenom-prednjom-stranom-dimenzije\/\">Gajbe sa otvorenom<br><br><br><br><br><br><br><br><br><br><br><br><br> prednjom stranom<\/a><\/h2>\t\t\t\t<\/div>\n\t\t\t\t<\/div>\n\t\t\t\t\t<\/div>\n\t\t<\/div>\n\t\t\t\t<div class=\"elementor-column elementor-col-14 elementor-top-column elementor-element elementor-element-12ab8c3\" data-id=\"12ab8c3\" data-element_type=\"column\" data-e-type=\"column\">\n\t\t\t<div class=\"elementor-widget-wrap elementor-element-populated\">\n\t\t\t\t\t\t<div class=\"elementor-element elementor-element-3b8a4cc5 elementor-hidden-desktop elementor-widget elementor-widget-spacer\" data-id=\"3b8a4cc5\" data-element_type=\"widget\" data-e-type=\"widget\" data-widget_type=\"spacer.default\">\n\t\t\t\t<div class=\"elementor-widget-container\">\n\t\t\t\t\t\t\t<div class=\"elementor-spacer\">\n\t\t\t<div class=\"elementor-spacer-inner\"><\/div>\n\t\t<\/div>\n\t\t\t\t\t\t<\/div>\n\t\t\t\t<\/div>\n\t\t\t\t\t<\/div>\n\t\t<\/div>\n\t\t\t\t<div class=\"elementor-column elementor-col-14 elementor-top-column elementor-element elementor-element-8eb9556\" data-id=\"8eb9556\" data-element_type=\"column\" data-e-type=\"column\">\n\t\t\t<div class=\"elementor-widget-wrap elementor-element-populated\">\n\t\t\t\t\t\t<div class=\"elementor-element elementor-element-ff9f347 elementor-widget__width-initial elementor-widget elementor-widget-image\" data-id=\"ff9f347\" data-element_type=\"widget\" data-e-type=\"widget\" data-widget_type=\"image.default\">\n\t\t\t\t<div class=\"elementor-widget-container\">\n\t\t\t\t\t\t\t\t\t\t\t\t\t\t\t\t<a href=\"https:\/\/www.meridiangroup.rs\/en\/product-category\/plasticne-gajbe\/gajbe-za-skladistenje\/pribor-za-plasticne-gajbe\/\">\n\t\t\t\t\t\t\t<img loading=\"lazy\" decoding=\"async\" width=\"600\" height=\"600\" src=\"https:\/\/www.meridiangroup.rs\/wp-content\/uploads\/2025\/08\/S-34x54-2.webp\" class=\"attachment-large size-large wp-image-20788\" alt=\"\" srcset=\"https:\/\/www.meridiangroup.rs\/wp-content\/uploads\/2025\/08\/S-34x54-2.webp 600w, https:\/\/www.meridiangroup.rs\/wp-content\/uploads\/2025\/08\/S-34x54-2-300x300.webp 300w, https:\/\/www.meridiangroup.rs\/wp-content\/uploads\/2025\/08\/S-34x54-2-150x150.webp 150w, https:\/\/www.meridiangroup.rs\/wp-content\/uploads\/2025\/08\/S-34x54-2-100x100.webp 100w\" sizes=\"(max-width: 600px) 100vw, 600px\" \/>\t\t\t\t\t\t\t\t<\/a>\n\t\t\t\t\t\t\t\t\t\t\t\t\t\t\t<\/div>\n\t\t\t\t<\/div>\n\t\t\t\t<div class=\"elementor-element elementor-element-b5f6198 elementor-widget__width-initial elementor-widget elementor-widget-heading\" data-id=\"b5f6198\" data-element_type=\"widget\" data-e-type=\"widget\" data-widget_type=\"heading.default\">\n\t\t\t\t<div class=\"elementor-widget-container\">\n\t\t\t\t\t<h2 class=\"elementor-heading-title elementor-size-small\"><a href=\"https:\/\/www.meridiangroup.rs\/en\/product-category\/plasticne-gajbe\/gajbe-za-skladistenje\/pribor-za-plasticne-gajbe\/\">Pribor za plasti\u010dne <br><br><br><br><br><br><br><br><br><br><br><br><br><br>gajbe<\/a><\/h2>\t\t\t\t<\/div>\n\t\t\t\t<\/div>\n\t\t\t\t\t<\/div>\n\t\t<\/div>\n\t\t\t\t\t<\/div>\n\t\t<\/section>\n\t\t\t\t<\/div>","protected":false},"excerpt":{"rendered":"<p>Gajbe za skladi\u0161tenje Zatvorene gajbe Gajbe sa zatvorenim dnom Rupi\u010daste gajbe KLT Gajbe Gajbe za pi\u0107e Gajbe za meso Gajbe sa otvorenom prednjom stranom Pribor za plasti\u010dne gajbe<\/p>","protected":false},"author":2,"featured_media":0,"parent":0,"menu_order":0,"comment_status":"closed","ping_status":"closed","template":"","meta":{"footnotes":""},"class_list":["post-3398","page","type-page","status-publish","hentry","entry","owp-thumbs-layout-horizontal","owp-btn-normal","owp-tabs-layout-horizontal","has-no-thumbnails","has-product-nav"],"_links":{"self":[{"href":"http:\/\/www.meridiangroup.rs\/en\/wp-json\/wp\/v2\/pages\/3398","targetHints":{"allow":["GET"]}}],"collection":[{"href":"http:\/\/www.meridiangroup.rs\/en\/wp-json\/wp\/v2\/pages"}],"about":[{"href":"http:\/\/www.meridiangroup.rs\/en\/wp-json\/wp\/v2\/types\/page"}],"author":[{"embeddable":true,"href":"http:\/\/www.meridiangroup.rs\/en\/wp-json\/wp\/v2\/users\/2"}],"replies":[{"embeddable":true,"href":"http:\/\/www.meridiangroup.rs\/en\/wp-json\/wp\/v2\/comments?post=3398"}],"version-history":[{"count":15,"href":"http:\/\/www.meridiangroup.rs\/en\/wp-json\/wp\/v2\/pages\/3398\/revisions"}],"predecessor-version":[{"id":21114,"href":"http:\/\/www.meridiangroup.rs\/en\/wp-json\/wp\/v2\/pages\/3398\/revisions\/21114"}],"wp:attachment":[{"href":"http:\/\/www.meridiangroup.rs\/en\/wp-json\/wp\/v2\/media?parent=3398"}],"curies":[{"name":"wp","href":"https:\/\/api.w.org\/{rel}","templated":true}]}}