{"id":1494,"date":"2019-02-06T19:58:08","date_gmt":"2019-02-06T19:58:08","guid":{"rendered":"http:\/\/www.meridiangroup.rs\/?post_type=product&#038;p=1494"},"modified":"2025-07-28T09:39:05","modified_gmt":"2025-07-28T09:39:05","slug":"plasticna-gajba-300x400x230mm-zatvorene-stranice","status":"publish","type":"product","link":"http:\/\/www.meridiangroup.rs\/en\/proizvodi\/plasticna-gajba-300x400x230mm-zatvorene-stranice\/","title":{"rendered":"Plastic crates 300x400x235mm solid wall"},"content":{"rendered":"<p><a href=\"http:\/\/www.meridiangroup.rs\/en\/\">Meridian Group<\/a> nudi visoko kvalitetne plasti\u010dne gajbe. Osetljiva i lomljiva roba zahteva odgovaraju\u0107u plasti\u010dnu gajbu. \u0160tavi\u0161e, na\u0161i klijenti koriste plasti\u010dne gajbe za skladi\u0161tenje raznih vrsta roba. Tako\u0111er, klijenti koriste gajbe za prevoz sa jedne lokacije na drugu. Na\u0161e plasti\u010dne gajbe obezbe\u0111uju za\u0161titu skladi\u0161tene i transportne robe od \u0161tete ili lomljivosti. Ujedno, na\u0161e plasti\u010dne gajbe pojednostavljuju rukovanje robom.<\/p>\n<h2>What is the material of plastic crate?<\/h2>\n<p>U zavisnosti prema potrebi mi mo\u017eemo proizvesti na\u0161e gajbe od polipropilena (PP) ili Visoko Gustog Polietilena (HDPE). Na\u0161e plasti\u010dne gajbe mogu podneti razne temperature. Na\u0161i proizvodi su higijenski i nezaga\u0111uju\u0107i. Mi proizvodimo na\u0161e plasti\u010dne gajbe metodom ubrizgavanja kalupa. Kao rezultat toga na\u0161e plasti\u010dne gajbe su identi\u010dne jedna sa drugom. Zbog toga na\u0161e gajbe su unikatne. Unikatnost smanjuje efektivni tro\u0161ak u skladi\u0161tenju. Pravi zna\u010dajnu u\u0161tedu prostora u skladi\u0161tu. Jedan od sigurnih metoda prevoza robe je kori\u0161tenje plasti\u010dnih gajbi. Osigurava sigurnost distributivnog lanca.<\/p>\n<p>You can order our plastic crates according to your needs. We have wide range of color option. Moreover, our plastic boxes have two different type of base and wall. They are perforated and solid types. You can check out our products range for wide shape choice and size.<\/p>\n<h3>Benefits of plastic crate and containers;<\/h3>\n<ul>\n<li><a href=\"https:\/\/www.meridijangroup.com\/bs\/products\/\">Crates<\/a>\u00a0are lighter than wooden boxes.<\/li>\n<li>Plasti\u010dni kontejneri i gajbe su otporniji na vodu i vremenske uvete.<\/li>\n<li>You can easily stack onto the another one.<\/li>\n<li>They are environmentally friendly.So they are reusable.<\/li>\n<li>Plastic containers and crates are durable and stronger.<\/li>\n<li>They are identical same each other. As a result, you can use plastic crates with robot and assemble lines.<\/li>\n<li>Plastic boxes also reduces damage to goods as it keeps your products safe and secure.<\/li>\n<li>Mo\u017eete pratiti robu koja je sme\u0161tena u gajbama.<\/li>\n<\/ul>\n<p>&nbsp;<\/p>\n<p>Mi nudimo \u0161iroki dijapazon dizajna da ugodimo Va\u0161im raznim prohtevima.<\/p>","protected":false},"excerpt":{"rendered":"<p>300 x 400 x 235(h) mm Solid wall plastic crate<\/p>\n<p><strong>Model No : 3423-AK<\/strong><\/p>","protected":false},"featured_media":1483,"comment_status":"open","ping_status":"closed","template":"","meta":[],"product_brand":[],"product_cat":[1160,429,133],"product_tag":[146,147,140,597,138],"class_list":{"0":"post-1494","1":"product","2":"type-product","3":"status-publish","4":"has-post-thumbnail","6":"product_cat-300x400-mm-serije","7":"product_cat-gajbe-sa-otvorenom-prednjom-stranom","8":"product_cat-plasticne-gajbe","9":"product_tag-30-x-40-cm","10":"product_tag-300-x-400-mm","11":"product_tag-3423-ak","12":"product_tag-plasticna-gajba","13":"product_tag-plasticne-gajbe","14":"pa_opcija-boja-crna","15":"pa_opcija-boja-crvena","16":"pa_opcija-boja-plava","17":"pa_opcija-boja-siva","18":"pa_opcija-boja-zelena","19":"pa_opcija-boja-zuta","20":"pa_opcije-materijala-originalno-pp","21":"pa_opcije-materijala-reciklirano-pp","22":"pa_poklopac-bez-poklopca","23":"pa_poklopac-sa-poklopcem","24":"pa_unutrasnje-dimenzije-270-x-370-x-225-mm-2","26":"entry","27":"has-media","29":"first","30":"instock","31":"shipping-taxable","32":"purchasable","33":"product-type-variable","34":"has-product-nav","35":"col","36":"span_1_of_3","37":"owp-content-center","38":"owp-thumbs-layout-horizontal","39":"owp-btn-normal","40":"owp-tabs-layout-horizontal"},"_links":{"self":[{"href":"http:\/\/www.meridiangroup.rs\/en\/wp-json\/wp\/v2\/product\/1494","targetHints":{"allow":["GET"]}}],"collection":[{"href":"http:\/\/www.meridiangroup.rs\/en\/wp-json\/wp\/v2\/product"}],"about":[{"href":"http:\/\/www.meridiangroup.rs\/en\/wp-json\/wp\/v2\/types\/product"}],"replies":[{"embeddable":true,"href":"http:\/\/www.meridiangroup.rs\/en\/wp-json\/wp\/v2\/comments?post=1494"}],"version-history":[{"count":2,"href":"http:\/\/www.meridiangroup.rs\/en\/wp-json\/wp\/v2\/product\/1494\/revisions"}],"predecessor-version":[{"id":20644,"href":"http:\/\/www.meridiangroup.rs\/en\/wp-json\/wp\/v2\/product\/1494\/revisions\/20644"}],"wp:featuredmedia":[{"embeddable":true,"href":"http:\/\/www.meridiangroup.rs\/en\/wp-json\/wp\/v2\/media\/1483"}],"wp:attachment":[{"href":"http:\/\/www.meridiangroup.rs\/en\/wp-json\/wp\/v2\/media?parent=1494"}],"wp:term":[{"taxonomy":"product_brand","embeddable":true,"href":"http:\/\/www.meridiangroup.rs\/en\/wp-json\/wp\/v2\/product_brand?post=1494"},{"taxonomy":"product_cat","embeddable":true,"href":"http:\/\/www.meridiangroup.rs\/en\/wp-json\/wp\/v2\/product_cat?post=1494"},{"taxonomy":"product_tag","embeddable":true,"href":"http:\/\/www.meridiangroup.rs\/en\/wp-json\/wp\/v2\/product_tag?post=1494"}],"curies":[{"name":"wp","href":"https:\/\/api.w.org\/{rel}","templated":true}]}}