{"id":20171,"date":"2025-04-01T10:39:20","date_gmt":"2025-04-01T10:39:20","guid":{"rendered":"https:\/\/www.meridiangroup.rs\/?post_type=product&#038;p=20171"},"modified":"2025-04-01T12:52:35","modified_gmt":"2025-04-01T12:52:35","slug":"80-litara-plasticna-trgovacka-kolica","status":"publish","type":"product","link":"http:\/\/www.meridiangroup.rs\/en\/proizvodi\/80-litara-plasticna-trgovacka-kolica\/","title":{"rendered":"80 Litara Plasti\u010dna Trgova\u010dka Kolica"},"content":{"rendered":"<h3 class=\"\" data-start=\"393\" data-end=\"426\"><strong data-start=\"397\" data-end=\"424\">Klju\u010dne karakteristike:<\/strong><\/h3>\n<p class=\"\" data-start=\"427\" data-end=\"881\">\u2714\u00a0<strong data-start=\"429\" data-end=\"443\">Kapacitet:<\/strong>\u00a080 litara \u2013 idealno za svakodnevnu kupovinu.<br data-start=\"488\" data-end=\"491\" \/>\u2714\u00a0<strong data-start=\"493\" data-end=\"507\">Material:<\/strong>\u00a0Visokokvalitetna plastika i \u010dvrsti to\u010dkovi za glatko kretanje.<br data-start=\"570\" data-end=\"573\" \/>\u2714\u00a0<strong data-start=\"575\" data-end=\"593\">Lagani dizajn:<\/strong>\u00a0Lako rukovanje i tihi to\u010dkovi koji ne o\u0161te\u0107uju pod.<br data-start=\"645\" data-end=\"648\" \/>\u2714\u00a0<strong data-start=\"650\" data-end=\"680\">Vi\u0161e boja na raspolaganju:<\/strong>\u00a0Prilagodite kolica va\u0161em brendu ili interijeru trgovine.<br data-start=\"737\" data-end=\"740\" data-is-only-node=\"\" \/>\u2714\u00a0<strong data-start=\"742\" data-end=\"763\">Ergonomska ru\u010dka:<\/strong>\u00a0Omogu\u0107ava udoban i siguran grip.<br data-start=\"796\" data-end=\"799\" \/>\u2714\u00a0<strong data-start=\"801\" data-end=\"826\">Ventilirane stranice:<\/strong>\u00a0Moderno mre\u017easto ku\u0107i\u0161te za dugotrajnu izdr\u017eljivost.<\/p>\n<p class=\"\" data-start=\"883\" data-end=\"961\">\ud83d\uded2\u00a0<strong data-start=\"886\" data-end=\"903\">Dostupne boje<\/strong>: Crvena, plava, zelena, \u017euta, narand\u017easta, siva, antracit siva i crna.<\/p>\n<p class=\"\" data-start=\"963\" data-end=\"1131\">\ud83d\udc49\u00a0<strong data-start=\"966\" data-end=\"1018\">Savr\u0161en balans izme\u0111u funkcionalnosti i estetike<\/strong>\u00a0\u2013 ova kolica su\u00a0<strong data-start=\"1035\" data-end=\"1077\">ekolo\u0161ka alternativa metalnim modelima<\/strong>, pru\u017eaju\u0107i dugotrajnu upotrebu i atraktivan izgled.<\/p>\n<p class=\"\" data-start=\"1133\" data-end=\"1192\">\ud83d\udce6\u00a0<strong data-start=\"1136\" data-end=\"1153\">Brza isporuka<\/strong>\u00a0i mogu\u0107nost narud\u017ebe ve\u0107ih koli\u010dina.<\/p>","protected":false},"excerpt":{"rendered":"<p>Otkrijte\u00a0<strong data-start=\"127\" data-end=\"178\">plasti\u010dna trgova\u010dka kolica kapaciteta 80 litara<\/strong>, savr\u0161en izbor za supermarkete, maloprodajne objekte i trgovine svih veli\u010dina. Ova inovativna kolica kombinuju\u00a0<strong data-start=\"290\" data-end=\"344\">izdr\u017eljivost, laganu konstrukciju i moderan dizajn<\/strong>, osiguravaju\u0107i vrhunsko korisni\u010dko iskustvo.<\/p>","protected":false},"featured_media":20183,"comment_status":"open","ping_status":"closed","template":"","meta":[],"product_brand":[],"product_cat":[1138,1139],"product_tag":[],"class_list":{"0":"post-20171","1":"product","2":"type-product","3":"status-publish","4":"has-post-thumbnail","6":"product_cat-resenja-za-radnje","7":"product_cat-trgovacka-kolica","8":"pa_opcija-boja-antracit-siva","9":"pa_opcija-boja-crna","10":"pa_opcija-boja-crvena","11":"pa_opcija-boja-narandzasta","12":"pa_opcija-boja-plava","13":"pa_opcija-boja-siva","14":"pa_opcija-boja-zelena","15":"pa_opcija-boja-zuta","17":"entry","18":"has-media","20":"first","21":"instock","22":"shipping-taxable","23":"purchasable","24":"product-type-variable","25":"has-product-nav","26":"col","27":"span_1_of_3","28":"owp-content-center","29":"owp-thumbs-layout-horizontal","30":"owp-btn-normal","31":"owp-tabs-layout-horizontal","32":"has-no-thumbnails"},"_links":{"self":[{"href":"http:\/\/www.meridiangroup.rs\/en\/wp-json\/wp\/v2\/product\/20171","targetHints":{"allow":["GET"]}}],"collection":[{"href":"http:\/\/www.meridiangroup.rs\/en\/wp-json\/wp\/v2\/product"}],"about":[{"href":"http:\/\/www.meridiangroup.rs\/en\/wp-json\/wp\/v2\/types\/product"}],"replies":[{"embeddable":true,"href":"http:\/\/www.meridiangroup.rs\/en\/wp-json\/wp\/v2\/comments?post=20171"}],"version-history":[{"count":2,"href":"http:\/\/www.meridiangroup.rs\/en\/wp-json\/wp\/v2\/product\/20171\/revisions"}],"predecessor-version":[{"id":20234,"href":"http:\/\/www.meridiangroup.rs\/en\/wp-json\/wp\/v2\/product\/20171\/revisions\/20234"}],"wp:featuredmedia":[{"embeddable":true,"href":"http:\/\/www.meridiangroup.rs\/en\/wp-json\/wp\/v2\/media\/20183"}],"wp:attachment":[{"href":"http:\/\/www.meridiangroup.rs\/en\/wp-json\/wp\/v2\/media?parent=20171"}],"wp:term":[{"taxonomy":"product_brand","embeddable":true,"href":"http:\/\/www.meridiangroup.rs\/en\/wp-json\/wp\/v2\/product_brand?post=20171"},{"taxonomy":"product_cat","embeddable":true,"href":"http:\/\/www.meridiangroup.rs\/en\/wp-json\/wp\/v2\/product_cat?post=20171"},{"taxonomy":"product_tag","embeddable":true,"href":"http:\/\/www.meridiangroup.rs\/en\/wp-json\/wp\/v2\/product_tag?post=20171"}],"curies":[{"name":"wp","href":"https:\/\/api.w.org\/{rel}","templated":true}]}}