{"id":20189,"date":"2025-04-01T12:13:10","date_gmt":"2025-04-01T12:13:10","guid":{"rendered":"https:\/\/www.meridiangroup.rs\/?post_type=product&#038;p=20189"},"modified":"2025-04-01T12:21:56","modified_gmt":"2025-04-01T12:21:56","slug":"100-litara-plasticna-trgovacka-kolica","status":"publish","type":"product","link":"http:\/\/www.meridiangroup.rs\/en\/proizvodi\/100-litara-plasticna-trgovacka-kolica\/","title":{"rendered":"100 Liters Plastic Shopping Trolleys"},"content":{"rendered":"<p class=\"\" data-start=\"50\" data-end=\"122\"><strong data-start=\"50\" data-end=\"120\">100L Plasti\u010dna Kolica za Kupovinu \u2013 Lagana, Izdr\u017eljiva i Prakti\u010dna<\/strong><\/p>\n<p class=\"\" data-start=\"124\" data-end=\"638\">Na\u0161a\u00a0<strong data-start=\"129\" data-end=\"193\">100L plasti\u010dna kolica za supermarkete i maloprodajne objekte<\/strong>\u00a0dizajnirana su za\u00a0<strong data-start=\"212\" data-end=\"241\">udobnu i sigurnu upotrebu<\/strong>. Sa dimenzijama\u00a0<strong data-start=\"258\" data-end=\"305\">visina: 98 cm, \u0161irina: 86 cm, dubina: 58 cm<\/strong>\u00a0i nosivo\u0161\u0107u do\u00a0<strong data-start=\"321\" data-end=\"330\">90 kg<\/strong>, ova kolica pru\u017eaju\u00a0<strong data-start=\"351\" data-end=\"381\">prostranost i izdr\u017eljivost<\/strong>. Napravljena od visokokvalitetnog\u00a0<strong data-start=\"416\" data-end=\"464\">PP GFR30 materijala sa 30% staklenih vlakana<\/strong>, osiguravaju dug vek trajanja i otpornost na habanje. Ergonomska ru\u010dka i stabilni to\u010dkovi omogu\u0107avaju lako upravljanje, dok moderna mre\u017easta struktura olak\u0161ava \u010di\u0161\u0107enje.<\/p>\n<p class=\"\" data-start=\"640\" data-end=\"849\">\u2705\u00a0<strong data-start=\"642\" data-end=\"698\">Kapacitet od 100 litara \u2013 idealno za velike kupovine<\/strong><br data-start=\"698\" data-end=\"701\" \/>\u2705\u00a0<strong data-start=\"703\" data-end=\"747\">\u010cvrsta konstrukcija s nosivo\u0161\u0107u do 90 kg<\/strong><br data-start=\"747\" data-end=\"750\" \/>\u2705\u00a0<strong data-start=\"752\" data-end=\"810\">Lako kretanje zahvaljuju\u0107i visokokvalitetnim to\u010dkovima<\/strong><br data-start=\"810\" data-end=\"813\" \/>\u2705\u00a0<strong data-start=\"815\" data-end=\"847\">Dostupno u razli\u010ditim bojama<\/strong><\/p>\n<p class=\"\" data-start=\"851\" data-end=\"927\">\ud83d\udcbc\u00a0<strong data-start=\"854\" data-end=\"925\">Savr\u0161en izbor za supermarkete, tr\u017ene centre i maloprodajne objekte!<\/strong><\/p>","protected":false},"excerpt":{"rendered":"<p>100L plasti\u010dna kolica za kupovinu s nosivo\u0161\u0107u od 90 kg, ergonomskim dizajnom i stabilnim to\u010dkovima. Lagana, izdr\u017eljiva i dostupna u vi\u0161e boja. Idealna za supermarkete i maloprodajne objekte.<\/p>","protected":false},"featured_media":20194,"comment_status":"open","ping_status":"closed","template":"","meta":[],"product_brand":[],"product_cat":[1138,1139],"product_tag":[],"class_list":{"0":"post-20189","1":"product","2":"type-product","3":"status-publish","4":"has-post-thumbnail","6":"product_cat-resenja-za-radnje","7":"product_cat-trgovacka-kolica","8":"pa_opcija-boja-antracit-siva","9":"pa_opcija-boja-crna","10":"pa_opcija-boja-crvena","11":"pa_opcija-boja-narandzasta","12":"pa_opcija-boja-plava","13":"pa_opcija-boja-siva","14":"pa_opcija-boja-zelena","15":"pa_opcija-boja-zuta","17":"entry","18":"has-media","20":"first","21":"instock","22":"shipping-taxable","23":"purchasable","24":"product-type-variable","25":"has-product-nav","26":"col","27":"span_1_of_3","28":"owp-content-center","29":"owp-thumbs-layout-horizontal","30":"owp-btn-normal","31":"owp-tabs-layout-horizontal","32":"has-no-thumbnails"},"_links":{"self":[{"href":"http:\/\/www.meridiangroup.rs\/en\/wp-json\/wp\/v2\/product\/20189","targetHints":{"allow":["GET"]}}],"collection":[{"href":"http:\/\/www.meridiangroup.rs\/en\/wp-json\/wp\/v2\/product"}],"about":[{"href":"http:\/\/www.meridiangroup.rs\/en\/wp-json\/wp\/v2\/types\/product"}],"replies":[{"embeddable":true,"href":"http:\/\/www.meridiangroup.rs\/en\/wp-json\/wp\/v2\/comments?post=20189"}],"version-history":[{"count":1,"href":"http:\/\/www.meridiangroup.rs\/en\/wp-json\/wp\/v2\/product\/20189\/revisions"}],"predecessor-version":[{"id":20190,"href":"http:\/\/www.meridiangroup.rs\/en\/wp-json\/wp\/v2\/product\/20189\/revisions\/20190"}],"wp:featuredmedia":[{"embeddable":true,"href":"http:\/\/www.meridiangroup.rs\/en\/wp-json\/wp\/v2\/media\/20194"}],"wp:attachment":[{"href":"http:\/\/www.meridiangroup.rs\/en\/wp-json\/wp\/v2\/media?parent=20189"}],"wp:term":[{"taxonomy":"product_brand","embeddable":true,"href":"http:\/\/www.meridiangroup.rs\/en\/wp-json\/wp\/v2\/product_brand?post=20189"},{"taxonomy":"product_cat","embeddable":true,"href":"http:\/\/www.meridiangroup.rs\/en\/wp-json\/wp\/v2\/product_cat?post=20189"},{"taxonomy":"product_tag","embeddable":true,"href":"http:\/\/www.meridiangroup.rs\/en\/wp-json\/wp\/v2\/product_tag?post=20189"}],"curies":[{"name":"wp","href":"https:\/\/api.w.org\/{rel}","templated":true}]}}