{"id":20207,"date":"2025-04-01T12:27:11","date_gmt":"2025-04-01T12:27:11","guid":{"rendered":"https:\/\/www.meridiangroup.rs\/?post_type=product&#038;p=20207"},"modified":"2025-04-01T12:38:47","modified_gmt":"2025-04-01T12:38:47","slug":"130-litara-plasticna-trgovacka-kolica","status":"publish","type":"product","link":"http:\/\/www.meridiangroup.rs\/en\/proizvodi\/130-litara-plasticna-trgovacka-kolica\/","title":{"rendered":"130 Litara Plasti\u010dna Trgova\u010dka Kolica"},"content":{"rendered":"<p class=\"\" data-start=\"354\" data-end=\"616\">\ud83d\udd39\u00a0<strong data-start=\"357\" data-end=\"370\">Kapacitet<\/strong>: 130 litara<br data-start=\"476\" data-end=\"479\" \/>\ud83d\udd39\u00a0<strong data-start=\"482\" data-end=\"495\">Materijal<\/strong>: PP GFR30 (polipropilen oja\u010dan staklenim vlaknima)<br data-start=\"546\" data-end=\"549\" \/>\ud83d\udd39\u00a0<strong data-start=\"552\" data-end=\"563\">To\u010dkovi<\/strong>: Tihi, visokokvalitetni to\u010dkovi za lagano kretanje<\/p>\n<p class=\"\" data-start=\"618\" data-end=\"785\">Dostupna u \u0161irokom spektru boja, uklju\u010duju\u0107i\u00a0<strong data-start=\"663\" data-end=\"735\">\u017eutu, narand\u017eastu, sivu, crnu, antracit sivu, zelenu, crvenu i plavu<\/strong>, uz mogu\u0107nost prilago\u0111enih nijansi po narud\u017ebi.<\/p>\n<p class=\"\" data-start=\"787\" data-end=\"1012\">\u2705\u00a0<strong data-start=\"789\" data-end=\"830\">Za\u0161to odabrati na\u0161a plasti\u010dna kolica?<\/strong><br data-start=\"830\" data-end=\"833\" \/>\u2714 Manja te\u017eina u pore\u0111enju s metalnim kolicima<br data-start=\"879\" data-end=\"882\" \/>\u2714 Otpornost na r\u0111u i koroziju<br data-start=\"911\" data-end=\"914\" \/>\u2714 Ergonomski dizajn za udobno kori\u0161tenje<br data-start=\"954\" data-end=\"957\" \/>\u2714 Prilagodljivost u boji prema potrebama va\u0161eg brenda<\/p>\n<p class=\"\" data-start=\"1014\" data-end=\"1227\">Savr\u0161ena za\u00a0<strong data-start=\"1026\" data-end=\"1097\">supermarkete, hipermarkete, trgovine na malo i veleprodajne objekte<\/strong>. Ulo\u017eite u\u00a0<strong data-start=\"1109\" data-end=\"1171\">kvalitetna, dugotrajna i vizuelno privla\u010dna kupovna kolica<\/strong> koja \u0107e unaprediti do\u017eivljaj kupovine va\u0161ih kupaca!<\/p>\n<p class=\"\" data-start=\"1229\" data-end=\"1295\">\ud83d\udce9 Kontaktirajte nas za vi\u0161e informacija ili prilago\u0111ene narud\u017ebe.<\/p>","protected":false},"excerpt":{"rendered":"<p>Pobolj\u0161ajte iskustvo kupovine u va\u0161oj trgovini s na\u0161im\u00a0<strong data-start=\"124\" data-end=\"159\">130L plasti\u010dnim market kolicima<\/strong>, dizajniranim za maksimalnu funkcionalnost i izdr\u017eljivost. Ova moderna kolica kombiniraju\u00a0<strong data-start=\"250\" data-end=\"285\">laganu, ali \u010dvrstu konstrukciju<\/strong>\u00a0s ergonomskim dizajnom, olak\u0161avaju\u0107i manevrisanje po prodavnici.<\/p>","protected":false},"featured_media":20219,"comment_status":"open","ping_status":"closed","template":"","meta":[],"product_brand":[],"product_cat":[1138,1139],"product_tag":[],"class_list":{"0":"post-20207","1":"product","2":"type-product","3":"status-publish","4":"has-post-thumbnail","6":"product_cat-resenja-za-radnje","7":"product_cat-trgovacka-kolica","8":"pa_opcija-boja-antracit-siva","9":"pa_opcija-boja-crna","10":"pa_opcija-boja-crvena","11":"pa_opcija-boja-narandzasta","12":"pa_opcija-boja-plava","13":"pa_opcija-boja-siva","14":"pa_opcija-boja-zelena","15":"pa_opcija-boja-zuta","17":"entry","18":"has-media","20":"first","21":"instock","22":"shipping-taxable","23":"purchasable","24":"product-type-variable","25":"has-product-nav","26":"col","27":"span_1_of_3","28":"owp-content-center","29":"owp-thumbs-layout-horizontal","30":"owp-btn-normal","31":"owp-tabs-layout-horizontal","32":"has-no-thumbnails"},"_links":{"self":[{"href":"http:\/\/www.meridiangroup.rs\/en\/wp-json\/wp\/v2\/product\/20207","targetHints":{"allow":["GET"]}}],"collection":[{"href":"http:\/\/www.meridiangroup.rs\/en\/wp-json\/wp\/v2\/product"}],"about":[{"href":"http:\/\/www.meridiangroup.rs\/en\/wp-json\/wp\/v2\/types\/product"}],"replies":[{"embeddable":true,"href":"http:\/\/www.meridiangroup.rs\/en\/wp-json\/wp\/v2\/comments?post=20207"}],"version-history":[{"count":1,"href":"http:\/\/www.meridiangroup.rs\/en\/wp-json\/wp\/v2\/product\/20207\/revisions"}],"predecessor-version":[{"id":20208,"href":"http:\/\/www.meridiangroup.rs\/en\/wp-json\/wp\/v2\/product\/20207\/revisions\/20208"}],"wp:featuredmedia":[{"embeddable":true,"href":"http:\/\/www.meridiangroup.rs\/en\/wp-json\/wp\/v2\/media\/20219"}],"wp:attachment":[{"href":"http:\/\/www.meridiangroup.rs\/en\/wp-json\/wp\/v2\/media?parent=20207"}],"wp:term":[{"taxonomy":"product_brand","embeddable":true,"href":"http:\/\/www.meridiangroup.rs\/en\/wp-json\/wp\/v2\/product_brand?post=20207"},{"taxonomy":"product_cat","embeddable":true,"href":"http:\/\/www.meridiangroup.rs\/en\/wp-json\/wp\/v2\/product_cat?post=20207"},{"taxonomy":"product_tag","embeddable":true,"href":"http:\/\/www.meridiangroup.rs\/en\/wp-json\/wp\/v2\/product_tag?post=20207"}],"curies":[{"name":"wp","href":"https:\/\/api.w.org\/{rel}","templated":true}]}}