{"id":20254,"date":"2025-04-01T13:19:16","date_gmt":"2025-04-01T13:19:16","guid":{"rendered":"https:\/\/www.meridiangroup.rs\/?post_type=product&#038;p=20254"},"modified":"2025-04-01T13:27:23","modified_gmt":"2025-04-01T13:27:23","slug":"150-litara-plasticna-trgovacka-kolica","status":"publish","type":"product","link":"http:\/\/www.meridiangroup.rs\/en\/proizvodi\/150-litara-plasticna-trgovacka-kolica\/","title":{"rendered":"150 Litara plasti\u010dna trgova\u010dka kolica"},"content":{"rendered":"<p class=\"\" data-start=\"297\" data-end=\"528\">\ud83d\udd39\u00a0<strong data-start=\"428\" data-end=\"441\" data-is-only-node=\"\">Materijal<\/strong>: PP GFR30 (oja\u010dani polipropilen)<\/p>\n<p class=\"\" data-start=\"297\" data-end=\"528\">\ud83d\udd39<strong>Dubina<\/strong>: 68 cm<\/p>\n<p class=\"\" data-start=\"297\" data-end=\"528\"><strong>\ud83d\udd39Nosivost<\/strong>: 130 kg<\/p>\n<p class=\"\" data-start=\"297\" data-end=\"528\">\ud83d\udd39\u00a0<strong data-start=\"480\" data-end=\"496\">Tihi to\u010dkovi<\/strong>\u00a0za lagano i stabilno kretanje<\/p>\n<p class=\"\" data-start=\"530\" data-end=\"857\">\u2705\u00a0<strong data-start=\"532\" data-end=\"570\">Prednosti na\u0161ih plasti\u010dnih kolica:<\/strong><br data-start=\"570\" data-end=\"573\" \/>\u2714 Ve\u0107i kapacitet za udobniju kupovinu<br data-start=\"610\" data-end=\"613\" \/>\u2714 Lak\u0161a i otpornija alternativa metalnim kolicima<br data-start=\"662\" data-end=\"665\" \/>\u2714 Ergonomska ru\u010dka za lak\u0161e guranje<br data-start=\"700\" data-end=\"703\" \/>\u2714 Otporna na r\u0111u i habanje<br data-start=\"729\" data-end=\"732\" \/>\u2714 Prilagodljive boje \u2013 standardne opcije uklju\u010duju\u00a0<strong data-start=\"783\" data-end=\"855\">\u017eutu, narand\u017eastu, sivu, crnu, antracit sivu, zelenu, crvenu i plavu<\/strong><\/p>\n<p class=\"\" data-start=\"859\" data-end=\"919\">Savr\u0161ena za supermarkete, hipermarkete i trgova\u010dke centre!<\/p>\n<p class=\"\" data-start=\"921\" data-end=\"991\">\ud83d\udce9 Kontaktirajte nas za vi\u0161e informacija i personalizovane narud\u017ebe.<\/p>","protected":false},"excerpt":{"rendered":"<p>Pove\u0107ajte funkcionalnost va\u0161e trgovine uz\u00a0<strong data-start=\"115\" data-end=\"147\">150L plasti\u010dna market kolica<\/strong>! Ova moderna kolica pru\u017eaju ve\u0107u zapreminu i vrhunsku izdr\u017eljivost zahvaljuju\u0107i konstrukciji od\u00a0<strong data-start=\"244\" data-end=\"292\">oja\u010danog polipropilena sa staklenim vlaknima<\/strong>.<\/p>","protected":false},"featured_media":20271,"comment_status":"open","ping_status":"closed","template":"","meta":[],"product_brand":[],"product_cat":[1138,1139],"product_tag":[],"class_list":{"0":"post-20254","1":"product","2":"type-product","3":"status-publish","4":"has-post-thumbnail","6":"product_cat-resenja-za-radnje","7":"product_cat-trgovacka-kolica","8":"pa_opcija-boja-crna","9":"pa_opcija-boja-crvena","10":"pa_opcija-boja-narandzasta","11":"pa_opcija-boja-plava","12":"pa_opcija-boja-siva","13":"pa_opcija-boja-zelena","14":"pa_opcija-boja-zuta","16":"entry","17":"has-media","19":"first","20":"instock","21":"shipping-taxable","22":"purchasable","23":"product-type-variable","24":"has-product-nav","25":"col","26":"span_1_of_3","27":"owp-content-center","28":"owp-thumbs-layout-horizontal","29":"owp-btn-normal","30":"owp-tabs-layout-horizontal","31":"has-no-thumbnails"},"_links":{"self":[{"href":"http:\/\/www.meridiangroup.rs\/en\/wp-json\/wp\/v2\/product\/20254","targetHints":{"allow":["GET"]}}],"collection":[{"href":"http:\/\/www.meridiangroup.rs\/en\/wp-json\/wp\/v2\/product"}],"about":[{"href":"http:\/\/www.meridiangroup.rs\/en\/wp-json\/wp\/v2\/types\/product"}],"replies":[{"embeddable":true,"href":"http:\/\/www.meridiangroup.rs\/en\/wp-json\/wp\/v2\/comments?post=20254"}],"version-history":[{"count":3,"href":"http:\/\/www.meridiangroup.rs\/en\/wp-json\/wp\/v2\/product\/20254\/revisions"}],"predecessor-version":[{"id":20258,"href":"http:\/\/www.meridiangroup.rs\/en\/wp-json\/wp\/v2\/product\/20254\/revisions\/20258"}],"wp:featuredmedia":[{"embeddable":true,"href":"http:\/\/www.meridiangroup.rs\/en\/wp-json\/wp\/v2\/media\/20271"}],"wp:attachment":[{"href":"http:\/\/www.meridiangroup.rs\/en\/wp-json\/wp\/v2\/media?parent=20254"}],"wp:term":[{"taxonomy":"product_brand","embeddable":true,"href":"http:\/\/www.meridiangroup.rs\/en\/wp-json\/wp\/v2\/product_brand?post=20254"},{"taxonomy":"product_cat","embeddable":true,"href":"http:\/\/www.meridiangroup.rs\/en\/wp-json\/wp\/v2\/product_cat?post=20254"},{"taxonomy":"product_tag","embeddable":true,"href":"http:\/\/www.meridiangroup.rs\/en\/wp-json\/wp\/v2\/product_tag?post=20254"}],"curies":[{"name":"wp","href":"https:\/\/api.w.org\/{rel}","templated":true}]}}