{"id":20255,"date":"2025-04-01T13:58:14","date_gmt":"2025-04-01T13:58:14","guid":{"rendered":"https:\/\/www.meridiangroup.rs\/?post_type=product&#038;p=20255"},"modified":"2025-04-01T14:04:15","modified_gmt":"2025-04-01T14:04:15","slug":"7-litara-trgovacka-korpa","status":"publish","type":"product","link":"http:\/\/www.meridiangroup.rs\/en\/proizvodi\/7-litara-trgovacka-korpa\/","title":{"rendered":"7 Liter Shopping Basket"},"content":{"rendered":"<p data-sourcepos=\"13:1-13:420\">Unaprijedite iskustvo kupovine u va\u0161oj trgovini s na\u0161om\u00a0<strong>7-litarskom plasti\u010dnom trgova\u010dkom korpom<\/strong>. Dostupna u\u00a0<strong>\u0161irokom spektru od 9 primamljivih boja<\/strong>, ove korpe su prakti\u010dan i atraktivan dodatak va\u0161em maloprodajnom prostoru. Izra\u0111ene od visokokvalitetne plastike, ove trgova\u010dke korpe su\u00a0<strong>izuzetno lagane<\/strong>, ali istovremeno\u00a0<strong>\u010dvrste i izdr\u017eljive<\/strong>, dizajnirane da izdr\u017ee svakodnevnu upotrebu u prometnom okru\u017eenju.<\/p>\n<p data-sourcepos=\"15:1-15:199\">Sa svojim\u00a0<strong>optimalnim kapacitetom od 7 litara<\/strong>, ove korpe su savr\u0161ene za kupce koji obavljaju manje kupovine ili prikupljaju nekoliko artikala. Njihove klju\u010dne prednosti za va\u0161u trgovinu uklju\u010duju:<\/p>\n<ul data-sourcepos=\"17:1-22:0\">\n<li data-sourcepos=\"17:1-17:116\"><strong>Pobolj\u0161ano iskustvo kupovine:<\/strong>\u00a0Omogu\u0107uju kupcima da lako nose \u017eeljene proizvode dok pregledavaju va\u0161 asortiman.<\/li>\n<li data-sourcepos=\"18:1-18:116\"><strong>Pove\u0107ana prose\u010dna vrijednost kupovine:<\/strong> Kupci \u0107e verovatnije kupiti vi\u0161e artikala kada imaju prakti\u010dnu korpu.<\/li>\n<li data-sourcepos=\"19:1-19:108\"><strong>Organizacija trgovine:<\/strong> Dostupnost u 9 boja mo\u017ee pomo\u0107i u organizaciji razli\u010ditih odela ili promocija.<\/li>\n<li data-sourcepos=\"20:1-20:85\"><strong>Lako odr\u017eavanje:<\/strong> Glatka plasti\u010dna povr\u0161ina se lako \u010disti i odr\u017eava higijenskom.<\/li>\n<li data-sourcepos=\"21:1-22:0\"><strong>Dugotrajnost:<\/strong> Izdr\u017eljivi materijali osiguravaju dug vek trajanja, smanjuju\u0107i potrebu za \u010destim zamenama.<\/li>\n<\/ul>\n<p data-sourcepos=\"23:1-23:223\">Njena\u00a0<strong>ergonomski dizajnirana ru\u010dka<\/strong>\u00a0osigurava udobno no\u0161enje za va\u0161e kupce. Kompaktne dimenzije omogu\u0107uju lako slaganje i skladi\u0161tenje korpi kada nisu u upotrebi, \u0161tede\u0107i prostor u va\u0161em skladi\u0161tu ili prodajnom prostoru.<\/p>","protected":false},"excerpt":{"rendered":"<p>Prakti\u010dna 7L plasti\u010dna korpa dostupna u \u010dak 9 atraktivnih boja. Lagana, izdr\u017eljiva i idealna za organizaciju, manje kupovine ili preno\u0161enje raznih predmeta. Odaberite svoju omiljenu nijansu!<\/p>","protected":false},"featured_media":20307,"comment_status":"open","ping_status":"closed","template":"","meta":[],"product_brand":[],"product_cat":[1138,1141],"product_tag":[],"class_list":{"0":"post-20255","1":"product","2":"type-product","3":"status-publish","4":"has-post-thumbnail","6":"product_cat-resenja-za-radnje","7":"product_cat-trgovacke-korpe","8":"pa_opcija-boja-crna","9":"pa_opcija-boja-crvena","10":"pa_opcija-boja-ljubicasta","11":"pa_opcija-boja-narandzasta","12":"pa_opcija-boja-plava","13":"pa_opcija-boja-siva","14":"pa_opcija-boja-zelena","15":"pa_opcija-boja-zuta","17":"entry","18":"has-media","20":"first","21":"instock","22":"shipping-taxable","23":"purchasable","24":"product-type-variable","25":"has-product-nav","26":"col","27":"span_1_of_3","28":"owp-content-center","29":"owp-thumbs-layout-horizontal","30":"owp-btn-normal","31":"owp-tabs-layout-horizontal","32":"has-no-thumbnails"},"_links":{"self":[{"href":"http:\/\/www.meridiangroup.rs\/en\/wp-json\/wp\/v2\/product\/20255","targetHints":{"allow":["GET"]}}],"collection":[{"href":"http:\/\/www.meridiangroup.rs\/en\/wp-json\/wp\/v2\/product"}],"about":[{"href":"http:\/\/www.meridiangroup.rs\/en\/wp-json\/wp\/v2\/types\/product"}],"replies":[{"embeddable":true,"href":"http:\/\/www.meridiangroup.rs\/en\/wp-json\/wp\/v2\/comments?post=20255"}],"version-history":[{"count":1,"href":"http:\/\/www.meridiangroup.rs\/en\/wp-json\/wp\/v2\/product\/20255\/revisions"}],"predecessor-version":[{"id":20291,"href":"http:\/\/www.meridiangroup.rs\/en\/wp-json\/wp\/v2\/product\/20255\/revisions\/20291"}],"wp:featuredmedia":[{"embeddable":true,"href":"http:\/\/www.meridiangroup.rs\/en\/wp-json\/wp\/v2\/media\/20307"}],"wp:attachment":[{"href":"http:\/\/www.meridiangroup.rs\/en\/wp-json\/wp\/v2\/media?parent=20255"}],"wp:term":[{"taxonomy":"product_brand","embeddable":true,"href":"http:\/\/www.meridiangroup.rs\/en\/wp-json\/wp\/v2\/product_brand?post=20255"},{"taxonomy":"product_cat","embeddable":true,"href":"http:\/\/www.meridiangroup.rs\/en\/wp-json\/wp\/v2\/product_cat?post=20255"},{"taxonomy":"product_tag","embeddable":true,"href":"http:\/\/www.meridiangroup.rs\/en\/wp-json\/wp\/v2\/product_tag?post=20255"}],"curies":[{"name":"wp","href":"https:\/\/api.w.org\/{rel}","templated":true}]}}