{"id":20308,"date":"2025-04-01T14:06:32","date_gmt":"2025-04-01T14:06:32","guid":{"rendered":"https:\/\/www.meridiangroup.rs\/?post_type=product&#038;p=20308"},"modified":"2025-04-01T14:13:33","modified_gmt":"2025-04-01T14:13:33","slug":"35-litara-plasticna-trgovacka-korpa","status":"publish","type":"product","link":"http:\/\/www.meridiangroup.rs\/en\/proizvodi\/35-litara-plasticna-trgovacka-korpa\/","title":{"rendered":"35 Litara plasti\u010dna trgova\u010dka korpa"},"content":{"rendered":"<p data-sourcepos=\"13:1-13:269\">Olak\u0161ajte svoje brze kupovine s na\u0161om\u00a0<strong>35-litarskom plasti\u010dnom korpom za kupovinu<\/strong>. Izra\u0111ena od visokokvalitetnog\u00a0<strong>PP GFR30 materijala (polipropilen s 30% staklenih vlakana)<\/strong>, ova lagana (te\u017eine\u00a0<strong>1,42 kg<\/strong>) ali \u010dvrsta korpa idealan je pomo\u0107nik za svaku trgovinu.<\/p>\n<p data-sourcepos=\"15:1-15:211\">Dizajnirana za prakti\u010dnost, ova\u00a0<strong>plasti\u010dna korpa<\/strong>\u00a0ima optimalne dimenzije:\u00a0<strong>\u0161irina 52,5 cm, visina 27,5 cm i du\u017eina 34,5 cm<\/strong>. Ergonomski dizajnirana ru\u010dka osigurava udobno no\u0161enje \u010dak i kada je ko\u0161ara puna.<\/p>\n<p data-sourcepos=\"17:1-17:140\">Na\u0161a\u00a0<strong>plasti\u010dna korpa za kupovinu<\/strong> je izdr\u017eljiva i laka za \u010di\u0161\u0107enje, \u0161to je \u010dini dugotrajnim re\u0161enjem za va\u0161e potrebe prilikom kupovine.<\/p>\n<p data-sourcepos=\"19:1-19:20\"><strong>Glavne zna\u010dajke:<\/strong><\/p>\n<ul data-sourcepos=\"21:1-28:0\">\n<li data-sourcepos=\"21:1-21:26\"><strong>Kapacitet:<\/strong>\u00a035 litara<\/li>\n<li data-sourcepos=\"22:1-22:82\"><strong>Material:<\/strong>\u00a0Visokokvalitetni PP GFR30 (30% staklenih vlakana) za izdr\u017eljivost<\/li>\n<li data-sourcepos=\"23:1-23:63\"><strong>Dimension:<\/strong>\u00a0\u0160irina 31 cm, Visina 34 cm, Du\u017eina 51 cm<\/li>\n<li data-sourcepos=\"24:1-24:29\"><strong>Weight:<\/strong>\u00a0Laganih 1,42 kg<\/li>\n<li data-sourcepos=\"25:1-25:40\"><strong>Prakti\u010dna ru\u010dka:<\/strong>\u00a0Za udobno no\u0161enje<\/li>\n<li data-sourcepos=\"26:1-26:35\"><strong>Izdr\u017eljiva i laka za \u010di\u0161\u0107enje<\/strong><\/li>\n<li data-sourcepos=\"27:1-28:0\"><strong>Idealno za:<\/strong>\u00a0Brze kupovine, trgovine, supermarkete<\/li>\n<\/ul>\n<p data-sourcepos=\"29:1-29:97\">U\u010dinite svoje kupovine jednostavnijim i ugodnijim s na\u0161om\u00a0<strong>35L plasti\u010dnom korpom za kupovinu<\/strong>!<\/p>","protected":false},"excerpt":{"rendered":"<p>Lagana i izdr\u017eljiva 35L plasti\u010dna ko\u0161ara za kupovinu. Idealna za brze kupovine s prakti\u010dnim dimenzijama i \u010dvrstom ru\u010dkom. Izra\u0111ena od kvalitetnog PP GFR30 materijala.<\/p>","protected":false},"featured_media":20324,"comment_status":"open","ping_status":"closed","template":"","meta":[],"product_brand":[],"product_cat":[1138,1141],"product_tag":[],"class_list":{"0":"post-20308","1":"product","2":"type-product","3":"status-publish","4":"has-post-thumbnail","6":"product_cat-resenja-za-radnje","7":"product_cat-trgovacke-korpe","8":"pa_opcija-boja-antracit-siva","9":"pa_opcija-boja-crna","10":"pa_opcija-boja-crvena","11":"pa_opcija-boja-narandzasta","12":"pa_opcija-boja-plava","13":"pa_opcija-boja-siva","14":"pa_opcija-boja-zelena","15":"pa_opcija-boja-zuta","17":"entry","18":"has-media","20":"first","21":"instock","22":"shipping-taxable","23":"purchasable","24":"product-type-variable","25":"has-product-nav","26":"col","27":"span_1_of_3","28":"owp-content-center","29":"owp-thumbs-layout-horizontal","30":"owp-btn-normal","31":"owp-tabs-layout-horizontal","32":"has-no-thumbnails"},"_links":{"self":[{"href":"http:\/\/www.meridiangroup.rs\/en\/wp-json\/wp\/v2\/product\/20308","targetHints":{"allow":["GET"]}}],"collection":[{"href":"http:\/\/www.meridiangroup.rs\/en\/wp-json\/wp\/v2\/product"}],"about":[{"href":"http:\/\/www.meridiangroup.rs\/en\/wp-json\/wp\/v2\/types\/product"}],"replies":[{"embeddable":true,"href":"http:\/\/www.meridiangroup.rs\/en\/wp-json\/wp\/v2\/comments?post=20308"}],"version-history":[{"count":2,"href":"http:\/\/www.meridiangroup.rs\/en\/wp-json\/wp\/v2\/product\/20308\/revisions"}],"predecessor-version":[{"id":20327,"href":"http:\/\/www.meridiangroup.rs\/en\/wp-json\/wp\/v2\/product\/20308\/revisions\/20327"}],"wp:featuredmedia":[{"embeddable":true,"href":"http:\/\/www.meridiangroup.rs\/en\/wp-json\/wp\/v2\/media\/20324"}],"wp:attachment":[{"href":"http:\/\/www.meridiangroup.rs\/en\/wp-json\/wp\/v2\/media?parent=20308"}],"wp:term":[{"taxonomy":"product_brand","embeddable":true,"href":"http:\/\/www.meridiangroup.rs\/en\/wp-json\/wp\/v2\/product_brand?post=20308"},{"taxonomy":"product_cat","embeddable":true,"href":"http:\/\/www.meridiangroup.rs\/en\/wp-json\/wp\/v2\/product_cat?post=20308"},{"taxonomy":"product_tag","embeddable":true,"href":"http:\/\/www.meridiangroup.rs\/en\/wp-json\/wp\/v2\/product_tag?post=20308"}],"curies":[{"name":"wp","href":"https:\/\/api.w.org\/{rel}","templated":true}]}}