{"id":20331,"date":"2025-04-01T14:29:33","date_gmt":"2025-04-01T14:29:33","guid":{"rendered":"https:\/\/www.meridiangroup.rs\/?post_type=product&#038;p=20331"},"modified":"2025-04-02T07:09:35","modified_gmt":"2025-04-02T07:09:35","slug":"plasticni-stalak-za-trgovacke-korpe-sa-tockicima","status":"publish","type":"product","link":"http:\/\/www.meridiangroup.rs\/en\/proizvodi\/plasticni-stalak-za-trgovacke-korpe-sa-tockicima\/","title":{"rendered":"Plasti\u010dni stalak za trgova\u010dke korpe sa to\u010dki\u0107ima"},"content":{"rendered":"<div class=\"woocommerce-product-details__short-description\">\n<article class=\"w-full text-token-text-primary\" dir=\"auto\" data-testid=\"conversation-turn-58\" data-scroll-anchor=\"true\">\n<div class=\"text-base my-auto mx-auto py-5 px-6\">\n<div class=\"mx-auto flex flex-1 text-base gap-4 md:gap-5 lg:gap-6 md:max-w-3xl lg:max-w-[40rem] xl:max-w-[48rem] group\/turn-messages focus-visible:outline-none\" tabindex=\"-1\">\n<div class=\"group\/conversation-turn relative flex w-full min-w-0 flex-col agent-turn @xs\/thread:px-0 @sm\/thread:px-1.5 @md\/thread:px-4\">\n<div class=\"relative flex-col gap-1 md:gap-3\">\n<div class=\"flex max-w-full flex-col flex-grow\">\n<div class=\"min-h-8 text-message relative flex w-full flex-col items-end gap-2 whitespace-normal break-words text-start [.text-message+&amp;]:mt-5\" dir=\"auto\" data-message-author-role=\"assistant\" data-message-id=\"66a63298-ddfd-4e68-ad75-4913ce015d54\" data-message-model-slug=\"gpt-4o\">\n<div class=\"flex w-full flex-col gap-1 empty:hidden first:pt-[3px]\">\n<div class=\"markdown prose w-full break-words dark:prose-invert light\">\n<p class=\"\" data-start=\"1170\" data-end=\"1355\">Dvostruki plasti\u010dni stalak za korpe sa kapacitetom od 35L + 35L, kompaktnog dizajna i to\u010dkovima za lako kretanje. Savr\u0161en za efikasno i organizovano iskustvo kupovine u maloprodaji.<\/p>\n<\/div>\n<\/div>\n<\/div>\n<\/div>\n<div class=\"flex justify-start\"><\/div>\n<div class=\"mt-3 w-full empty:hidden\">\n<div class=\"text-center\"><\/div>\n<\/div>\n<\/div>\n<div class=\"absolute\">\n<div class=\"flex items-center justify-center\"><\/div>\n<\/div>\n<\/div>\n<\/div>\n<\/div>\n<\/article>\n<div class=\"pointer-events-none h-px w-px\" aria-hidden=\"true\" data-edge=\"true\"><\/div>\n<\/div>\n<div class=\"product_meta\"><\/div>\n","protected":false},"excerpt":{"rendered":"<p class=\"\" data-start=\"50\" data-end=\"137\"><strong data-start=\"50\" data-end=\"135\">Dvostruki Plasti\u010dni Stalak za Korpe sa To\u010dkovima \u2013 Kompaktno i Prakti\u010dno Re\u0161enje<\/strong><\/p>\n<p class=\"\" data-start=\"139\" data-end=\"716\">Na\u0161\u00a0<strong data-start=\"143\" data-end=\"195\">dvostruki plasti\u010dni stalak za korpe sa to\u010dkovima<\/strong>\u00a0nudi\u00a0<strong data-start=\"201\" data-end=\"226\">efikasnost i udobnost<\/strong>\u00a0za kupce u supermarketima i maloprodajnim objektima. Sa dimenzijama\u00a0<strong data-start=\"295\" data-end=\"342\">visina: 95 cm, \u0161irina: 60 cm, du\u017eina: 60 cm<\/strong>, ovaj model omogu\u0107ava\u00a0<strong data-start=\"365\" data-end=\"415\">jednostavno organizovanje i transport kupovine<\/strong>. Kapacitet od\u00a0<strong data-start=\"430\" data-end=\"443\">35L + 35L<\/strong>\u00a0pru\u017ea dovoljno prostora za razli\u010dite vrste proizvoda. Lagana, ali\u00a0<strong data-start=\"510\" data-end=\"533\">\u010dvrsta konstrukcija<\/strong>\u00a0od\u00a0<strong data-start=\"537\" data-end=\"585\">PP GFR30 materijala sa 30% staklenih vlakana<\/strong>\u00a0osigurava dugotrajnost i otpornost na habanje. Integrisani\u00a0<strong data-start=\"645\" data-end=\"686\">to\u010dkovi omogu\u0107avaju lako manevrisanje<\/strong>, \u010dine\u0107i kupovinu ugodnijom.<\/p>\n<p class=\"\" data-start=\"718\" data-end=\"952\">\u2705\u00a0<strong data-start=\"720\" data-end=\"775\">Dvije korpe \u2013 organizovanija i prakti\u010dnija kupovina<\/strong><br data-start=\"775\" data-end=\"778\" \/>\u2705\u00a0<strong data-start=\"780\" data-end=\"830\">Dimenzije prilago\u0111ene maloprodajnim prostorima<\/strong><br data-start=\"830\" data-end=\"833\" \/>\u2705\u00a0<strong data-start=\"835\" data-end=\"891\">Stabilan dizajn sa laganim i izdr\u017eljivim materijalom<\/strong><br data-start=\"891\" data-end=\"894\" \/>\u2705\u00a0<strong data-start=\"896\" data-end=\"950\">Lako pokretanje zahvaljuju\u0107i kvalitetnim to\u010dkovima<\/strong><\/p>\n<p class=\"\" data-start=\"954\" data-end=\"1024\">\ud83d\udcbc\u00a0<strong data-start=\"957\" data-end=\"1022\">Idealno za supermarkete, tr\u017ene centre i maloprodajne objekte!<\/strong><\/p>","protected":false},"featured_media":20329,"comment_status":"open","ping_status":"closed","template":"","meta":[],"product_brand":[],"product_cat":[1138],"product_tag":[],"class_list":{"0":"post-20331","1":"product","2":"type-product","3":"status-publish","4":"has-post-thumbnail","6":"product_cat-resenja-za-radnje","8":"entry","9":"has-media","11":"first","12":"instock","13":"shipping-taxable","14":"product-type-simple","15":"has-product-nav","16":"col","17":"span_1_of_3","18":"owp-content-center","19":"owp-thumbs-layout-horizontal","20":"owp-btn-normal","21":"owp-tabs-layout-horizontal","22":"has-no-thumbnails"},"_links":{"self":[{"href":"http:\/\/www.meridiangroup.rs\/en\/wp-json\/wp\/v2\/product\/20331","targetHints":{"allow":["GET"]}}],"collection":[{"href":"http:\/\/www.meridiangroup.rs\/en\/wp-json\/wp\/v2\/product"}],"about":[{"href":"http:\/\/www.meridiangroup.rs\/en\/wp-json\/wp\/v2\/types\/product"}],"replies":[{"embeddable":true,"href":"http:\/\/www.meridiangroup.rs\/en\/wp-json\/wp\/v2\/comments?post=20331"}],"version-history":[{"count":3,"href":"http:\/\/www.meridiangroup.rs\/en\/wp-json\/wp\/v2\/product\/20331\/revisions"}],"predecessor-version":[{"id":20377,"href":"http:\/\/www.meridiangroup.rs\/en\/wp-json\/wp\/v2\/product\/20331\/revisions\/20377"}],"wp:featuredmedia":[{"embeddable":true,"href":"http:\/\/www.meridiangroup.rs\/en\/wp-json\/wp\/v2\/media\/20329"}],"wp:attachment":[{"href":"http:\/\/www.meridiangroup.rs\/en\/wp-json\/wp\/v2\/media?parent=20331"}],"wp:term":[{"taxonomy":"product_brand","embeddable":true,"href":"http:\/\/www.meridiangroup.rs\/en\/wp-json\/wp\/v2\/product_brand?post=20331"},{"taxonomy":"product_cat","embeddable":true,"href":"http:\/\/www.meridiangroup.rs\/en\/wp-json\/wp\/v2\/product_cat?post=20331"},{"taxonomy":"product_tag","embeddable":true,"href":"http:\/\/www.meridiangroup.rs\/en\/wp-json\/wp\/v2\/product_tag?post=20331"}],"curies":[{"name":"wp","href":"https:\/\/api.w.org\/{rel}","templated":true}]}}