{"id":20398,"date":"2025-04-04T12:02:07","date_gmt":"2025-04-04T12:02:07","guid":{"rendered":"https:\/\/www.meridiangroup.rs\/?post_type=product&#038;p=20398"},"modified":"2025-04-04T12:03:17","modified_gmt":"2025-04-04T12:03:17","slug":"36-litara-metalna-trgovacka-kolica","status":"publish","type":"product","link":"http:\/\/www.meridiangroup.rs\/en\/proizvodi\/36-litara-metalna-trgovacka-kolica\/","title":{"rendered":"36 Litara metalna trgova\u010dka kolica"},"content":{"rendered":"<p class=\"\" data-start=\"0\" data-end=\"260\">36-litarska metalna trgova\u010dka kolica savr\u0161en su izbor za manje prodavnice, markete i specijalizovane radnje. Sa \u010dvrstom metalnom konstrukcijom i kompaktnim dizajnom, omogu\u0107avaju lako manevrisanje i dugotrajnu upotrebu.<\/p>\n<p class=\"\" data-start=\"262\" data-end=\"282\"><strong data-start=\"262\" data-end=\"280\">Specifikacije:<\/strong><\/p>\n<ul data-start=\"283\" data-end=\"618\">\n<li class=\"\" data-start=\"283\" data-end=\"317\">\n<p class=\"\" data-start=\"285\" data-end=\"317\"><strong data-start=\"285\" data-end=\"305\">Kapacitet korpe:<\/strong> 36 litara<\/p>\n<\/li>\n<li class=\"\" data-start=\"318\" data-end=\"344\">\n<p class=\"\" data-start=\"320\" data-end=\"344\"><strong data-start=\"320\" data-end=\"333\">Load capacity:<\/strong> do 40 kg<\/p>\n<\/li>\n<li class=\"\" data-start=\"345\" data-end=\"412\">\n<p class=\"\" data-start=\"347\" data-end=\"412\"><strong data-start=\"347\" data-end=\"361\">Dimension:<\/strong> 98 cm (visina) x 58 cm (dubina) x 43 cm (\u0161irina)<\/p>\n<\/li>\n<li class=\"\" data-start=\"413\" data-end=\"480\">\n<p class=\"\" data-start=\"415\" data-end=\"480\"><strong data-start=\"415\" data-end=\"429\">Material:<\/strong> Metalna konstrukcija (cink + transparentni prah)<\/p>\n<\/li>\n<li class=\"\" data-start=\"481\" data-end=\"518\">\n<p class=\"\" data-start=\"483\" data-end=\"518\"><strong data-start=\"483\" data-end=\"505\">Boja konstrukcije:<\/strong> Standardna<\/p>\n<\/li>\n<li class=\"\" data-start=\"519\" data-end=\"571\">\n<p class=\"\" data-start=\"521\" data-end=\"571\"><strong data-start=\"521\" data-end=\"533\">To\u010dki\u0107i:<\/strong> Glatko pokretni za lako upravljanje<\/p>\n<\/li>\n<li class=\"\" data-start=\"572\" data-end=\"618\">\n<p class=\"\" data-start=\"574\" data-end=\"618\"><strong data-start=\"574\" data-end=\"595\">Ergonomska ru\u010dka:<\/strong> Za udobno kori\u0161\u0107enje<\/p>\n<\/li>\n<\/ul>\n<p class=\"\" data-start=\"620\" data-end=\"731\">Idealna su za efikasnu organizaciju kupovine, a njihov dizajn omogu\u0107ava lako skladi\u0161tenje i dug vek trajanja.<\/p>","protected":false},"excerpt":{"rendered":"<p>Kompaktna metalna trgova\u010dka kolica od 36 litara, nosivosti do 40 kg. Izdr\u017eljiva konstrukcija, lagana za upravljanje, sa ergonomskom ru\u010dkom i glatkim to\u010dki\u0107ima \u2013 idealna za prodavnice i markete.<\/p>","protected":false},"featured_media":20399,"comment_status":"open","ping_status":"closed","template":"","meta":[],"product_brand":[],"product_cat":[1138,1139],"product_tag":[],"class_list":{"0":"post-20398","1":"product","2":"type-product","3":"status-publish","4":"has-post-thumbnail","6":"product_cat-resenja-za-radnje","7":"product_cat-trgovacka-kolica","9":"entry","10":"has-media","12":"first","13":"instock","14":"shipping-taxable","15":"product-type-simple","16":"has-product-nav","17":"col","18":"span_1_of_3","19":"owp-content-center","20":"owp-thumbs-layout-horizontal","21":"owp-btn-normal","22":"owp-tabs-layout-horizontal"},"_links":{"self":[{"href":"http:\/\/www.meridiangroup.rs\/en\/wp-json\/wp\/v2\/product\/20398","targetHints":{"allow":["GET"]}}],"collection":[{"href":"http:\/\/www.meridiangroup.rs\/en\/wp-json\/wp\/v2\/product"}],"about":[{"href":"http:\/\/www.meridiangroup.rs\/en\/wp-json\/wp\/v2\/types\/product"}],"replies":[{"embeddable":true,"href":"http:\/\/www.meridiangroup.rs\/en\/wp-json\/wp\/v2\/comments?post=20398"}],"version-history":[{"count":2,"href":"http:\/\/www.meridiangroup.rs\/en\/wp-json\/wp\/v2\/product\/20398\/revisions"}],"predecessor-version":[{"id":20402,"href":"http:\/\/www.meridiangroup.rs\/en\/wp-json\/wp\/v2\/product\/20398\/revisions\/20402"}],"wp:featuredmedia":[{"embeddable":true,"href":"http:\/\/www.meridiangroup.rs\/en\/wp-json\/wp\/v2\/media\/20399"}],"wp:attachment":[{"href":"http:\/\/www.meridiangroup.rs\/en\/wp-json\/wp\/v2\/media?parent=20398"}],"wp:term":[{"taxonomy":"product_brand","embeddable":true,"href":"http:\/\/www.meridiangroup.rs\/en\/wp-json\/wp\/v2\/product_brand?post=20398"},{"taxonomy":"product_cat","embeddable":true,"href":"http:\/\/www.meridiangroup.rs\/en\/wp-json\/wp\/v2\/product_cat?post=20398"},{"taxonomy":"product_tag","embeddable":true,"href":"http:\/\/www.meridiangroup.rs\/en\/wp-json\/wp\/v2\/product_tag?post=20398"}],"curies":[{"name":"wp","href":"https:\/\/api.w.org\/{rel}","templated":true}]}}