{"id":20985,"date":"2025-08-05T12:31:16","date_gmt":"2025-08-05T12:31:16","guid":{"rendered":"https:\/\/www.meridiangroup.rs\/?post_type=product&#038;p=20985"},"modified":"2025-08-05T12:31:16","modified_gmt":"2025-08-05T12:31:16","slug":"480x690x540vmm-zatvorena-plasticna-gajba-sa-tockovima","status":"publish","type":"product","link":"http:\/\/www.meridiangroup.rs\/en\/proizvodi\/480x690x540vmm-zatvorena-plasticna-gajba-sa-tockovima\/","title":{"rendered":"480x690x540(v)mm Zatvorena plasti\u010dna gajba sa to\u010dkovima"},"content":{"rendered":"","protected":false},"excerpt":{"rendered":"<p>Unutra\u0161nje dimenzije: 440(\u0161)x650(d)x420(v)mm<\/p>\n<p>Materijal: PP &#8211; Polipropilen<\/p>\n<p><strong>5743-KT<\/strong><\/p>","protected":false},"featured_media":20977,"comment_status":"open","ping_status":"closed","template":"","meta":[],"product_brand":[],"product_cat":[1214,170,332,133],"product_tag":[1217,597,715,138],"class_list":{"0":"post-20985","1":"product","2":"type-product","3":"status-publish","4":"has-post-thumbnail","6":"product_cat-480-x-690-gajbe","7":"product_cat-gajbe-sa-zatvorenim-dnom","8":"product_cat-gajbe-za-skladistenje","9":"product_cat-plasticne-gajbe","10":"product_tag-5743-kt","11":"product_tag-plasticna-gajba","12":"product_tag-plasticna-gajba-sa-zatvorenim-dnom","13":"product_tag-plasticne-gajbe","14":"pa_opcija-boja-plava","15":"pa_opcija-boja-siva","17":"entry","18":"has-media","20":"first","21":"instock","22":"shipping-taxable","23":"purchasable","24":"product-type-variable","25":"has-product-nav","26":"col","27":"span_1_of_3","28":"owp-content-center","29":"owp-thumbs-layout-horizontal","30":"owp-btn-normal","31":"owp-tabs-layout-horizontal"},"_links":{"self":[{"href":"http:\/\/www.meridiangroup.rs\/en\/wp-json\/wp\/v2\/product\/20985","targetHints":{"allow":["GET"]}}],"collection":[{"href":"http:\/\/www.meridiangroup.rs\/en\/wp-json\/wp\/v2\/product"}],"about":[{"href":"http:\/\/www.meridiangroup.rs\/en\/wp-json\/wp\/v2\/types\/product"}],"replies":[{"embeddable":true,"href":"http:\/\/www.meridiangroup.rs\/en\/wp-json\/wp\/v2\/comments?post=20985"}],"version-history":[{"count":1,"href":"http:\/\/www.meridiangroup.rs\/en\/wp-json\/wp\/v2\/product\/20985\/revisions"}],"predecessor-version":[{"id":20988,"href":"http:\/\/www.meridiangroup.rs\/en\/wp-json\/wp\/v2\/product\/20985\/revisions\/20988"}],"wp:featuredmedia":[{"embeddable":true,"href":"http:\/\/www.meridiangroup.rs\/en\/wp-json\/wp\/v2\/media\/20977"}],"wp:attachment":[{"href":"http:\/\/www.meridiangroup.rs\/en\/wp-json\/wp\/v2\/media?parent=20985"}],"wp:term":[{"taxonomy":"product_brand","embeddable":true,"href":"http:\/\/www.meridiangroup.rs\/en\/wp-json\/wp\/v2\/product_brand?post=20985"},{"taxonomy":"product_cat","embeddable":true,"href":"http:\/\/www.meridiangroup.rs\/en\/wp-json\/wp\/v2\/product_cat?post=20985"},{"taxonomy":"product_tag","embeddable":true,"href":"http:\/\/www.meridiangroup.rs\/en\/wp-json\/wp\/v2\/product_tag?post=20985"}],"curies":[{"name":"wp","href":"https:\/\/api.w.org\/{rel}","templated":true}]}}