{"id":21002,"date":"2025-08-06T08:10:46","date_gmt":"2025-08-06T08:10:46","guid":{"rendered":"https:\/\/www.meridiangroup.rs\/?post_type=product&#038;p=21002"},"modified":"2025-08-18T10:51:04","modified_gmt":"2025-08-18T10:51:04","slug":"600x800x630vmm-zatvorene-plasticne-gajbe-sa-tockovima","status":"publish","type":"product","link":"http:\/\/www.meridiangroup.rs\/en\/proizvodi\/600x800x630vmm-zatvorene-plasticne-gajbe-sa-tockovima\/","title":{"rendered":"600x800x630(v)mm Zatvorene plasti\u010dne gajbe sa to\u010dkovima"},"content":{"rendered":"","protected":false},"excerpt":{"rendered":"<p>600x800x630mm Zatvorena plasti\u010dna gajba sa to\u010dkovima<\/p>\n<p><strong>6863-KT<\/strong><\/p>","protected":false},"featured_media":21045,"comment_status":"open","ping_status":"closed","template":"","meta":[],"product_brand":[],"product_cat":[650,332,133,333,181],"product_tag":[653,654,1221,597,138,601],"class_list":{"0":"post-21002","1":"product","2":"type-product","3":"status-publish","4":"has-post-thumbnail","6":"product_cat-600-x-800-mm-serije-gajbe","7":"product_cat-gajbe-za-skladistenje","8":"product_cat-plasticne-gajbe","9":"product_cat-zatvorena-gajba","10":"product_cat-zatvorene-gajbe","11":"product_tag-600x800mm","12":"product_tag-60x80cm","13":"product_tag-6863-kt","14":"product_tag-plasticna-gajba","15":"product_tag-plasticne-gajbe","16":"product_tag-zatvorena-plasticna-gajba","17":"pa_opcija-boja-plava","18":"pa_opcija-boja-siva","20":"entry","21":"has-media","23":"first","24":"instock","25":"shipping-taxable","26":"purchasable","27":"product-type-variable","28":"has-product-nav","29":"col","30":"span_1_of_3","31":"owp-content-center","32":"owp-thumbs-layout-horizontal","33":"owp-btn-normal","34":"owp-tabs-layout-horizontal"},"_links":{"self":[{"href":"http:\/\/www.meridiangroup.rs\/en\/wp-json\/wp\/v2\/product\/21002","targetHints":{"allow":["GET"]}}],"collection":[{"href":"http:\/\/www.meridiangroup.rs\/en\/wp-json\/wp\/v2\/product"}],"about":[{"href":"http:\/\/www.meridiangroup.rs\/en\/wp-json\/wp\/v2\/types\/product"}],"replies":[{"embeddable":true,"href":"http:\/\/www.meridiangroup.rs\/en\/wp-json\/wp\/v2\/comments?post=21002"}],"version-history":[{"count":3,"href":"http:\/\/www.meridiangroup.rs\/en\/wp-json\/wp\/v2\/product\/21002\/revisions"}],"predecessor-version":[{"id":21168,"href":"http:\/\/www.meridiangroup.rs\/en\/wp-json\/wp\/v2\/product\/21002\/revisions\/21168"}],"wp:featuredmedia":[{"embeddable":true,"href":"http:\/\/www.meridiangroup.rs\/en\/wp-json\/wp\/v2\/media\/21045"}],"wp:attachment":[{"href":"http:\/\/www.meridiangroup.rs\/en\/wp-json\/wp\/v2\/media?parent=21002"}],"wp:term":[{"taxonomy":"product_brand","embeddable":true,"href":"http:\/\/www.meridiangroup.rs\/en\/wp-json\/wp\/v2\/product_brand?post=21002"},{"taxonomy":"product_cat","embeddable":true,"href":"http:\/\/www.meridiangroup.rs\/en\/wp-json\/wp\/v2\/product_cat?post=21002"},{"taxonomy":"product_tag","embeddable":true,"href":"http:\/\/www.meridiangroup.rs\/en\/wp-json\/wp\/v2\/product_tag?post=21002"}],"curies":[{"name":"wp","href":"https:\/\/api.w.org\/{rel}","templated":true}]}}