{"id":21073,"date":"2025-08-06T10:31:05","date_gmt":"2025-08-06T10:31:05","guid":{"rendered":"https:\/\/www.meridiangroup.rs\/?post_type=product&#038;p=21073"},"modified":"2025-08-18T10:53:44","modified_gmt":"2025-08-18T10:53:44","slug":"610x810x640vmm-zatvorene-plasticne-gajbe-sa-tockovima","status":"publish","type":"product","link":"http:\/\/www.meridiangroup.rs\/en\/proizvodi\/610x810x640vmm-zatvorene-plasticne-gajbe-sa-tockovima\/","title":{"rendered":"610x810x640(v)mm Zatvorene plasti\u010dne gajbe sa to\u010dkovima"},"content":{"rendered":"","protected":false},"excerpt":{"rendered":"<p>610x810x640(v)mm Zatvorena plasti\u010dna gajba sa to\u010dkovima<\/p>\n<p><strong>6863-KET<\/strong><\/p>","protected":false},"featured_media":21045,"comment_status":"open","ping_status":"closed","template":"","meta":[],"product_brand":[],"product_cat":[650,332,133,333,181],"product_tag":[653,654,1233,597,138,601],"class_list":{"0":"post-21073","1":"product","2":"type-product","3":"status-publish","4":"has-post-thumbnail","6":"product_cat-600-x-800-mm-serije-gajbe","7":"product_cat-gajbe-za-skladistenje","8":"product_cat-plasticne-gajbe","9":"product_cat-zatvorena-gajba","10":"product_cat-zatvorene-gajbe","11":"product_tag-600x800mm","12":"product_tag-60x80cm","13":"product_tag-6863-ket","14":"product_tag-plasticna-gajba","15":"product_tag-plasticne-gajbe","16":"product_tag-zatvorena-plasticna-gajba","17":"pa_opcija-boja-plava","18":"pa_opcija-boja-siva","19":"pa_unutrasnje-dimenzije-565x770x445mm","21":"entry","22":"has-media","24":"first","25":"instock","26":"shipping-taxable","27":"purchasable","28":"product-type-variable","29":"has-product-nav","30":"col","31":"span_1_of_3","32":"owp-content-center","33":"owp-thumbs-layout-horizontal","34":"owp-btn-normal","35":"owp-tabs-layout-horizontal"},"_links":{"self":[{"href":"http:\/\/www.meridiangroup.rs\/en\/wp-json\/wp\/v2\/product\/21073","targetHints":{"allow":["GET"]}}],"collection":[{"href":"http:\/\/www.meridiangroup.rs\/en\/wp-json\/wp\/v2\/product"}],"about":[{"href":"http:\/\/www.meridiangroup.rs\/en\/wp-json\/wp\/v2\/types\/product"}],"replies":[{"embeddable":true,"href":"http:\/\/www.meridiangroup.rs\/en\/wp-json\/wp\/v2\/comments?post=21073"}],"version-history":[{"count":2,"href":"http:\/\/www.meridiangroup.rs\/en\/wp-json\/wp\/v2\/product\/21073\/revisions"}],"predecessor-version":[{"id":21170,"href":"http:\/\/www.meridiangroup.rs\/en\/wp-json\/wp\/v2\/product\/21073\/revisions\/21170"}],"wp:featuredmedia":[{"embeddable":true,"href":"http:\/\/www.meridiangroup.rs\/en\/wp-json\/wp\/v2\/media\/21045"}],"wp:attachment":[{"href":"http:\/\/www.meridiangroup.rs\/en\/wp-json\/wp\/v2\/media?parent=21073"}],"wp:term":[{"taxonomy":"product_brand","embeddable":true,"href":"http:\/\/www.meridiangroup.rs\/en\/wp-json\/wp\/v2\/product_brand?post=21073"},{"taxonomy":"product_cat","embeddable":true,"href":"http:\/\/www.meridiangroup.rs\/en\/wp-json\/wp\/v2\/product_cat?post=21073"},{"taxonomy":"product_tag","embeddable":true,"href":"http:\/\/www.meridiangroup.rs\/en\/wp-json\/wp\/v2\/product_tag?post=21073"}],"curies":[{"name":"wp","href":"https:\/\/api.w.org\/{rel}","templated":true}]}}