{"id":21509,"date":"2025-09-15T11:39:14","date_gmt":"2025-09-15T11:39:14","guid":{"rendered":"https:\/\/www.meridiangroup.rs\/?post_type=product&#038;p=21509"},"modified":"2025-09-15T12:00:17","modified_gmt":"2025-09-15T12:00:17","slug":"zatvoreni-plasticni-kontejneri-sa-klizacem-i-tockovima-800x800x885mm","status":"publish","type":"product","link":"http:\/\/www.meridiangroup.rs\/en\/proizvodi\/zatvoreni-plasticni-kontejneri-sa-klizacem-i-tockovima-800x800x885mm\/","title":{"rendered":"Zatvoreni plasti\u010dni kontejneri sa kliza\u010dem i to\u010dkovima 800x800x885mm"},"content":{"rendered":"","protected":false},"excerpt":{"rendered":"<p><strong>Broj modela: 808088-KTS<\/strong><\/p>\n<p>Vanjske dimenzije: 800(\u0161)x800(d)x885(v)mm<br \/>\nUnutra\u0161nje dimenzije: 750(\u0161)x750(d)x600(v)mm<br \/>\nTe\u017eina: 21kg<\/p>\n<p>Solid base and sides, no handles<\/p>","protected":false},"featured_media":21460,"comment_status":"open","ping_status":"closed","template":"","meta":[],"product_brand":[],"product_cat":[216,591],"product_tag":[1295,244,218,217,431,592,758],"class_list":{"0":"post-21509","1":"product","2":"type-product","3":"status-publish","4":"has-post-thumbnail","6":"product_cat-paletni-kontejneri","7":"product_cat-zatvoreni-paletni-kontejneri-sa-tockovima","8":"product_tag-808088-kts","9":"product_tag-pallet-box","10":"product_tag-pallet-container","11":"product_tag-pallet-crate","12":"product_tag-plasticni-kontejner","13":"product_tag-plasticni-kontejner-sa-tockovima","14":"product_tag-plasticni-paletni-kontejneri","16":"entry","17":"has-media","19":"first","20":"instock","21":"shipping-taxable","22":"purchasable","23":"product-type-simple","24":"has-product-nav","25":"col","26":"span_1_of_3","27":"owp-content-center","28":"owp-thumbs-layout-horizontal","29":"owp-btn-normal","30":"owp-tabs-layout-horizontal"},"_links":{"self":[{"href":"http:\/\/www.meridiangroup.rs\/en\/wp-json\/wp\/v2\/product\/21509","targetHints":{"allow":["GET"]}}],"collection":[{"href":"http:\/\/www.meridiangroup.rs\/en\/wp-json\/wp\/v2\/product"}],"about":[{"href":"http:\/\/www.meridiangroup.rs\/en\/wp-json\/wp\/v2\/types\/product"}],"replies":[{"embeddable":true,"href":"http:\/\/www.meridiangroup.rs\/en\/wp-json\/wp\/v2\/comments?post=21509"}],"version-history":[{"count":2,"href":"http:\/\/www.meridiangroup.rs\/en\/wp-json\/wp\/v2\/product\/21509\/revisions"}],"predecessor-version":[{"id":21511,"href":"http:\/\/www.meridiangroup.rs\/en\/wp-json\/wp\/v2\/product\/21509\/revisions\/21511"}],"wp:featuredmedia":[{"embeddable":true,"href":"http:\/\/www.meridiangroup.rs\/en\/wp-json\/wp\/v2\/media\/21460"}],"wp:attachment":[{"href":"http:\/\/www.meridiangroup.rs\/en\/wp-json\/wp\/v2\/media?parent=21509"}],"wp:term":[{"taxonomy":"product_brand","embeddable":true,"href":"http:\/\/www.meridiangroup.rs\/en\/wp-json\/wp\/v2\/product_brand?post=21509"},{"taxonomy":"product_cat","embeddable":true,"href":"http:\/\/www.meridiangroup.rs\/en\/wp-json\/wp\/v2\/product_cat?post=21509"},{"taxonomy":"product_tag","embeddable":true,"href":"http:\/\/www.meridiangroup.rs\/en\/wp-json\/wp\/v2\/product_tag?post=21509"}],"curies":[{"name":"wp","href":"https:\/\/api.w.org\/{rel}","templated":true}]}}