{"id":21666,"date":"2025-09-22T13:58:16","date_gmt":"2025-09-22T13:58:16","guid":{"rendered":"https:\/\/www.meridiangroup.rs\/?post_type=product&#038;p=21666"},"modified":"2025-09-22T13:58:16","modified_gmt":"2025-09-22T13:58:16","slug":"plasticna-kutija-za-slaganje-310x490x202vmm","status":"publish","type":"product","link":"http:\/\/www.meridiangroup.rs\/en\/proizvodi\/plasticna-kutija-za-slaganje-310x490x202vmm\/","title":{"rendered":"Plasti\u010dna kutija za slaganje 310x490x202(v)mm"},"content":{"rendered":"<p>Zahvaljuju\u0107i preklopnim kop\u010dama mogu se slagati jedan na drugi.<\/p>\n<p>Pomo\u0107u PX-100 pribada\u010de za podizanje mogu se povezivati jedan na drugi i jedan pored drugog.<\/p>\n<p>Sa zadnje strane mogu se pri\u010dvrstiti na stalak.<\/p>","protected":false},"excerpt":{"rendered":"<div class=\"elementor-element elementor-element-49c98dfc elementor-widget elementor-widget-woocommerce-product-short-description\" data-id=\"49c98dfc\" data-element_type=\"widget\" data-widget_type=\"woocommerce-product-short-description.default\">\n<div class=\"elementor-widget-container\">\n<div class=\"woocommerce-product-details__short-description\">\n<p><strong>Broj modela: AX-400<\/strong><\/p>\n<\/div>\n<\/div>\n<\/div>\n<div class=\"elementor-element elementor-element-7d498f5e elementor-woo-meta--view-table elementor-widget elementor-widget-woocommerce-product-meta\" data-id=\"7d498f5e\" data-element_type=\"widget\" data-widget_type=\"woocommerce-product-meta.default\">\n<div class=\"elementor-widget-container\">\n<div class=\"product_meta\"><\/div>\n<\/div>\n<\/div>","protected":false},"featured_media":21639,"comment_status":"open","ping_status":"closed","template":"","meta":[],"product_brand":[],"product_cat":[1317,133,1177],"product_tag":[1326,1324,315,316],"class_list":{"0":"post-21666","1":"product","2":"type-product","3":"status-publish","4":"has-post-thumbnail","6":"product_cat-ax-serije","7":"product_cat-plasticne-gajbe","8":"product_cat-plasticne-kutije-za-slaganje","9":"product_tag-ax-400","10":"product_tag-plastic-crate","11":"product_tag-stacking-bin","12":"product_tag-stacking-crate","13":"pa_opcija-boja-crna","14":"pa_opcija-boja-crvena","15":"pa_opcija-boja-narandzasta","16":"pa_opcija-boja-plava","17":"pa_opcija-boja-siva","18":"pa_opcija-boja-zuta","19":"pa_unutrasnje-dimenzije-275x436x199mm","21":"entry","22":"has-media","24":"first","25":"instock","26":"shipping-taxable","27":"purchasable","28":"product-type-variable","29":"has-product-nav","30":"col","31":"span_1_of_3","32":"owp-content-center","33":"owp-thumbs-layout-horizontal","34":"owp-btn-normal","35":"owp-tabs-layout-horizontal"},"_links":{"self":[{"href":"http:\/\/www.meridiangroup.rs\/en\/wp-json\/wp\/v2\/product\/21666","targetHints":{"allow":["GET"]}}],"collection":[{"href":"http:\/\/www.meridiangroup.rs\/en\/wp-json\/wp\/v2\/product"}],"about":[{"href":"http:\/\/www.meridiangroup.rs\/en\/wp-json\/wp\/v2\/types\/product"}],"replies":[{"embeddable":true,"href":"http:\/\/www.meridiangroup.rs\/en\/wp-json\/wp\/v2\/comments?post=21666"}],"version-history":[{"count":1,"href":"http:\/\/www.meridiangroup.rs\/en\/wp-json\/wp\/v2\/product\/21666\/revisions"}],"predecessor-version":[{"id":21673,"href":"http:\/\/www.meridiangroup.rs\/en\/wp-json\/wp\/v2\/product\/21666\/revisions\/21673"}],"wp:featuredmedia":[{"embeddable":true,"href":"http:\/\/www.meridiangroup.rs\/en\/wp-json\/wp\/v2\/media\/21639"}],"wp:attachment":[{"href":"http:\/\/www.meridiangroup.rs\/en\/wp-json\/wp\/v2\/media?parent=21666"}],"wp:term":[{"taxonomy":"product_brand","embeddable":true,"href":"http:\/\/www.meridiangroup.rs\/en\/wp-json\/wp\/v2\/product_brand?post=21666"},{"taxonomy":"product_cat","embeddable":true,"href":"http:\/\/www.meridiangroup.rs\/en\/wp-json\/wp\/v2\/product_cat?post=21666"},{"taxonomy":"product_tag","embeddable":true,"href":"http:\/\/www.meridiangroup.rs\/en\/wp-json\/wp\/v2\/product_tag?post=21666"}],"curies":[{"name":"wp","href":"https:\/\/api.w.org\/{rel}","templated":true}]}}