{"id":832,"date":"2019-02-03T22:44:25","date_gmt":"2019-02-03T22:44:25","guid":{"rendered":"http:\/\/www.meridiangroup.rs\/?post_type=product&#038;p=832"},"modified":"2022-03-13T11:48:51","modified_gmt":"2022-03-13T11:48:51","slug":"otvorene-plasticne-palete-koja-ulazi-jedna-u-drugu-100-x-120-cm","status":"publish","type":"product","link":"http:\/\/www.meridiangroup.rs\/en\/proizvodi\/otvorene-plasticne-palete-koja-ulazi-jedna-u-drugu-100-x-120-cm\/","title":{"rendered":"Otvorene Plasti\u010dne Palete koja ulazi jedna u drugu 100 x 120 cm"},"content":{"rendered":"<p>Plasti\u010dna Paleta koja ulazi jedna u drugu se koristi za vi\u0161e namjena. Glavna prednost palete koja ulazi jedna u drugu je funkcija u\u0161tede prostora. Dakle, ova vrsta plasti\u010dne palete je najbolja opcija za skladi\u0161tenje uklju\u010duju\u0107i \u010dvrsto\u0107u i bezbjednost. Unikatni dizajn dopu\u0161ta vam da sla\u017eete vi\u0161e paleta na bezbjednu visinu. Drugim rije\u010dima, mo\u017eete sa\u010duvati strukturalni integritet robe. Zbijanjem paletnih redova, mo\u017eete u\u0161tediti zna\u010dajan prostor i ostaviti mjesta za druge poslove.<\/p>\n<p>Firme prete\u017eno koriste\u00a0<a href=\"https:\/\/www.meridijangroup.com\/bs\/products\/\">palete koje ulaze jedne u drugu<\/a>\u00a0za u\u0161tedu prostora, izvoz i u\u0161tedu tro\u0161ka. Dodatno na to, one su lak\u0161e u pore\u0111enju sa drugim tipovima plasti\u010dnih paleta. \u0160tavi\u0161e, gusto\u0107a plasti\u010dnih paleta koje ulaze jedna u drugu je niska. Tako da mo\u017eete smanjiti teretni tro\u0161ak. Na\u0161e plasti\u010dne palete koje ulaze jedne u drugu nude opciju kliza\u010da. Ova opcija pobolj\u0161ava slaganje. Meridian Group nudi razli\u010dite opcije kao \u0161to su visoki-stepen materijala, ivice i oznake.<\/p>\n<h4>Koja dimenzija je najvi\u0161e uobi\u010dajena kod plasti\u010dnih paleta koje ulaze jedna u drugu?<\/h4>\n<p>Imamo dvije razli\u010dite dimenzije plasti\u010dnih paleta koje ulaze jedna u drugu. Dimenzije su 1000 x 1200 mm i 800 x 1200 mm. Za ove dimenzije mo\u017eemo ponuditi otvorene i zatvorene modele. Najtra\u017eeniji model plasti\u010dne palete koja ulazi jedna u drugu je 800 x 1200 mm. Ovaj model plasti\u010dne palete je najlak\u0161i. Tako\u0111er, ova verzija palete je i najjeftinija. Na\u0161i klijenti prete\u017eno koriste ovaj model kao jednokratnu plasti\u010dnu paletu. Zbog toga \u0161to je koriste kao izvoznu paletu.<\/p>\n<p><a href=\"http:\/\/www.meridiangroup.rs\/en\/\">Meridian Group<\/a>\u00a0nudimo ove vrste paleta sa i bez kliza\u010da. Ako trebate da skladi\u0161tite palete koje ulaze jedna u drugu na police, treba da stavite njihove kliza\u010de. Na\u0161i kliza\u010di se montiraju veoma lagano. Tako da, postoji opcija da mo\u017eete naru\u010diti kliza\u010de odvojeno. Rezultat toga je da postoji \u0161ansa da smanjite teretni tro\u0161ak.<\/p>\n<p>Neke firme zahtijevaju njihov logo na plasti\u010dnoj paleti. Mo\u017eemo isprintati Va\u0161 logo ili ime na povr\u0161ini palete. To je prednost da mo\u017eete izdvojiti paletu od drugih plasti\u010dnih paleta koje ulaze jedna u drugu.<\/p>","protected":false},"excerpt":{"rendered":"<p>1000 x 1200 mm Otvorena Jednosmjerna Plasti\u010dna Paleta sa Skijama<\/p>","protected":false},"featured_media":857,"comment_status":"open","ping_status":"closed","template":"","meta":[],"product_brand":[],"product_cat":[584,33],"product_tag":[65,66,63,34,120,36],"class_list":{"0":"post-832","1":"product","2":"type-product","3":"status-publish","4":"has-post-thumbnail","6":"product_cat-plasticne-palete-1000-x-1200-mm","7":"product_cat-palete-koje-ulaze-jedne-u-druge","8":"product_tag-100-120-cm","9":"product_tag-1000-x-1200-mm","10":"product_tag-euro-pallet","11":"product_tag-export-pallet","12":"product_tag-open-deck-nestable","13":"product_tag-plastic-pallet","14":"pa_dinamicki-kapacitet-1250-kg","15":"pa_opcija-boja-crna","16":"pa_opcija-boja-crvena","17":"pa_opcija-boja-plava","18":"pa_opcija-boja-siva","19":"pa_opcija-boja-zelena","20":"pa_opcija-boja-zuta","21":"pa_opcije-materijala-originalno-pp","22":"pa_opcije-materijala-reciklirano-pp","23":"pa_regalni-kapacitet-250-kg","24":"pa_sigurnosna-ivica-bez-ivice","25":"pa_sigurnosna-ivica-sa-ivicom","26":"pa_staticki-kapacitet-2500-kg","28":"entry","29":"has-media","31":"first","32":"instock","33":"shipping-taxable","34":"product-type-variable","35":"has-product-nav","36":"col","37":"span_1_of_3","38":"owp-content-center","39":"owp-thumbs-layout-horizontal","40":"owp-btn-normal","41":"owp-tabs-layout-horizontal","42":"has-no-thumbnails"},"_links":{"self":[{"href":"http:\/\/www.meridiangroup.rs\/en\/wp-json\/wp\/v2\/product\/832","targetHints":{"allow":["GET"]}}],"collection":[{"href":"http:\/\/www.meridiangroup.rs\/en\/wp-json\/wp\/v2\/product"}],"about":[{"href":"http:\/\/www.meridiangroup.rs\/en\/wp-json\/wp\/v2\/types\/product"}],"replies":[{"embeddable":true,"href":"http:\/\/www.meridiangroup.rs\/en\/wp-json\/wp\/v2\/comments?post=832"}],"version-history":[{"count":2,"href":"http:\/\/www.meridiangroup.rs\/en\/wp-json\/wp\/v2\/product\/832\/revisions"}],"predecessor-version":[{"id":19397,"href":"http:\/\/www.meridiangroup.rs\/en\/wp-json\/wp\/v2\/product\/832\/revisions\/19397"}],"wp:featuredmedia":[{"embeddable":true,"href":"http:\/\/www.meridiangroup.rs\/en\/wp-json\/wp\/v2\/media\/857"}],"wp:attachment":[{"href":"http:\/\/www.meridiangroup.rs\/en\/wp-json\/wp\/v2\/media?parent=832"}],"wp:term":[{"taxonomy":"product_brand","embeddable":true,"href":"http:\/\/www.meridiangroup.rs\/en\/wp-json\/wp\/v2\/product_brand?post=832"},{"taxonomy":"product_cat","embeddable":true,"href":"http:\/\/www.meridiangroup.rs\/en\/wp-json\/wp\/v2\/product_cat?post=832"},{"taxonomy":"product_tag","embeddable":true,"href":"http:\/\/www.meridiangroup.rs\/en\/wp-json\/wp\/v2\/product_tag?post=832"}],"curies":[{"name":"wp","href":"https:\/\/api.w.org\/{rel}","templated":true}]}}