{"id":5295,"date":"2019-04-30T13:25:02","date_gmt":"2019-04-30T13:25:02","guid":{"rendered":"https:\/\/www.meridijangroup.com\/?page_id=4928"},"modified":"2020-04-20T19:37:18","modified_gmt":"2020-04-20T19:37:18","slug":"akcijske-korpe-sa-profilnim-linijama-wsb03","status":"publish","type":"page","link":"https:\/\/www.meridiangroup.rs\/en\/akcijske-korpe-sa-profilnim-linijama-wsb03\/","title":{"rendered":"Akcijske Korpe Sa Profilnim Linijama WSB03"},"content":{"rendered":"<div data-elementor-type=\"wp-post\" data-elementor-id=\"5295\" class=\"elementor elementor-5295\" data-elementor-post-type=\"page\">\n\t\t\t\t\t\t<section class=\"elementor-section elementor-top-section elementor-element elementor-element-79910ed6 elementor-section-boxed elementor-section-height-default elementor-section-height-default\" data-id=\"79910ed6\" data-element_type=\"section\" data-e-type=\"section\">\n\t\t\t\t\t\t<div class=\"elementor-container elementor-column-gap-default\">\n\t\t\t\t\t<div class=\"elementor-column elementor-col-100 elementor-top-column elementor-element elementor-element-5e9a2713\" data-id=\"5e9a2713\" data-element_type=\"column\" data-e-type=\"column\">\n\t\t\t<div class=\"elementor-widget-wrap elementor-element-populated\">\n\t\t\t\t\t\t<div class=\"elementor-element elementor-element-13f73bae elementor-widget elementor-widget-heading\" data-id=\"13f73bae\" data-element_type=\"widget\" data-e-type=\"widget\" data-widget_type=\"heading.default\">\n\t\t\t\t<div class=\"elementor-widget-container\">\n\t\t\t\t\t<h1 class=\"elementor-heading-title elementor-size-default\">Akcijska Korpa WSB03\u200b<\/h1>\t\t\t\t<\/div>\n\t\t\t\t<\/div>\n\t\t\t\t\t<\/div>\n\t\t<\/div>\n\t\t\t\t\t<\/div>\n\t\t<\/section>\n\t\t\t\t<section class=\"elementor-section elementor-top-section elementor-element elementor-element-305fadc0 elementor-section-boxed elementor-section-height-default elementor-section-height-default\" data-id=\"305fadc0\" data-element_type=\"section\" data-e-type=\"section\">\n\t\t\t\t\t\t<div class=\"elementor-container elementor-column-gap-default\">\n\t\t\t\t\t<div class=\"elementor-column elementor-col-33 elementor-top-column elementor-element elementor-element-2eb89552\" data-id=\"2eb89552\" data-element_type=\"column\" data-e-type=\"column\">\n\t\t\t<div class=\"elementor-widget-wrap elementor-element-populated\">\n\t\t\t\t\t\t<div class=\"elementor-element elementor-element-6ca8e4d6 elementor-nav-menu--dropdown-tablet elementor-nav-menu__text-align-aside elementor-nav-menu--toggle elementor-nav-menu--burger elementor-widget elementor-widget-nav-menu\" data-id=\"6ca8e4d6\" data-element_type=\"widget\" data-e-type=\"widget\" data-settings=\"{&quot;submenu_icon&quot;:{&quot;value&quot;:&quot;&lt;i class=\\&quot;fas fa-chevron-down\\&quot; aria-hidden=\\&quot;true\\&quot;&gt;&lt;\\\/i&gt;&quot;,&quot;library&quot;:&quot;fa-solid&quot;},&quot;layout&quot;:&quot;horizontal&quot;,&quot;toggle&quot;:&quot;burger&quot;}\" data-widget_type=\"nav-menu.default\">\n\t\t\t\t<div class=\"elementor-widget-container\">\n\t\t\t\t\t\t\t\t<nav aria-label=\"Menu\" class=\"elementor-nav-menu--main elementor-nav-menu__container elementor-nav-menu--layout-horizontal e--pointer-underline e--animation-fade\">\n\t\t\t\t<ul id=\"menu-1-6ca8e4d6\" class=\"elementor-nav-menu\"><li class=\"menu-item menu-item-type-post_type menu-item-object-page menu-item-5864\"><a href=\"https:\/\/www.meridiangroup.rs\/en\/kasa-pult\/\" class=\"elementor-item\">Checkout Cash Desk<\/a><\/li>\n<li class=\"menu-item menu-item-type-post_type menu-item-object-page menu-item-12805\"><a href=\"https:\/\/www.meridiangroup.rs\/en\/kolica-s-platformom\/\" class=\"elementor-item\">Platform Trolleys<\/a><\/li>\n<li class=\"menu-item menu-item-type-post_type menu-item-object-page menu-item-5892\"><a href=\"https:\/\/www.meridiangroup.rs\/en\/okretni-sistemi\/\" class=\"elementor-item\">Turnstile System<\/a><\/li>\n<li class=\"menu-item menu-item-type-post_type menu-item-object-page menu-item-has-children menu-item-5865\"><a href=\"https:\/\/www.meridiangroup.rs\/en\/akcijske-korpe\/\" class=\"elementor-item\">Promotion Baskets<\/a>\n<ul class=\"sub-menu elementor-nav-menu--dropdown\">\n\t<li class=\"menu-item menu-item-type-post_type menu-item-object-page menu-item-5867\"><a href=\"https:\/\/www.meridiangroup.rs\/en\/akcijske-korpe-sa-profilnim-linijama\/\" class=\"elementor-sub-item\">Promotion Baskets<\/a><\/li>\n\t<li class=\"menu-item menu-item-type-post_type menu-item-object-page menu-item-5866\"><a href=\"https:\/\/www.meridiangroup.rs\/en\/sklopive-akcijske-korpe\/\" class=\"elementor-sub-item\">Foldable Promotion Baskets<\/a><\/li>\n<\/ul>\n<\/li>\n<li class=\"menu-item menu-item-type-post_type menu-item-object-page menu-item-has-children menu-item-7368\"><a href=\"https:\/\/www.meridiangroup.rs\/en\/rashladne-izlozbene-vitrine\/\" class=\"elementor-item\">Refrigerated Cabinets<\/a>\n<ul class=\"sub-menu elementor-nav-menu--dropdown\">\n\t<li class=\"menu-item menu-item-type-post_type menu-item-object-page menu-item-7369\"><a href=\"https:\/\/www.meridiangroup.rs\/en\/izlozbeni-zamrzivaci\/\" class=\"elementor-sub-item\">Freezer Display Cabinets<\/a><\/li>\n\t<li class=\"menu-item menu-item-type-post_type menu-item-object-page menu-item-7365\"><a href=\"https:\/\/www.meridiangroup.rs\/en\/rashladne-izlozbene-vitrine-sa-vise-polica\/\" class=\"elementor-sub-item\">Multidecks<\/a><\/li>\n\t<li class=\"menu-item menu-item-type-post_type menu-item-object-page menu-item-7366\"><a href=\"https:\/\/www.meridiangroup.rs\/en\/rashladne-izlozbene-vitrine-sa-uslugom-preko-pulta\/\" class=\"elementor-sub-item\">Serve Over Counters<\/a><\/li>\n\t<li class=\"menu-item menu-item-type-post_type menu-item-object-page menu-item-7367\"><a href=\"https:\/\/www.meridiangroup.rs\/en\/rashladne-izlozbene-vitrine-sa-unutrasnjim-motorom\/\" class=\"elementor-sub-item\">Plug-in Cabinets<\/a><\/li>\n<\/ul>\n<\/li>\n<li class=\"menu-item menu-item-type-post_type menu-item-object-page menu-item-12804\"><a href=\"https:\/\/www.meridiangroup.rs\/en\/rucna-kolica\/\" class=\"elementor-item\">Hand Trolleys<\/a><\/li>\n<li class=\"menu-item menu-item-type-post_type menu-item-object-page menu-item-has-children menu-item-5869\"><a href=\"https:\/\/www.meridiangroup.rs\/en\/sistemi-police\/\" class=\"elementor-item\">Shelving Systems<\/a>\n<ul class=\"sub-menu elementor-nav-menu--dropdown\">\n\t<li class=\"menu-item menu-item-type-post_type menu-item-object-page menu-item-12607\"><a href=\"https:\/\/www.meridiangroup.rs\/en\/bocni-sistemi-prednjeg-dijela-gondola-police\/\" class=\"elementor-sub-item\">Side Gondola Head Shelves<\/a><\/li>\n\t<li class=\"menu-item menu-item-type-post_type menu-item-object-page menu-item-12605\"><a href=\"https:\/\/www.meridiangroup.rs\/en\/sistemi-cosak-police\/\" class=\"elementor-sub-item\">Corner Shelving Units<\/a><\/li>\n\t<li class=\"menu-item menu-item-type-post_type menu-item-object-page menu-item-12610\"><a href=\"https:\/\/www.meridiangroup.rs\/en\/sistemi-gondola-police\/\" class=\"elementor-sub-item\">Gondola Shelving Units<\/a><\/li>\n\t<li class=\"menu-item menu-item-type-post_type menu-item-object-page menu-item-12603\"><a href=\"https:\/\/www.meridiangroup.rs\/en\/pekarske-izlozbene-police\/\" class=\"elementor-sub-item\">Bakery Display Shelving Units<\/a><\/li>\n\t<li class=\"menu-item menu-item-type-post_type menu-item-object-page menu-item-12611\"><a href=\"https:\/\/www.meridiangroup.rs\/en\/perforirane-zidne-police\/\" class=\"elementor-sub-item\">Perforated Wall Shelving Units<\/a><\/li>\n\t<li class=\"menu-item menu-item-type-post_type menu-item-object-page menu-item-12606\"><a href=\"https:\/\/www.meridiangroup.rs\/en\/sistemi-polica-pult-kase\/\" class=\"elementor-sub-item\">Checkout Counter Shelves<\/a><\/li>\n\t<li class=\"menu-item menu-item-type-post_type menu-item-object-page menu-item-18176\"><a href=\"https:\/\/www.meridiangroup.rs\/en\/police-za-apoteku\/\" class=\"elementor-sub-item\">Pharmacy Shelves<\/a><\/li>\n\t<li class=\"menu-item menu-item-type-post_type menu-item-object-page menu-item-18175\"><a href=\"https:\/\/www.meridiangroup.rs\/en\/police-za-knjige\/\" class=\"elementor-sub-item\">Bookstore Shelves<\/a><\/li>\n\t<li class=\"menu-item menu-item-type-post_type menu-item-object-page menu-item-18274\"><a href=\"https:\/\/www.meridiangroup.rs\/en\/police-za-zacine-i-mahunarke\/\" class=\"elementor-sub-item\">Shelves For Spices And Legumes<\/a><\/li>\n\t<li class=\"menu-item menu-item-type-post_type menu-item-object-page menu-item-12608\"><a href=\"https:\/\/www.meridiangroup.rs\/en\/sistemi-prednje-gondola-police\/\" class=\"elementor-sub-item\">Gondola Head Shelving Units<\/a><\/li>\n\t<li class=\"menu-item menu-item-type-post_type menu-item-object-page menu-item-12609\"><a href=\"https:\/\/www.meridiangroup.rs\/en\/obli-sistemi-prednje-gondola-police\/\" class=\"elementor-sub-item\">Round Gondola Head Shelving Unit<\/a><\/li>\n\t<li class=\"menu-item menu-item-type-post_type menu-item-object-page menu-item-5872\"><a href=\"https:\/\/www.meridiangroup.rs\/en\/voce-i-povrce-izlozbene-police\/\" class=\"elementor-sub-item\">Fruit &amp; Vegetable Display Shelving Units<\/a><\/li>\n\t<li class=\"menu-item menu-item-type-post_type menu-item-object-page menu-item-12612\"><a href=\"https:\/\/www.meridiangroup.rs\/en\/zicana-zidna-polica\/\" class=\"elementor-sub-item\">Wire Wall Shelving Units<\/a><\/li>\n\t<li class=\"menu-item menu-item-type-post_type menu-item-object-page menu-item-12604\"><a href=\"https:\/\/www.meridiangroup.rs\/en\/zidne-police\/\" class=\"elementor-sub-item\">Wall Shelving Units<\/a><\/li>\n<\/ul>\n<\/li>\n<li class=\"menu-item menu-item-type-post_type menu-item-object-page menu-item-5888\"><a href=\"https:\/\/www.meridiangroup.rs\/en\/transportna-kolica\/\" class=\"elementor-item\">Transport Trolleys<\/a><\/li>\n<li class=\"menu-item menu-item-type-post_type menu-item-object-page menu-item-5877\"><a href=\"https:\/\/www.meridiangroup.rs\/en\/trgovacke-korpe\/\" class=\"elementor-item\">Shopping Baskets<\/a><\/li>\n<li class=\"menu-item menu-item-type-post_type menu-item-object-page menu-item-has-children menu-item-5878\"><a href=\"https:\/\/www.meridiangroup.rs\/en\/trgovacka-kolica\/\" class=\"elementor-item\">Shopping Trolleys<\/a>\n<ul class=\"sub-menu elementor-nav-menu--dropdown\">\n\t<li class=\"menu-item menu-item-type-post_type menu-item-object-page menu-item-5879\"><a href=\"https:\/\/www.meridiangroup.rs\/en\/decija-trgovacka-kolica\/\" class=\"elementor-sub-item\">De\u010dija Trgova\u010dka Kolica<\/a><\/li>\n\t<li class=\"menu-item menu-item-type-post_type menu-item-object-page menu-item-5880\"><a href=\"https:\/\/www.meridiangroup.rs\/en\/sistem-depozitnog-novca\/\" class=\"elementor-sub-item\">Coin Deposit System<\/a><\/li>\n\t<li class=\"menu-item menu-item-type-post_type menu-item-object-page menu-item-5881\"><a href=\"https:\/\/www.meridiangroup.rs\/en\/duty-free-kolica\/\" class=\"elementor-sub-item\">Duty Free Shopping Trolleys<\/a><\/li>\n\t<li class=\"menu-item menu-item-type-post_type menu-item-object-page menu-item-5884\"><a href=\"https:\/\/www.meridiangroup.rs\/en\/market-kolica-sa-duplim-zicanim-korpama\/\" class=\"elementor-sub-item\">Market Trolleys With Double Wire Baskets<\/a><\/li>\n\t<li class=\"menu-item menu-item-type-post_type menu-item-object-page menu-item-5882\"><a href=\"https:\/\/www.meridiangroup.rs\/en\/metalna-trgovacka-kolica\/\" class=\"elementor-sub-item\">Metal Shopping Trolleys<\/a><\/li>\n\t<li class=\"menu-item menu-item-type-post_type menu-item-object-page menu-item-5883\"><a href=\"https:\/\/www.meridiangroup.rs\/en\/plasticna-trgovacka-kolica\/\" class=\"elementor-sub-item\">Plastic Shopping Trolley<\/a><\/li>\n\t<li class=\"menu-item menu-item-type-post_type menu-item-object-page menu-item-5885\"><a href=\"https:\/\/www.meridiangroup.rs\/en\/kolica-sa-dodatnim-dijelom\/\" class=\"elementor-sub-item\">Metal Trolleys With Bottom Stocking Area<\/a><\/li>\n\t<li class=\"menu-item menu-item-type-post_type menu-item-object-page menu-item-5886\"><a href=\"https:\/\/www.meridiangroup.rs\/en\/kolica-za-supermarket-sa-djecijim-kolima\/\" class=\"elementor-sub-item\">Supermarket Trolley With Kid's Car<\/a><\/li>\n<\/ul>\n<\/li>\n<li class=\"menu-item menu-item-type-post_type menu-item-object-page menu-item-5887\"><a href=\"https:\/\/www.meridiangroup.rs\/en\/vitrine-stalaza\/\" class=\"elementor-item\">Showcases<\/a><\/li>\n<\/ul>\t\t\t<\/nav>\n\t\t\t\t\t<div class=\"elementor-menu-toggle\" role=\"button\" tabindex=\"0\" aria-label=\"Menu Toggle\" aria-expanded=\"false\">\n\t\t\t<i aria-hidden=\"true\" role=\"presentation\" class=\"elementor-menu-toggle__icon--open eicon-menu-bar\"><\/i><i aria-hidden=\"true\" role=\"presentation\" class=\"elementor-menu-toggle__icon--close eicon-close\"><\/i>\t\t<\/div>\n\t\t\t\t\t<nav class=\"elementor-nav-menu--dropdown elementor-nav-menu__container\" aria-hidden=\"true\">\n\t\t\t\t<ul id=\"menu-2-6ca8e4d6\" class=\"elementor-nav-menu\"><li class=\"menu-item menu-item-type-post_type menu-item-object-page menu-item-5864\"><a href=\"https:\/\/www.meridiangroup.rs\/en\/kasa-pult\/\" class=\"elementor-item\" tabindex=\"-1\">Checkout Cash Desk<\/a><\/li>\n<li class=\"menu-item menu-item-type-post_type menu-item-object-page menu-item-12805\"><a href=\"https:\/\/www.meridiangroup.rs\/en\/kolica-s-platformom\/\" class=\"elementor-item\" tabindex=\"-1\">Platform Trolleys<\/a><\/li>\n<li class=\"menu-item menu-item-type-post_type menu-item-object-page menu-item-5892\"><a href=\"https:\/\/www.meridiangroup.rs\/en\/okretni-sistemi\/\" class=\"elementor-item\" tabindex=\"-1\">Turnstile System<\/a><\/li>\n<li class=\"menu-item menu-item-type-post_type menu-item-object-page menu-item-has-children menu-item-5865\"><a href=\"https:\/\/www.meridiangroup.rs\/en\/akcijske-korpe\/\" class=\"elementor-item\" tabindex=\"-1\">Promotion Baskets<\/a>\n<ul class=\"sub-menu elementor-nav-menu--dropdown\">\n\t<li class=\"menu-item menu-item-type-post_type menu-item-object-page menu-item-5867\"><a href=\"https:\/\/www.meridiangroup.rs\/en\/akcijske-korpe-sa-profilnim-linijama\/\" class=\"elementor-sub-item\" tabindex=\"-1\">Promotion Baskets<\/a><\/li>\n\t<li class=\"menu-item menu-item-type-post_type menu-item-object-page menu-item-5866\"><a href=\"https:\/\/www.meridiangroup.rs\/en\/sklopive-akcijske-korpe\/\" class=\"elementor-sub-item\" tabindex=\"-1\">Foldable Promotion Baskets<\/a><\/li>\n<\/ul>\n<\/li>\n<li class=\"menu-item menu-item-type-post_type menu-item-object-page menu-item-has-children menu-item-7368\"><a href=\"https:\/\/www.meridiangroup.rs\/en\/rashladne-izlozbene-vitrine\/\" class=\"elementor-item\" tabindex=\"-1\">Refrigerated Cabinets<\/a>\n<ul class=\"sub-menu elementor-nav-menu--dropdown\">\n\t<li class=\"menu-item menu-item-type-post_type menu-item-object-page menu-item-7369\"><a href=\"https:\/\/www.meridiangroup.rs\/en\/izlozbeni-zamrzivaci\/\" class=\"elementor-sub-item\" tabindex=\"-1\">Freezer Display Cabinets<\/a><\/li>\n\t<li class=\"menu-item menu-item-type-post_type menu-item-object-page menu-item-7365\"><a href=\"https:\/\/www.meridiangroup.rs\/en\/rashladne-izlozbene-vitrine-sa-vise-polica\/\" class=\"elementor-sub-item\" tabindex=\"-1\">Multidecks<\/a><\/li>\n\t<li class=\"menu-item menu-item-type-post_type menu-item-object-page menu-item-7366\"><a href=\"https:\/\/www.meridiangroup.rs\/en\/rashladne-izlozbene-vitrine-sa-uslugom-preko-pulta\/\" class=\"elementor-sub-item\" tabindex=\"-1\">Serve Over Counters<\/a><\/li>\n\t<li class=\"menu-item menu-item-type-post_type menu-item-object-page menu-item-7367\"><a href=\"https:\/\/www.meridiangroup.rs\/en\/rashladne-izlozbene-vitrine-sa-unutrasnjim-motorom\/\" class=\"elementor-sub-item\" tabindex=\"-1\">Plug-in Cabinets<\/a><\/li>\n<\/ul>\n<\/li>\n<li class=\"menu-item menu-item-type-post_type menu-item-object-page menu-item-12804\"><a href=\"https:\/\/www.meridiangroup.rs\/en\/rucna-kolica\/\" class=\"elementor-item\" tabindex=\"-1\">Hand Trolleys<\/a><\/li>\n<li class=\"menu-item menu-item-type-post_type menu-item-object-page menu-item-has-children menu-item-5869\"><a href=\"https:\/\/www.meridiangroup.rs\/en\/sistemi-police\/\" class=\"elementor-item\" tabindex=\"-1\">Shelving Systems<\/a>\n<ul class=\"sub-menu elementor-nav-menu--dropdown\">\n\t<li class=\"menu-item menu-item-type-post_type menu-item-object-page menu-item-12607\"><a href=\"https:\/\/www.meridiangroup.rs\/en\/bocni-sistemi-prednjeg-dijela-gondola-police\/\" class=\"elementor-sub-item\" tabindex=\"-1\">Side Gondola Head Shelves<\/a><\/li>\n\t<li class=\"menu-item menu-item-type-post_type menu-item-object-page menu-item-12605\"><a href=\"https:\/\/www.meridiangroup.rs\/en\/sistemi-cosak-police\/\" class=\"elementor-sub-item\" tabindex=\"-1\">Corner Shelving Units<\/a><\/li>\n\t<li class=\"menu-item menu-item-type-post_type menu-item-object-page menu-item-12610\"><a href=\"https:\/\/www.meridiangroup.rs\/en\/sistemi-gondola-police\/\" class=\"elementor-sub-item\" tabindex=\"-1\">Gondola Shelving Units<\/a><\/li>\n\t<li class=\"menu-item menu-item-type-post_type menu-item-object-page menu-item-12603\"><a href=\"https:\/\/www.meridiangroup.rs\/en\/pekarske-izlozbene-police\/\" class=\"elementor-sub-item\" tabindex=\"-1\">Bakery Display Shelving Units<\/a><\/li>\n\t<li class=\"menu-item menu-item-type-post_type menu-item-object-page menu-item-12611\"><a href=\"https:\/\/www.meridiangroup.rs\/en\/perforirane-zidne-police\/\" class=\"elementor-sub-item\" tabindex=\"-1\">Perforated Wall Shelving Units<\/a><\/li>\n\t<li class=\"menu-item menu-item-type-post_type menu-item-object-page menu-item-12606\"><a href=\"https:\/\/www.meridiangroup.rs\/en\/sistemi-polica-pult-kase\/\" class=\"elementor-sub-item\" tabindex=\"-1\">Checkout Counter Shelves<\/a><\/li>\n\t<li class=\"menu-item menu-item-type-post_type menu-item-object-page menu-item-18176\"><a href=\"https:\/\/www.meridiangroup.rs\/en\/police-za-apoteku\/\" class=\"elementor-sub-item\" tabindex=\"-1\">Pharmacy Shelves<\/a><\/li>\n\t<li class=\"menu-item menu-item-type-post_type menu-item-object-page menu-item-18175\"><a href=\"https:\/\/www.meridiangroup.rs\/en\/police-za-knjige\/\" class=\"elementor-sub-item\" tabindex=\"-1\">Bookstore Shelves<\/a><\/li>\n\t<li class=\"menu-item menu-item-type-post_type menu-item-object-page menu-item-18274\"><a href=\"https:\/\/www.meridiangroup.rs\/en\/police-za-zacine-i-mahunarke\/\" class=\"elementor-sub-item\" tabindex=\"-1\">Shelves For Spices And Legumes<\/a><\/li>\n\t<li class=\"menu-item menu-item-type-post_type menu-item-object-page menu-item-12608\"><a href=\"https:\/\/www.meridiangroup.rs\/en\/sistemi-prednje-gondola-police\/\" class=\"elementor-sub-item\" tabindex=\"-1\">Gondola Head Shelving Units<\/a><\/li>\n\t<li class=\"menu-item menu-item-type-post_type menu-item-object-page menu-item-12609\"><a href=\"https:\/\/www.meridiangroup.rs\/en\/obli-sistemi-prednje-gondola-police\/\" class=\"elementor-sub-item\" tabindex=\"-1\">Round Gondola Head Shelving Unit<\/a><\/li>\n\t<li class=\"menu-item menu-item-type-post_type menu-item-object-page menu-item-5872\"><a href=\"https:\/\/www.meridiangroup.rs\/en\/voce-i-povrce-izlozbene-police\/\" class=\"elementor-sub-item\" tabindex=\"-1\">Fruit &amp; Vegetable Display Shelving Units<\/a><\/li>\n\t<li class=\"menu-item menu-item-type-post_type menu-item-object-page menu-item-12612\"><a href=\"https:\/\/www.meridiangroup.rs\/en\/zicana-zidna-polica\/\" class=\"elementor-sub-item\" tabindex=\"-1\">Wire Wall Shelving Units<\/a><\/li>\n\t<li class=\"menu-item menu-item-type-post_type menu-item-object-page menu-item-12604\"><a href=\"https:\/\/www.meridiangroup.rs\/en\/zidne-police\/\" class=\"elementor-sub-item\" tabindex=\"-1\">Wall Shelving Units<\/a><\/li>\n<\/ul>\n<\/li>\n<li class=\"menu-item menu-item-type-post_type menu-item-object-page menu-item-5888\"><a href=\"https:\/\/www.meridiangroup.rs\/en\/transportna-kolica\/\" class=\"elementor-item\" tabindex=\"-1\">Transport Trolleys<\/a><\/li>\n<li class=\"menu-item menu-item-type-post_type menu-item-object-page menu-item-5877\"><a href=\"https:\/\/www.meridiangroup.rs\/en\/trgovacke-korpe\/\" class=\"elementor-item\" tabindex=\"-1\">Shopping Baskets<\/a><\/li>\n<li class=\"menu-item menu-item-type-post_type menu-item-object-page menu-item-has-children menu-item-5878\"><a href=\"https:\/\/www.meridiangroup.rs\/en\/trgovacka-kolica\/\" class=\"elementor-item\" tabindex=\"-1\">Shopping Trolleys<\/a>\n<ul class=\"sub-menu elementor-nav-menu--dropdown\">\n\t<li class=\"menu-item menu-item-type-post_type menu-item-object-page menu-item-5879\"><a href=\"https:\/\/www.meridiangroup.rs\/en\/decija-trgovacka-kolica\/\" class=\"elementor-sub-item\" tabindex=\"-1\">De\u010dija Trgova\u010dka Kolica<\/a><\/li>\n\t<li class=\"menu-item menu-item-type-post_type menu-item-object-page menu-item-5880\"><a href=\"https:\/\/www.meridiangroup.rs\/en\/sistem-depozitnog-novca\/\" class=\"elementor-sub-item\" tabindex=\"-1\">Coin Deposit System<\/a><\/li>\n\t<li class=\"menu-item menu-item-type-post_type menu-item-object-page menu-item-5881\"><a href=\"https:\/\/www.meridiangroup.rs\/en\/duty-free-kolica\/\" class=\"elementor-sub-item\" tabindex=\"-1\">Duty Free Shopping Trolleys<\/a><\/li>\n\t<li class=\"menu-item menu-item-type-post_type menu-item-object-page menu-item-5884\"><a href=\"https:\/\/www.meridiangroup.rs\/en\/market-kolica-sa-duplim-zicanim-korpama\/\" class=\"elementor-sub-item\" tabindex=\"-1\">Market Trolleys With Double Wire Baskets<\/a><\/li>\n\t<li class=\"menu-item menu-item-type-post_type menu-item-object-page menu-item-5882\"><a href=\"https:\/\/www.meridiangroup.rs\/en\/metalna-trgovacka-kolica\/\" class=\"elementor-sub-item\" tabindex=\"-1\">Metal Shopping Trolleys<\/a><\/li>\n\t<li class=\"menu-item menu-item-type-post_type menu-item-object-page menu-item-5883\"><a href=\"https:\/\/www.meridiangroup.rs\/en\/plasticna-trgovacka-kolica\/\" class=\"elementor-sub-item\" tabindex=\"-1\">Plastic Shopping Trolley<\/a><\/li>\n\t<li class=\"menu-item menu-item-type-post_type menu-item-object-page menu-item-5885\"><a href=\"https:\/\/www.meridiangroup.rs\/en\/kolica-sa-dodatnim-dijelom\/\" class=\"elementor-sub-item\" tabindex=\"-1\">Metal Trolleys With Bottom Stocking Area<\/a><\/li>\n\t<li class=\"menu-item menu-item-type-post_type menu-item-object-page menu-item-5886\"><a href=\"https:\/\/www.meridiangroup.rs\/en\/kolica-za-supermarket-sa-djecijim-kolima\/\" class=\"elementor-sub-item\" tabindex=\"-1\">Supermarket Trolley With Kid's Car<\/a><\/li>\n<\/ul>\n<\/li>\n<li class=\"menu-item menu-item-type-post_type menu-item-object-page menu-item-5887\"><a href=\"https:\/\/www.meridiangroup.rs\/en\/vitrine-stalaza\/\" class=\"elementor-item\" tabindex=\"-1\">Showcases<\/a><\/li>\n<\/ul>\t\t\t<\/nav>\n\t\t\t\t\t\t<\/div>\n\t\t\t\t<\/div>\n\t\t\t\t\t<\/div>\n\t\t<\/div>\n\t\t\t\t<div class=\"elementor-column elementor-col-33 elementor-top-column elementor-element elementor-element-254945da\" data-id=\"254945da\" data-element_type=\"column\" data-e-type=\"column\">\n\t\t\t<div class=\"elementor-widget-wrap elementor-element-populated\">\n\t\t\t\t\t\t<div class=\"elementor-element elementor-element-63fe1e0f elementor-widget elementor-widget-image\" data-id=\"63fe1e0f\" data-element_type=\"widget\" data-e-type=\"widget\" data-widget_type=\"image.default\">\n\t\t\t\t<div class=\"elementor-widget-container\">\n\t\t\t\t\t\t\t\t\t\t\t\t\t\t\t<img fetchpriority=\"high\" decoding=\"async\" width=\"300\" height=\"300\" src=\"https:\/\/www.meridiangroup.rs\/wp-content\/uploads\/2019\/05\/wire-basket-with-profiles-1.jpg\" class=\"attachment-large size-large wp-image-6208\" alt=\"Akcijska Korpa\" srcset=\"https:\/\/www.meridiangroup.rs\/wp-content\/uploads\/2019\/05\/wire-basket-with-profiles-1.jpg 300w, https:\/\/www.meridiangroup.rs\/wp-content\/uploads\/2019\/05\/wire-basket-with-profiles-1-150x150.jpg 150w, https:\/\/www.meridiangroup.rs\/wp-content\/uploads\/2019\/05\/wire-basket-with-profiles-1-100x100.jpg 100w\" sizes=\"(max-width: 300px) 100vw, 300px\" \/>\t\t\t\t\t\t\t\t\t\t\t\t\t\t\t<\/div>\n\t\t\t\t<\/div>\n\t\t\t\t\t<\/div>\n\t\t<\/div>\n\t\t\t\t<div class=\"elementor-column elementor-col-33 elementor-top-column elementor-element elementor-element-4dfd608c\" data-id=\"4dfd608c\" data-element_type=\"column\" data-e-type=\"column\">\n\t\t\t<div class=\"elementor-widget-wrap elementor-element-populated\">\n\t\t\t\t\t\t<section class=\"elementor-section elementor-inner-section elementor-element elementor-element-17f4b866 elementor-section-boxed elementor-section-height-default elementor-section-height-default\" data-id=\"17f4b866\" data-element_type=\"section\" data-e-type=\"section\">\n\t\t\t\t\t\t<div class=\"elementor-container elementor-column-gap-default\">\n\t\t\t\t\t<div class=\"elementor-column elementor-col-100 elementor-inner-column elementor-element elementor-element-6875e42d\" data-id=\"6875e42d\" data-element_type=\"column\" data-e-type=\"column\">\n\t\t\t<div class=\"elementor-widget-wrap elementor-element-populated\">\n\t\t\t\t\t\t<div class=\"elementor-element elementor-element-3b71b6dc elementor-widget elementor-widget-text-editor\" data-id=\"3b71b6dc\" data-element_type=\"widget\" data-e-type=\"widget\" data-widget_type=\"text-editor.default\">\n\t\t\t\t<div class=\"elementor-widget-container\">\n\t\t\t\t\t\t\t\t\t<p><strong>225 Litara Zapremina Korpe<\/strong><\/p><p><strong>Order Number:<\/strong>\u00a091050080080<\/p><p><strong>Material:<\/strong>\u00a0Wire metal<\/p><p><strong>Surface:<\/strong>\u00a0High-gloss chrome-plated finish.<\/p><p><strong><u>Dimension:<\/u><br \/>Height:<\/strong>\u00a085 cm\u00a0\u00a0\u00a0\u00a0\u00a0\u00a0\u00a0\u00a0\u00a0\u00a0\u00a0\u00a0<br \/><strong>Width:<\/strong>\u00a080 cm<br \/><strong>Lenght:<\/strong>\u00a080 cm<\/p><p>Ideal for promotional products display 3 stage adjustable wire bottom plank.<\/p>\t\t\t\t\t\t\t\t<\/div>\n\t\t\t\t<\/div>\n\t\t\t\t\t<\/div>\n\t\t<\/div>\n\t\t\t\t\t<\/div>\n\t\t<\/section>\n\t\t\t\t\t<\/div>\n\t\t<\/div>\n\t\t\t\t\t<\/div>\n\t\t<\/section>\n\t\t\t\t<\/div>","protected":false},"excerpt":{"rendered":"<p>Akcijska Korpa WSB03\u200b 225 Litara Zapremina Korpe Broj Narud\u017ebe:\u00a091050080080 Materijal:\u00a0\u017di\u010dani metal Povr\u0161ina:\u00a0Visoki sjaj premazano kromom. Dimenzije:Visina:\u00a085 cm\u00a0\u00a0\u00a0\u00a0\u00a0\u00a0\u00a0\u00a0\u00a0\u00a0\u00a0\u00a0\u0160irina:\u00a080 cmDu\u017eina:\u00a080 cm Idealna za lzlaganje promotivnih proizvoda sa mogu\u010dno\u0161\u0107u \u0161timanja donje \u017eice na 3 sprata.<\/p>","protected":false},"author":2,"featured_media":0,"parent":0,"menu_order":0,"comment_status":"closed","ping_status":"closed","template":"","meta":{"footnotes":""},"class_list":["post-5295","page","type-page","status-publish","hentry","entry","owp-thumbs-layout-horizontal","owp-btn-normal","owp-tabs-layout-horizontal","has-no-thumbnails","has-product-nav"],"_links":{"self":[{"href":"https:\/\/www.meridiangroup.rs\/en\/wp-json\/wp\/v2\/pages\/5295","targetHints":{"allow":["GET"]}}],"collection":[{"href":"https:\/\/www.meridiangroup.rs\/en\/wp-json\/wp\/v2\/pages"}],"about":[{"href":"https:\/\/www.meridiangroup.rs\/en\/wp-json\/wp\/v2\/types\/page"}],"author":[{"embeddable":true,"href":"https:\/\/www.meridiangroup.rs\/en\/wp-json\/wp\/v2\/users\/2"}],"replies":[{"embeddable":true,"href":"https:\/\/www.meridiangroup.rs\/en\/wp-json\/wp\/v2\/comments?post=5295"}],"version-history":[{"count":0,"href":"https:\/\/www.meridiangroup.rs\/en\/wp-json\/wp\/v2\/pages\/5295\/revisions"}],"wp:attachment":[{"href":"https:\/\/www.meridiangroup.rs\/en\/wp-json\/wp\/v2\/media?parent=5295"}],"curies":[{"name":"wp","href":"https:\/\/api.w.org\/{rel}","templated":true}]}}