{"id":16068,"date":"2021-12-12T18:53:08","date_gmt":"2021-12-12T18:53:08","guid":{"rendered":"https:\/\/www.meridiangroup.rs\/?post_type=product&#038;p=16068"},"modified":"2022-01-03T09:00:05","modified_gmt":"2022-01-03T09:00:05","slug":"promini-100m-profesionalni-mokro-suhi-usisivac","status":"publish","type":"product","link":"https:\/\/www.meridiangroup.rs\/en\/proizvodi\/promini-100m-profesionalni-mokro-suhi-usisivac\/","title":{"rendered":"Promidi 100M Professional wet-dry vacuum cleaner"},"content":{"rendered":"<p><strong>TECHNICAL EQUIPMENT<\/strong><\/p>\n<p><strong>General specifications:<\/strong><br \/>\nMotor power: 1500 W<br \/>\nEngine type: Dry \/ Wet<br \/>\nVacuuming power: 2100 mmSS<br \/>\nFunction: Dry and wet<br \/>\nVoltage \/ Frequency: 220-230V AC \/50\/60 Hz<br \/>\nTank type: PP<br \/>\nTank capacity: 12 lt<br \/>\nDust bag capacity: 7 lt<br \/>\nDirty water tank: 5 lt<br \/>\nLock type: PP<br \/>\nWarranty: 2 years<\/p>\n<p><strong>Dimension:<\/strong><br \/>\nProduct dimensions: \u00d8 290 x 430 mm<br \/>\nHose length: 160 cm<br \/>\nHose diameter: \u00d834 mm<br \/>\nHose set: PP \u00d834 mm<br \/>\nWheels: 5 x PVC \u00d850 mm<br \/>\nCable length: 5 m \/ 2 x 0.75 mm\u00b2<br \/>\nNet product weight: 5.5 kg<br \/>\nPackage dimensions: 360 x 370 x 445 mm<br \/>\nTotal box weight: 6.5 kg<\/p>","protected":false},"excerpt":{"rendered":"<p>TEHNI\u010cKA OPREMA Op\u0161te karakteristike: Snaga motora:1500 W Tip motora: Suhi \/ Mokro Snaga usisavanja: 2100 mmSS Funkcija: Suhi i mokro Napon \/ Frekvencija: 220-230V AC \/50\/60 Hz Tip spremnika: PP Kapacitet spremnika: 12 lt Kapacitet vre\u0107ice za pra\u0161inu: 7 lt Spremnik za prljavu vodu: 5 lt Na\u010din zaklju\u010davanja: PP Garancija: 2 godine Dimenzije: Dimenzije proizvoda: [&hellip;]<\/p>\n","protected":false},"featured_media":16041,"comment_status":"open","ping_status":"closed","template":"","meta":[],"product_brand":[],"product_cat":[811,812],"product_tag":[818,814],"class_list":{"0":"post-16068","1":"product","2":"type-product","3":"status-publish","4":"has-post-thumbnail","6":"product_cat-hotelska-kolica-i-oprema-za-ciscenje","7":"product_cat-masine-za-odrzavanje-podova-i-ciscenje","8":"product_tag-promini-100m","9":"product_tag-usisivac","11":"entry","12":"has-media","14":"first","15":"instock","16":"shipping-taxable","17":"purchasable","18":"product-type-simple","19":"has-product-nav","20":"col","21":"span_1_of_3","22":"owp-content-center","23":"owp-thumbs-layout-horizontal","24":"owp-btn-normal","25":"owp-tabs-layout-horizontal"},"_links":{"self":[{"href":"https:\/\/www.meridiangroup.rs\/en\/wp-json\/wp\/v2\/product\/16068","targetHints":{"allow":["GET"]}}],"collection":[{"href":"https:\/\/www.meridiangroup.rs\/en\/wp-json\/wp\/v2\/product"}],"about":[{"href":"https:\/\/www.meridiangroup.rs\/en\/wp-json\/wp\/v2\/types\/product"}],"replies":[{"embeddable":true,"href":"https:\/\/www.meridiangroup.rs\/en\/wp-json\/wp\/v2\/comments?post=16068"}],"version-history":[{"count":1,"href":"https:\/\/www.meridiangroup.rs\/en\/wp-json\/wp\/v2\/product\/16068\/revisions"}],"predecessor-version":[{"id":16069,"href":"https:\/\/www.meridiangroup.rs\/en\/wp-json\/wp\/v2\/product\/16068\/revisions\/16069"}],"wp:featuredmedia":[{"embeddable":true,"href":"https:\/\/www.meridiangroup.rs\/en\/wp-json\/wp\/v2\/media\/16041"}],"wp:attachment":[{"href":"https:\/\/www.meridiangroup.rs\/en\/wp-json\/wp\/v2\/media?parent=16068"}],"wp:term":[{"taxonomy":"product_brand","embeddable":true,"href":"https:\/\/www.meridiangroup.rs\/en\/wp-json\/wp\/v2\/product_brand?post=16068"},{"taxonomy":"product_cat","embeddable":true,"href":"https:\/\/www.meridiangroup.rs\/en\/wp-json\/wp\/v2\/product_cat?post=16068"},{"taxonomy":"product_tag","embeddable":true,"href":"https:\/\/www.meridiangroup.rs\/en\/wp-json\/wp\/v2\/product_tag?post=16068"}],"curies":[{"name":"wp","href":"https:\/\/api.w.org\/{rel}","templated":true}]}}