{"id":16078,"date":"2021-12-12T19:03:22","date_gmt":"2021-12-12T19:03:22","guid":{"rendered":"https:\/\/www.meridiangroup.rs\/?post_type=product&#038;p=16078"},"modified":"2022-01-03T08:59:36","modified_gmt":"2022-01-03T08:59:36","slug":"promidi-400m-profesionalni-mokro-suhi-usisivac","status":"publish","type":"product","link":"https:\/\/www.meridiangroup.rs\/en\/proizvodi\/promidi-400m-profesionalni-mokro-suhi-usisivac\/","title":{"rendered":"Promidi 400M Professional wet-dry vacuum cleaner"},"content":{"rendered":"<p><strong>TECHNICAL EQUIPMENT<\/strong><\/p>\n<p><strong>General specifications:<\/strong><br \/>\nMotor power: 1000 W<br \/>\nMotor type: By-pass\/ Double stage<br \/>\nVacuuming power: 2200 mmSS<br \/>\nFunction: Wet \/ dry<br \/>\nVoltage \/ Frequency: 220-230V AC \/50\/60 Hz<br \/>\nTank type: Steel \/ Stainless steel<br \/>\nTank capacity: 40 lt<br \/>\nDust bag capacity: 15 lt<br \/>\nDirty water tank: 60 lt<br \/>\nLock type: Metal<br \/>\nAlt body: CPP Car Body<br \/>\nMotor protecting: Float system<br \/>\nPushing mechanism: PP cover on metal<br \/>\nHose plug off: Locked system<br \/>\nDirty water discharge: Eva \u00d834 mm discharging hose<br \/>\nWarranty: 2 years<\/p>\n<p><strong>Dimension:<\/strong><br \/>\nProduct dimensions: \u00d8560 x 880 mm<br \/>\nHose length: 240 cm<br \/>\nHose diameter: \u00d838 mm<br \/>\nHose set: Steel \u00d838 mm<br \/>\nWheels: 2 x \u00d8160 PVC front \/ 2 x \u00d875 PVC back<br \/>\nCable length: 10 m \/ 2 x 1 mm\u00b2<br \/>\nNet product weight: 17.5 kg<br \/>\nPackage dimensions: 485 x 550 x 935 mm<br \/>\nTotal box weight: 20 kg<\/p>","protected":false},"excerpt":{"rendered":"<p>TEHNI\u010cKA OPREMA Op\u0161te karakteristike: Snaga motora: 1000 W Tip motora: Bypass \/ Dvostepeni Snaga usisavanja: 2200 mmSS Funkcija: Mokro \/ suho Napon \/ Frekvencija: 220-230V AC \/50\/60 Hz Tip spremnika: \u010celik \/ Nehr\u0111aju\u0107i \u010delik Kapacitet spremnika: 40 lt Kapacitet vre\u0107ice za pra\u0161inu: 15 lt Spremnik za prljavu vodu: 27 lt Na\u010din zaklju\u010davanja: Metal Postolje kolica: [&hellip;]<\/p>\n","protected":false},"featured_media":16021,"comment_status":"open","ping_status":"closed","template":"","meta":[],"product_brand":[],"product_cat":[811,812],"product_tag":[823,814],"class_list":{"0":"post-16078","1":"product","2":"type-product","3":"status-publish","4":"has-post-thumbnail","6":"product_cat-hotelska-kolica-i-oprema-za-ciscenje","7":"product_cat-masine-za-odrzavanje-podova-i-ciscenje","8":"product_tag-promidi-400m","9":"product_tag-usisivac","11":"entry","12":"has-media","14":"first","15":"instock","16":"shipping-taxable","17":"purchasable","18":"product-type-simple","19":"has-product-nav","20":"col","21":"span_1_of_3","22":"owp-content-center","23":"owp-thumbs-layout-horizontal","24":"owp-btn-normal","25":"owp-tabs-layout-horizontal"},"_links":{"self":[{"href":"https:\/\/www.meridiangroup.rs\/en\/wp-json\/wp\/v2\/product\/16078","targetHints":{"allow":["GET"]}}],"collection":[{"href":"https:\/\/www.meridiangroup.rs\/en\/wp-json\/wp\/v2\/product"}],"about":[{"href":"https:\/\/www.meridiangroup.rs\/en\/wp-json\/wp\/v2\/types\/product"}],"replies":[{"embeddable":true,"href":"https:\/\/www.meridiangroup.rs\/en\/wp-json\/wp\/v2\/comments?post=16078"}],"version-history":[{"count":1,"href":"https:\/\/www.meridiangroup.rs\/en\/wp-json\/wp\/v2\/product\/16078\/revisions"}],"predecessor-version":[{"id":16081,"href":"https:\/\/www.meridiangroup.rs\/en\/wp-json\/wp\/v2\/product\/16078\/revisions\/16081"}],"wp:featuredmedia":[{"embeddable":true,"href":"https:\/\/www.meridiangroup.rs\/en\/wp-json\/wp\/v2\/media\/16021"}],"wp:attachment":[{"href":"https:\/\/www.meridiangroup.rs\/en\/wp-json\/wp\/v2\/media?parent=16078"}],"wp:term":[{"taxonomy":"product_brand","embeddable":true,"href":"https:\/\/www.meridiangroup.rs\/en\/wp-json\/wp\/v2\/product_brand?post=16078"},{"taxonomy":"product_cat","embeddable":true,"href":"https:\/\/www.meridiangroup.rs\/en\/wp-json\/wp\/v2\/product_cat?post=16078"},{"taxonomy":"product_tag","embeddable":true,"href":"https:\/\/www.meridiangroup.rs\/en\/wp-json\/wp\/v2\/product_tag?post=16078"}],"curies":[{"name":"wp","href":"https:\/\/api.w.org\/{rel}","templated":true}]}}