{"id":16088,"date":"2021-12-12T19:15:23","date_gmt":"2021-12-12T19:15:23","guid":{"rendered":"https:\/\/www.meridiangroup.rs\/?post_type=product&#038;p=16088"},"modified":"2022-01-03T08:59:06","modified_gmt":"2022-01-03T08:59:06","slug":"promax-800cm2-profesionalni-mokro-suhi-usisivac","status":"publish","type":"product","link":"https:\/\/www.meridiangroup.rs\/en\/proizvodi\/promax-800cm2-profesionalni-mokro-suhi-usisivac\/","title":{"rendered":"Promax 800CM2 Professional wet-dry vacuum cleaner"},"content":{"rendered":"<p><strong>TECHNICAL EQUIPMENT<\/strong><\/p>\n<p><strong>General specifications:<\/strong><br \/>\nMotor power: 2000 W (1000W x 2)<br \/>\nMotor type: By-pass\/ Double stage<br \/>\nVacuuming power: 2200 mmSS<br \/>\nPump power: 3 bar<br \/>\nFunction: Carpet washing &amp; wet-dry cleaning<br \/>\nVoltage \/ Frequency: 220-230V AC \/50\/60 Hz<br \/>\nTank type: Steel<br \/>\nTank motor power: 80 lt<br \/>\nDust bag capacity: 35 lt<br \/>\nDirty water tank motor power: 60 lt<br \/>\nClean water tank motor power: 15 lt<br \/>\nLock type: Metal<br \/>\nAlt body: CPP Car Body<br \/>\nMotor protecting: Float system<br \/>\nHose plug in: Locked system<br \/>\nHose plug off: Locked system<br \/>\nPushing mechanism: PP cover on metal<br \/>\nDirty water discharge: Eva \u00d834 mm discharging hose<br \/>\nWarranty: 2 years<\/p>\n<p><strong>Dimension:<\/strong><br \/>\nProduct dimensions: \u00d8780 x 942 mm<br \/>\nHose length: 240 cm<br \/>\nHose diameter: \u00d838 mm<br \/>\nHose set: Steel \u00d838 mm<br \/>\nWheels: 2 x \u00d875 PVC front \/ 2 x \u00d8160 PVC back<br \/>\nCable length: 10 m \/ 2 x 1.5 mm\u00b2<br \/>\nNet product weight: 28.5 kg<br \/>\nBox dimensions: 535 x 705 x 1070 mm<br \/>\nTotal box weight: 32 kg<\/p>","protected":false},"excerpt":{"rendered":"<p>TEHNI\u010cKA OPREMA Op\u0161te karakteristike: Snaga motora: 2000 W (1000W x 2) Tip motora: Bypass \/ Dvostepeni Snaga usisavanja: 2200 mmSS Snaga pumpe: 3 bar Funkcija: \u010ci\u0161\u0107enje tepiha i mokro\/suho \u010di\u0161\u0107enje Napon \/ Frekvencija: 220-230V AC \/50\/60 Hz Tip spremnika: \u010celik Kapacitet spremnika: 80 lt Kapacitet vre\u0107ice za pra\u0161inu: 35 lt Spremnik za prljavu vodu: 60 [&hellip;]<\/p>\n","protected":false},"featured_media":16056,"comment_status":"open","ping_status":"closed","template":"","meta":[],"product_brand":[],"product_cat":[811,812],"product_tag":[828,814],"class_list":{"0":"post-16088","1":"product","2":"type-product","3":"status-publish","4":"has-post-thumbnail","6":"product_cat-hotelska-kolica-i-oprema-za-ciscenje","7":"product_cat-masine-za-odrzavanje-podova-i-ciscenje","8":"product_tag-promax-800cm2","9":"product_tag-usisivac","11":"entry","12":"has-media","14":"first","15":"instock","16":"shipping-taxable","17":"purchasable","18":"product-type-simple","19":"has-product-nav","20":"col","21":"span_1_of_3","22":"owp-content-center","23":"owp-thumbs-layout-horizontal","24":"owp-btn-normal","25":"owp-tabs-layout-horizontal"},"_links":{"self":[{"href":"https:\/\/www.meridiangroup.rs\/en\/wp-json\/wp\/v2\/product\/16088","targetHints":{"allow":["GET"]}}],"collection":[{"href":"https:\/\/www.meridiangroup.rs\/en\/wp-json\/wp\/v2\/product"}],"about":[{"href":"https:\/\/www.meridiangroup.rs\/en\/wp-json\/wp\/v2\/types\/product"}],"replies":[{"embeddable":true,"href":"https:\/\/www.meridiangroup.rs\/en\/wp-json\/wp\/v2\/comments?post=16088"}],"version-history":[{"count":1,"href":"https:\/\/www.meridiangroup.rs\/en\/wp-json\/wp\/v2\/product\/16088\/revisions"}],"predecessor-version":[{"id":16091,"href":"https:\/\/www.meridiangroup.rs\/en\/wp-json\/wp\/v2\/product\/16088\/revisions\/16091"}],"wp:featuredmedia":[{"embeddable":true,"href":"https:\/\/www.meridiangroup.rs\/en\/wp-json\/wp\/v2\/media\/16056"}],"wp:attachment":[{"href":"https:\/\/www.meridiangroup.rs\/en\/wp-json\/wp\/v2\/media?parent=16088"}],"wp:term":[{"taxonomy":"product_brand","embeddable":true,"href":"https:\/\/www.meridiangroup.rs\/en\/wp-json\/wp\/v2\/product_brand?post=16088"},{"taxonomy":"product_cat","embeddable":true,"href":"https:\/\/www.meridiangroup.rs\/en\/wp-json\/wp\/v2\/product_cat?post=16088"},{"taxonomy":"product_tag","embeddable":true,"href":"https:\/\/www.meridiangroup.rs\/en\/wp-json\/wp\/v2\/product_tag?post=16088"}],"curies":[{"name":"wp","href":"https:\/\/api.w.org\/{rel}","templated":true}]}}