{"id":16121,"date":"2021-12-12T20:25:20","date_gmt":"2021-12-12T20:25:20","guid":{"rendered":"https:\/\/www.meridiangroup.rs\/?post_type=product&#038;p=16121"},"modified":"2022-01-03T08:57:25","modified_gmt":"2022-01-03T08:57:25","slug":"procart-62-kolica-za-skupljanje-vesa","status":"publish","type":"product","link":"https:\/\/www.meridiangroup.rs\/en\/proizvodi\/procart-62-kolica-za-skupljanje-vesa\/","title":{"rendered":"Procart 62 Laundry trolley"},"content":{"rendered":"<p>Product structure: CPP - Plastic<br \/>\nBody thickness: 6 mm<br \/>\nProduct dimensions (width, length, height): 53 x 91 x 112 cm<br \/>\nProduct weight: 14,4 kg<br \/>\nLoad capacity: 200 kg<br \/>\nWheels: 2 x \u00d8150 mm with brake, 2 x \u00d8150 mm without brake, plastic construction, rubber back with bumper<br \/>\nWaste bin features: Impertex 420 Brenda<br \/>\nMaximum laundry capacity:  2 x 125 lt<br \/>\nPush handle: Attached on both sides to the construction<\/p>","protected":false},"excerpt":{"rendered":"<p>Struktura proizvoda: CPP &#8211; Plastika Debljina konstrukcije: 6 mm Dimenzije proizvoda (\u0161irina, du\u017eina, visina): 53 x 91 x 112 cm Te\u017eina proizvoda: 14,4 kg Tovarni kapacitet: 200 kg To\u010dkovi: 2 x \u00d8150 mm sa ko\u010dnicom, 2 x \u00d8150 mm bez ko\u010dnice,plasti\u010dna konstrukcija, le\u0111a gumena sa branikom Karakteristika korpe za ve\u0161: Impertex 420 Maksimalni kapacitet ve\u0161a: [&hellip;]<\/p>\n","protected":false},"featured_media":16126,"comment_status":"open","ping_status":"closed","template":"","meta":[],"product_brand":[],"product_cat":[811,830],"product_tag":[832,836],"class_list":{"0":"post-16121","1":"product","2":"type-product","3":"status-publish","4":"has-post-thumbnail","6":"product_cat-hotelska-kolica-i-oprema-za-ciscenje","7":"product_cat-kolica-za-ves","8":"product_tag-kolica-za-ves","9":"product_tag-procart-62","11":"entry","12":"has-media","14":"first","15":"instock","16":"shipping-taxable","17":"purchasable","18":"product-type-simple","19":"has-product-nav","20":"col","21":"span_1_of_3","22":"owp-content-center","23":"owp-thumbs-layout-horizontal","24":"owp-btn-normal","25":"owp-tabs-layout-horizontal"},"_links":{"self":[{"href":"https:\/\/www.meridiangroup.rs\/en\/wp-json\/wp\/v2\/product\/16121","targetHints":{"allow":["GET"]}}],"collection":[{"href":"https:\/\/www.meridiangroup.rs\/en\/wp-json\/wp\/v2\/product"}],"about":[{"href":"https:\/\/www.meridiangroup.rs\/en\/wp-json\/wp\/v2\/types\/product"}],"replies":[{"embeddable":true,"href":"https:\/\/www.meridiangroup.rs\/en\/wp-json\/wp\/v2\/comments?post=16121"}],"version-history":[{"count":1,"href":"https:\/\/www.meridiangroup.rs\/en\/wp-json\/wp\/v2\/product\/16121\/revisions"}],"predecessor-version":[{"id":16127,"href":"https:\/\/www.meridiangroup.rs\/en\/wp-json\/wp\/v2\/product\/16121\/revisions\/16127"}],"wp:featuredmedia":[{"embeddable":true,"href":"https:\/\/www.meridiangroup.rs\/en\/wp-json\/wp\/v2\/media\/16126"}],"wp:attachment":[{"href":"https:\/\/www.meridiangroup.rs\/en\/wp-json\/wp\/v2\/media?parent=16121"}],"wp:term":[{"taxonomy":"product_brand","embeddable":true,"href":"https:\/\/www.meridiangroup.rs\/en\/wp-json\/wp\/v2\/product_brand?post=16121"},{"taxonomy":"product_cat","embeddable":true,"href":"https:\/\/www.meridiangroup.rs\/en\/wp-json\/wp\/v2\/product_cat?post=16121"},{"taxonomy":"product_tag","embeddable":true,"href":"https:\/\/www.meridiangroup.rs\/en\/wp-json\/wp\/v2\/product_tag?post=16121"}],"curies":[{"name":"wp","href":"https:\/\/api.w.org\/{rel}","templated":true}]}}