{"id":16435,"date":"2021-12-16T14:26:02","date_gmt":"2021-12-16T14:26:02","guid":{"rendered":"https:\/\/www.meridiangroup.rs\/?post_type=product&#038;p=16435"},"modified":"2025-12-16T11:17:54","modified_gmt":"2025-12-16T11:17:54","slug":"procart-251-servisna-kolica","status":"publish","type":"product","link":"https:\/\/www.meridiangroup.rs\/en\/proizvodi\/procart-251-servisna-kolica\/","title":{"rendered":"Procart 251 Service trolley"},"content":{"rendered":"<p>Product structure: CPP - Plastic<br \/>\nBody thickness: 6 mm<br \/>\nProduct dimensions (width, length, height): 53 x 105 x 107 cm<br \/>\nProduct weight: 28,2 kg<br \/>\nLoad capacity: 300 kg<br \/>\nWaste bin features: Impertex 420 Brenda<br \/>\nWaste bin capacity: 120 lt<br \/>\nWaste cover: Waste cover with to do table, wastes are classified by color tags<br \/>\nWheels: 4 x \u00d8150 mm with brake, 2 x \u00d8150 mm without brake, plastic construction, rubber back with bumper<br \/>\nCabinet structure: Closed 2 sides and 2 sides with lids<br \/>\nNumber of shelves: 3<br \/>\nShelf structure: Closed 3 sides and 1 open side<br \/>\nPush handle: Attached on both sides to the body<\/p>","protected":false},"excerpt":{"rendered":"<p>Struktura proizvoda: CPP &#8211; Plastika Debljina konstrukcije: 6 mm Dimenzije proizvoda (\u0161irina, du\u017eina, visina): 53 x 105 x 107 cm Te\u017eina proizvoda: 28,2 kg Tovarni kapacitet: 300 kg Karakteristika korpe za otpad: Impertex 420 Zapremina korpe za otpad: 120 lt Poklopac za otpad: Poklopac za otpad sa povr\u0161inom za rad, otpad klasificiran za oznakom u [&hellip;]<\/p>\n","protected":false},"featured_media":17873,"comment_status":"open","ping_status":"closed","template":"","meta":[],"product_brand":[],"product_cat":[811,855],"product_tag":[889,856],"class_list":{"0":"post-16435","1":"product","2":"type-product","3":"status-publish","4":"has-post-thumbnail","6":"product_cat-hotelska-kolica-i-oprema-za-ciscenje","7":"product_cat-kolica-za-servis","8":"product_tag-procart-251","9":"product_tag-servisna-kolica","11":"entry","12":"has-media","14":"first","15":"instock","16":"shipping-taxable","17":"purchasable","18":"product-type-simple","19":"has-product-nav","20":"col","21":"span_1_of_3","22":"owp-content-center","23":"owp-thumbs-layout-horizontal","24":"owp-btn-normal","25":"owp-tabs-layout-horizontal"},"_links":{"self":[{"href":"https:\/\/www.meridiangroup.rs\/en\/wp-json\/wp\/v2\/product\/16435","targetHints":{"allow":["GET"]}}],"collection":[{"href":"https:\/\/www.meridiangroup.rs\/en\/wp-json\/wp\/v2\/product"}],"about":[{"href":"https:\/\/www.meridiangroup.rs\/en\/wp-json\/wp\/v2\/types\/product"}],"replies":[{"embeddable":true,"href":"https:\/\/www.meridiangroup.rs\/en\/wp-json\/wp\/v2\/comments?post=16435"}],"version-history":[{"count":1,"href":"https:\/\/www.meridiangroup.rs\/en\/wp-json\/wp\/v2\/product\/16435\/revisions"}],"predecessor-version":[{"id":16440,"href":"https:\/\/www.meridiangroup.rs\/en\/wp-json\/wp\/v2\/product\/16435\/revisions\/16440"}],"wp:featuredmedia":[{"embeddable":true,"href":"https:\/\/www.meridiangroup.rs\/en\/wp-json\/wp\/v2\/media\/17873"}],"wp:attachment":[{"href":"https:\/\/www.meridiangroup.rs\/en\/wp-json\/wp\/v2\/media?parent=16435"}],"wp:term":[{"taxonomy":"product_brand","embeddable":true,"href":"https:\/\/www.meridiangroup.rs\/en\/wp-json\/wp\/v2\/product_brand?post=16435"},{"taxonomy":"product_cat","embeddable":true,"href":"https:\/\/www.meridiangroup.rs\/en\/wp-json\/wp\/v2\/product_cat?post=16435"},{"taxonomy":"product_tag","embeddable":true,"href":"https:\/\/www.meridiangroup.rs\/en\/wp-json\/wp\/v2\/product_tag?post=16435"}],"curies":[{"name":"wp","href":"https:\/\/api.w.org\/{rel}","templated":true}]}}