{"id":16505,"date":"2021-12-20T10:21:33","date_gmt":"2021-12-20T10:21:33","guid":{"rendered":"https:\/\/www.meridiangroup.rs\/?post_type=product&#038;p=16505"},"modified":"2022-01-03T08:34:13","modified_gmt":"2022-01-03T08:34:13","slug":"procart-277-servisna-kolica","status":"publish","type":"product","link":"https:\/\/www.meridiangroup.rs\/en\/proizvodi\/procart-277-servisna-kolica\/","title":{"rendered":"Procart 277 Service trolley"},"content":{"rendered":"<p>Product structure: CPP - Plastic<br \/>\nBody thickness: 6 mm<br \/>\nProduct dimensions (width, length, height): 54 x 108 x 135 cm<br \/>\nProduct weight: 33 kg<br \/>\nLoad capacity: 200 kg<br \/>\nWheels: 2 x \u00d8150 mm with brake, 3 x \u00d8150 mm without brake, plastic construction, rubber back with bumper<br \/>\nNumber of shelves: 4<br \/>\nShelf structure: Closed 3 sides and 1 side with lids<br \/>\nPush handle: Attached on both sides to the body<\/p>","protected":false},"excerpt":{"rendered":"<p>Struktura proizvoda: CPP &#8211; Plastika Debljina konstrukcije: 6 mm Dimenzije proizvoda (\u0161irina, du\u017eina, visina): 54 x 108 x 135 cm Te\u017eina proizvoda: 33 kg Tovarni kapacitet: 200 kg To\u010dkovi: 2 x \u00d8150 mm sa ko\u010dnicom, 3 x \u00d8150 mm bez ko\u010dnice,plasti\u010dna konstrukcija, le\u0111a gumena sa branikom Broj eta\u017ea: 4 Struktura polica: Zatvorene 3 strane i [&hellip;]<\/p>\n","protected":false},"featured_media":16509,"comment_status":"open","ping_status":"closed","template":"","meta":[],"product_brand":[],"product_cat":[811,855],"product_tag":[899,856],"class_list":{"0":"post-16505","1":"product","2":"type-product","3":"status-publish","4":"has-post-thumbnail","6":"product_cat-hotelska-kolica-i-oprema-za-ciscenje","7":"product_cat-kolica-za-servis","8":"product_tag-procart-277","9":"product_tag-servisna-kolica","11":"entry","12":"has-media","14":"first","15":"instock","16":"shipping-taxable","17":"purchasable","18":"product-type-simple","19":"has-product-nav","20":"col","21":"span_1_of_3","22":"owp-content-center","23":"owp-thumbs-layout-horizontal","24":"owp-btn-normal","25":"owp-tabs-layout-horizontal"},"_links":{"self":[{"href":"https:\/\/www.meridiangroup.rs\/en\/wp-json\/wp\/v2\/product\/16505","targetHints":{"allow":["GET"]}}],"collection":[{"href":"https:\/\/www.meridiangroup.rs\/en\/wp-json\/wp\/v2\/product"}],"about":[{"href":"https:\/\/www.meridiangroup.rs\/en\/wp-json\/wp\/v2\/types\/product"}],"replies":[{"embeddable":true,"href":"https:\/\/www.meridiangroup.rs\/en\/wp-json\/wp\/v2\/comments?post=16505"}],"version-history":[{"count":1,"href":"https:\/\/www.meridiangroup.rs\/en\/wp-json\/wp\/v2\/product\/16505\/revisions"}],"predecessor-version":[{"id":16511,"href":"https:\/\/www.meridiangroup.rs\/en\/wp-json\/wp\/v2\/product\/16505\/revisions\/16511"}],"wp:featuredmedia":[{"embeddable":true,"href":"https:\/\/www.meridiangroup.rs\/en\/wp-json\/wp\/v2\/media\/16509"}],"wp:attachment":[{"href":"https:\/\/www.meridiangroup.rs\/en\/wp-json\/wp\/v2\/media?parent=16505"}],"wp:term":[{"taxonomy":"product_brand","embeddable":true,"href":"https:\/\/www.meridiangroup.rs\/en\/wp-json\/wp\/v2\/product_brand?post=16505"},{"taxonomy":"product_cat","embeddable":true,"href":"https:\/\/www.meridiangroup.rs\/en\/wp-json\/wp\/v2\/product_cat?post=16505"},{"taxonomy":"product_tag","embeddable":true,"href":"https:\/\/www.meridiangroup.rs\/en\/wp-json\/wp\/v2\/product_tag?post=16505"}],"curies":[{"name":"wp","href":"https:\/\/api.w.org\/{rel}","templated":true}]}}