{"id":16548,"date":"2021-12-20T10:39:12","date_gmt":"2021-12-20T10:39:12","guid":{"rendered":"https:\/\/www.meridiangroup.rs\/?post_type=product&#038;p=16548"},"modified":"2021-12-20T10:39:18","modified_gmt":"2021-12-20T10:39:18","slug":"procart-301-kolica-za-ciscenje","status":"publish","type":"product","link":"https:\/\/www.meridiangroup.rs\/en\/proizvodi\/procart-301-kolica-za-ciscenje\/","title":{"rendered":"Procart 301 Cleaning trolleys"},"content":{"rendered":"<p>Product structure: CPP - Plastic<br \/>\nBody thickness: 6 mm<br \/>\nProduct dimensions (width, length, height): 53 x 91 x 108 cm<br \/>\nProduct weight: 18,9 kg<br \/>\nLoad capacity: 190 kg<br \/>\nWaste bin features: Impertex 420 Brenda<br \/>\nWaste bin capacity: 120 lt<br \/>\nWaste cover: Waste cover with to do table, wastes are classified by color tags<br \/>\nWheels: 2 x \u00d8100 mm with brake, 3 x \u00d8100 mm without brake, plastic construction, rubber back with bumper<br \/>\nCleaning bucket with press: 2 x 25 lt<br \/>\nHandle press: 1 x Upright handle<br \/>\nAdditional equipment: Holder for cloths and hanging appliances<br \/>\nAccessory basket: 1 x 12 lt<br \/>\nPush handle: Attached on one side to the construction<\/p>","protected":false},"excerpt":{"rendered":"<p>Struktura proizvoda: CPP &#8211; Plastika Debljina konstrukcije: 6 mm Dimenzije proizvoda (\u0161irina, du\u017eina, visina): 53 x 91 x 108 cm Te\u017eina proizvoda: 18,9 kg Tovarni kapacitet: 190 kg Karakteristika korpe za otpad: Impertex 420 Zapremina korpe za otpad: 120 lt Poklopac za otpad: Poklopac za otpad sa povr\u0161inom za rad, otpad klasificiran za oznakom u [&hellip;]<\/p>\n","protected":false},"featured_media":16551,"comment_status":"open","ping_status":"closed","template":"","meta":[],"product_brand":[],"product_cat":[811,902],"product_tag":[904,907],"class_list":{"0":"post-16548","1":"product","2":"type-product","3":"status-publish","4":"has-post-thumbnail","6":"product_cat-hotelska-kolica-i-oprema-za-ciscenje","7":"product_cat-kolica-za-ciscenje","8":"product_tag-kolica-za-ciscenje","9":"product_tag-procart-301","11":"entry","12":"has-media","14":"first","15":"instock","16":"shipping-taxable","17":"purchasable","18":"product-type-simple","19":"has-product-nav","20":"col","21":"span_1_of_3","22":"owp-content-center","23":"owp-thumbs-layout-horizontal","24":"owp-btn-normal","25":"owp-tabs-layout-horizontal"},"_links":{"self":[{"href":"https:\/\/www.meridiangroup.rs\/en\/wp-json\/wp\/v2\/product\/16548","targetHints":{"allow":["GET"]}}],"collection":[{"href":"https:\/\/www.meridiangroup.rs\/en\/wp-json\/wp\/v2\/product"}],"about":[{"href":"https:\/\/www.meridiangroup.rs\/en\/wp-json\/wp\/v2\/types\/product"}],"replies":[{"embeddable":true,"href":"https:\/\/www.meridiangroup.rs\/en\/wp-json\/wp\/v2\/comments?post=16548"}],"version-history":[{"count":1,"href":"https:\/\/www.meridiangroup.rs\/en\/wp-json\/wp\/v2\/product\/16548\/revisions"}],"predecessor-version":[{"id":16553,"href":"https:\/\/www.meridiangroup.rs\/en\/wp-json\/wp\/v2\/product\/16548\/revisions\/16553"}],"wp:featuredmedia":[{"embeddable":true,"href":"https:\/\/www.meridiangroup.rs\/en\/wp-json\/wp\/v2\/media\/16551"}],"wp:attachment":[{"href":"https:\/\/www.meridiangroup.rs\/en\/wp-json\/wp\/v2\/media?parent=16548"}],"wp:term":[{"taxonomy":"product_brand","embeddable":true,"href":"https:\/\/www.meridiangroup.rs\/en\/wp-json\/wp\/v2\/product_brand?post=16548"},{"taxonomy":"product_cat","embeddable":true,"href":"https:\/\/www.meridiangroup.rs\/en\/wp-json\/wp\/v2\/product_cat?post=16548"},{"taxonomy":"product_tag","embeddable":true,"href":"https:\/\/www.meridiangroup.rs\/en\/wp-json\/wp\/v2\/product_tag?post=16548"}],"curies":[{"name":"wp","href":"https:\/\/api.w.org\/{rel}","templated":true}]}}