{"id":17178,"date":"2021-12-24T12:45:09","date_gmt":"2021-12-24T12:45:09","guid":{"rendered":"https:\/\/www.meridiangroup.rs\/?post_type=product&#038;p=17178"},"modified":"2022-01-03T08:11:33","modified_gmt":"2022-01-03T08:11:33","slug":"procart-385-kolica-za-ciscenje","status":"publish","type":"product","link":"https:\/\/www.meridiangroup.rs\/en\/proizvodi\/procart-385-kolica-za-ciscenje\/","title":{"rendered":"Procart 385 Cleaning trolleys"},"content":{"rendered":"<p>Product structure: CPP - Plastic<br \/>\nBody thickness: 6 mm<br \/>\nProduct dimensions (width, length, height): 62 x 144 x 125 cm<br \/>\nProduct weight: 43,2 kg<br \/>\nLoad capacity: 225 kg<br \/>\nWaste bin features: Impertex 420 Brenda<br \/>\nWaste bin capacity: 2 x 60 lt<br \/>\nWaste cover: Waste cover with to do table, wastes are classified by color tags<br \/>\nWheels: 2 x \u00d8100 mm with brake, 4 x \u00d8100 mm without brake, plastic construction, rubber back with bumper<br \/>\nCabinet structure: Closed 2 sides and 2 sides with lids<br \/>\nNumber of shelves: 1<br \/>\nShelf structure: Closed 2 sides and 2 sides with lids<br \/>\nCleaning bucket: 4 x 6 liters with lid<br \/>\nCleaning bucket with press: 2 x 25 lt<br \/>\nHandle press: 1 x Upright handle<br \/>\nAdditional equipment: Holder for cloths and hanging appliances<br \/>\nPush handle: Attached on one side to the construction<\/p>","protected":false},"excerpt":{"rendered":"<p>Struktura proizvoda: CPP &#8211; Plastika Debljina konstrukcije: 6 mm Dimenzije proizvoda (\u0161irina, du\u017eina, visina): 62 x 144 x 125 cm Te\u017eina proizvoda: 43,2 kg Tovarni kapacitet: 225 kg Karakteristika korpe za otpad: Impertex 420 Zapremina korpe za otpad: 2 x 60 lt Poklopac za otpad: Poklopac za otpad sa povr\u0161inom za rad, otpad klasificiran za [&hellip;]<\/p>\n","protected":false},"featured_media":17180,"comment_status":"open","ping_status":"closed","template":"","meta":[],"product_brand":[],"product_cat":[811,902],"product_tag":[904,1001],"class_list":{"0":"post-17178","1":"product","2":"type-product","3":"status-publish","4":"has-post-thumbnail","6":"product_cat-hotelska-kolica-i-oprema-za-ciscenje","7":"product_cat-kolica-za-ciscenje","8":"product_tag-kolica-za-ciscenje","9":"product_tag-procart-385","11":"entry","12":"has-media","14":"first","15":"instock","16":"shipping-taxable","17":"purchasable","18":"product-type-simple","19":"has-product-nav","20":"col","21":"span_1_of_3","22":"owp-content-center","23":"owp-thumbs-layout-horizontal","24":"owp-btn-normal","25":"owp-tabs-layout-horizontal"},"_links":{"self":[{"href":"https:\/\/www.meridiangroup.rs\/en\/wp-json\/wp\/v2\/product\/17178","targetHints":{"allow":["GET"]}}],"collection":[{"href":"https:\/\/www.meridiangroup.rs\/en\/wp-json\/wp\/v2\/product"}],"about":[{"href":"https:\/\/www.meridiangroup.rs\/en\/wp-json\/wp\/v2\/types\/product"}],"replies":[{"embeddable":true,"href":"https:\/\/www.meridiangroup.rs\/en\/wp-json\/wp\/v2\/comments?post=17178"}],"version-history":[{"count":1,"href":"https:\/\/www.meridiangroup.rs\/en\/wp-json\/wp\/v2\/product\/17178\/revisions"}],"predecessor-version":[{"id":17184,"href":"https:\/\/www.meridiangroup.rs\/en\/wp-json\/wp\/v2\/product\/17178\/revisions\/17184"}],"wp:featuredmedia":[{"embeddable":true,"href":"https:\/\/www.meridiangroup.rs\/en\/wp-json\/wp\/v2\/media\/17180"}],"wp:attachment":[{"href":"https:\/\/www.meridiangroup.rs\/en\/wp-json\/wp\/v2\/media?parent=17178"}],"wp:term":[{"taxonomy":"product_brand","embeddable":true,"href":"https:\/\/www.meridiangroup.rs\/en\/wp-json\/wp\/v2\/product_brand?post=17178"},{"taxonomy":"product_cat","embeddable":true,"href":"https:\/\/www.meridiangroup.rs\/en\/wp-json\/wp\/v2\/product_cat?post=17178"},{"taxonomy":"product_tag","embeddable":true,"href":"https:\/\/www.meridiangroup.rs\/en\/wp-json\/wp\/v2\/product_tag?post=17178"}],"curies":[{"name":"wp","href":"https:\/\/api.w.org\/{rel}","templated":true}]}}