{"id":17654,"date":"2021-12-28T12:59:35","date_gmt":"2021-12-28T12:59:35","guid":{"rendered":"https:\/\/www.meridiangroup.rs\/?post_type=product&#038;p=17654"},"modified":"2021-12-31T12:02:07","modified_gmt":"2021-12-31T12:02:07","slug":"procart-1343-kolica-za-ciscenje-bolnica","status":"publish","type":"product","link":"https:\/\/www.meridiangroup.rs\/en\/proizvodi\/procart-1343-kolica-za-ciscenje-bolnica\/","title":{"rendered":"Procart 1343 Trolley for cleaning hospitals"},"content":{"rendered":"<p>Product structure: CPP - Plastic<br \/>\nBody thickness: 6 mm<br \/>\nProduct dimensions (width, length, height): 62 x 100 x 118 cm<br \/>\nProduct weight: 22,5 kg<br \/>\nLoad capacity: 200 kg<br \/>\nWheels: 2 x \u00d8100 mm with brake, 3 x \u00d8100 mm without brake, plastic construction, rubber back with bumper<br \/>\nNumber of shelves: 2<br \/>\nShelf structure: Closed 2 sides and 2 sides with lids<br \/>\nCleaning bucket: 4 x 6 liters with lid<br \/>\nCleaning bucket with press: 2 x 25 lt<br \/>\nHandle press: 1 x Upright handle<br \/>\nAdditional equipment: Holder for cloths and hanging appliances<br \/>\nPush handle: Attached on one side to the construction<\/p>","protected":false},"excerpt":{"rendered":"<p>Struktura proizvoda: CPP &#8211; Plastika Debljina konstrukcije: 6 mm Dimenzije proizvoda (\u0161irina, du\u017eina, visina): 62 x 100 x 118 cm Te\u017eina proizvoda: 22,5 kg Tovarni kapacitet: 200 kg To\u010dkovi: 2 x \u00d8100 mm sa ko\u010dnicom, 3 x \u00d8100 mm bez ko\u010dnice,plasti\u010dna konstrukcija, le\u0111a gumena sa branikom Broj eta\u017ea: 2 Struktura polica: Zatvorene 2 strane i [&hellip;]<\/p>\n","protected":false},"featured_media":17952,"comment_status":"open","ping_status":"closed","template":"","meta":[],"product_brand":[],"product_cat":[811,1077],"product_tag":[1084,1099],"class_list":{"0":"post-17654","1":"product","2":"type-product","3":"status-publish","4":"has-post-thumbnail","6":"product_cat-hotelska-kolica-i-oprema-za-ciscenje","7":"product_cat-kolica-za-bolnice","8":"product_tag-kolica-za-ciscenje-bolnica","9":"product_tag-procart-1343","11":"entry","12":"has-media","14":"first","15":"instock","16":"shipping-taxable","17":"purchasable","18":"product-type-simple","19":"has-product-nav","20":"col","21":"span_1_of_3","22":"owp-content-center","23":"owp-thumbs-layout-horizontal","24":"owp-btn-normal","25":"owp-tabs-layout-horizontal"},"_links":{"self":[{"href":"https:\/\/www.meridiangroup.rs\/en\/wp-json\/wp\/v2\/product\/17654","targetHints":{"allow":["GET"]}}],"collection":[{"href":"https:\/\/www.meridiangroup.rs\/en\/wp-json\/wp\/v2\/product"}],"about":[{"href":"https:\/\/www.meridiangroup.rs\/en\/wp-json\/wp\/v2\/types\/product"}],"replies":[{"embeddable":true,"href":"https:\/\/www.meridiangroup.rs\/en\/wp-json\/wp\/v2\/comments?post=17654"}],"version-history":[{"count":1,"href":"https:\/\/www.meridiangroup.rs\/en\/wp-json\/wp\/v2\/product\/17654\/revisions"}],"predecessor-version":[{"id":17656,"href":"https:\/\/www.meridiangroup.rs\/en\/wp-json\/wp\/v2\/product\/17654\/revisions\/17656"}],"wp:featuredmedia":[{"embeddable":true,"href":"https:\/\/www.meridiangroup.rs\/en\/wp-json\/wp\/v2\/media\/17952"}],"wp:attachment":[{"href":"https:\/\/www.meridiangroup.rs\/en\/wp-json\/wp\/v2\/media?parent=17654"}],"wp:term":[{"taxonomy":"product_brand","embeddable":true,"href":"https:\/\/www.meridiangroup.rs\/en\/wp-json\/wp\/v2\/product_brand?post=17654"},{"taxonomy":"product_cat","embeddable":true,"href":"https:\/\/www.meridiangroup.rs\/en\/wp-json\/wp\/v2\/product_cat?post=17654"},{"taxonomy":"product_tag","embeddable":true,"href":"https:\/\/www.meridiangroup.rs\/en\/wp-json\/wp\/v2\/product_tag?post=17654"}],"curies":[{"name":"wp","href":"https:\/\/api.w.org\/{rel}","templated":true}]}}