{"id":17670,"date":"2021-12-28T13:06:10","date_gmt":"2021-12-28T13:06:10","guid":{"rendered":"https:\/\/www.meridiangroup.rs\/?post_type=product&#038;p=17670"},"modified":"2021-12-28T17:27:16","modified_gmt":"2021-12-28T17:27:16","slug":"procart-1362-kolica-za-ciscenje-bolnica","status":"publish","type":"product","link":"https:\/\/www.meridiangroup.rs\/en\/proizvodi\/procart-1362-kolica-za-ciscenje-bolnica\/","title":{"rendered":"Procart 1362 Trolley for cleaning hospitals"},"content":{"rendered":"<p>Product structure: CPP - Plastic<br \/>\nBody thickness: 6 mm<br \/>\nProduct dimensions (width, length, height): 62 x 120 x 108 cm<br \/>\nProduct weight: 34,2 kg<br \/>\nLoad capacity: 200 kg<br \/>\nWaste bin capacity: 4 x 30 lt<br \/>\nWaste cover: Waste cover with to do table, wastes are classified by color tags<br \/>\nWheels: 2 x \u00d8100 mm with brake, 4 x \u00d8100 mm without brake, plastic construction, rubber back with bumper<br \/>\nDrawer: 2 x with separator and lid<br \/>\nCabinet structure: Closed 3 sides and 2 sides with lids<br \/>\nNumber of shelves: 2<br \/>\nShelf structure: Closed 3 sides and 1 side with lids<br \/>\nCleaning bucket: 4 x 6 liters with lid<br \/>\nAccessory basket: 1 x 12 lt<br \/>\nAdditional equipment: Holder for cloths and hanging appliances<br \/>\nPush handle: Attached on one side to the construction<\/p>","protected":false},"excerpt":{"rendered":"<p>Struktura proizvoda: CPP &#8211; Plastika Debljina konstrukcije: 6 mm Dimenzije proizvoda (\u0161irina, du\u017eina, visina): 62 x 120 x 108 cm Te\u017eina proizvoda: 34,2 kg Tovarni kapacitet: 200 kg Zapremina korpe za otpad: 4 x 30 lt Poklopac za otpad: Poklopac za otpad sa povr\u0161inom za rad, otpad klasificiran za oznakom u boji To\u010dkovi: 2 x [&hellip;]<\/p>\n","protected":false},"featured_media":17987,"comment_status":"open","ping_status":"closed","template":"","meta":[],"product_brand":[],"product_cat":[811,1077],"product_tag":[1084,1107],"class_list":{"0":"post-17670","1":"product","2":"type-product","3":"status-publish","4":"has-post-thumbnail","6":"product_cat-hotelska-kolica-i-oprema-za-ciscenje","7":"product_cat-kolica-za-bolnice","8":"product_tag-kolica-za-ciscenje-bolnica","9":"product_tag-procart-1362","11":"entry","12":"has-media","14":"first","15":"instock","16":"shipping-taxable","17":"purchasable","18":"product-type-simple","19":"has-product-nav","20":"col","21":"span_1_of_3","22":"owp-content-center","23":"owp-thumbs-layout-horizontal","24":"owp-btn-normal","25":"owp-tabs-layout-horizontal"},"_links":{"self":[{"href":"https:\/\/www.meridiangroup.rs\/en\/wp-json\/wp\/v2\/product\/17670","targetHints":{"allow":["GET"]}}],"collection":[{"href":"https:\/\/www.meridiangroup.rs\/en\/wp-json\/wp\/v2\/product"}],"about":[{"href":"https:\/\/www.meridiangroup.rs\/en\/wp-json\/wp\/v2\/types\/product"}],"replies":[{"embeddable":true,"href":"https:\/\/www.meridiangroup.rs\/en\/wp-json\/wp\/v2\/comments?post=17670"}],"version-history":[{"count":1,"href":"https:\/\/www.meridiangroup.rs\/en\/wp-json\/wp\/v2\/product\/17670\/revisions"}],"predecessor-version":[{"id":17672,"href":"https:\/\/www.meridiangroup.rs\/en\/wp-json\/wp\/v2\/product\/17670\/revisions\/17672"}],"wp:featuredmedia":[{"embeddable":true,"href":"https:\/\/www.meridiangroup.rs\/en\/wp-json\/wp\/v2\/media\/17987"}],"wp:attachment":[{"href":"https:\/\/www.meridiangroup.rs\/en\/wp-json\/wp\/v2\/media?parent=17670"}],"wp:term":[{"taxonomy":"product_brand","embeddable":true,"href":"https:\/\/www.meridiangroup.rs\/en\/wp-json\/wp\/v2\/product_brand?post=17670"},{"taxonomy":"product_cat","embeddable":true,"href":"https:\/\/www.meridiangroup.rs\/en\/wp-json\/wp\/v2\/product_cat?post=17670"},{"taxonomy":"product_tag","embeddable":true,"href":"https:\/\/www.meridiangroup.rs\/en\/wp-json\/wp\/v2\/product_tag?post=17670"}],"curies":[{"name":"wp","href":"https:\/\/api.w.org\/{rel}","templated":true}]}}