{"id":17680,"date":"2021-12-28T13:27:34","date_gmt":"2021-12-28T13:27:34","guid":{"rendered":"https:\/\/www.meridiangroup.rs\/?post_type=product&#038;p=17680"},"modified":"2021-12-28T17:30:49","modified_gmt":"2021-12-28T17:30:49","slug":"procart-610-kolica-za-prevoz-velikog-tereta","status":"publish","type":"product","link":"https:\/\/www.meridiangroup.rs\/en\/proizvodi\/procart-610-kolica-za-prevoz-velikog-tereta\/","title":{"rendered":"Procart 610 Heavy duty trolley"},"content":{"rendered":"<p>Product structure: CPP - Plastic<br \/>\nBody thickness: 6 mm<br \/>\nProduct dimensions (width, length, height): 54 x 91 x 88 cm<br \/>\nProduct weight: 9,4 kg<br \/>\nLoad capacity: 188 kg<br \/>\nBoard Size: 800 x 445 mm<br \/>\nWheels: 2 x \u00d8100 mm with brake, 3 x \u00d8100 mm without brake, plastic construction, rubber back with bumper<br \/>\nPush handle: Attached on one side to the construction<\/p>","protected":false},"excerpt":{"rendered":"<p>Struktura proizvoda: CPP &#8211; Plastika Debljina konstrukcije: 6 mm Dimenzije proizvoda (\u0161irina, du\u017eina, visina): 54 x 91 x 88 cm Te\u017eina proizvoda: 9,4 kg Tovarni kapacitet: 188 kg Veli\u010dina bazne plo\u010de: 800 x 445 mm To\u010dkovi: 2 x \u00d8100 mm sa ko\u010dnicom, 3 x \u00d8100 mm bez ko\u010dnice,plasti\u010dna konstrukcija, le\u0111a gumena sa branikom Ru\u010dka na [&hellip;]<\/p>\n","protected":false},"featured_media":18014,"comment_status":"open","ping_status":"closed","template":"","meta":[],"product_brand":[],"product_cat":[811,1111],"product_tag":[1115,1114],"class_list":{"0":"post-17680","1":"product","2":"type-product","3":"status-publish","4":"has-post-thumbnail","6":"product_cat-hotelska-kolica-i-oprema-za-ciscenje","7":"product_cat-kolica-za-teret","8":"product_tag-kolica-za-prevoz-velikog-tereta","9":"product_tag-procart-610","11":"entry","12":"has-media","14":"first","15":"instock","16":"shipping-taxable","17":"purchasable","18":"product-type-simple","19":"has-product-nav","20":"col","21":"span_1_of_3","22":"owp-content-center","23":"owp-thumbs-layout-horizontal","24":"owp-btn-normal","25":"owp-tabs-layout-horizontal"},"_links":{"self":[{"href":"https:\/\/www.meridiangroup.rs\/en\/wp-json\/wp\/v2\/product\/17680","targetHints":{"allow":["GET"]}}],"collection":[{"href":"https:\/\/www.meridiangroup.rs\/en\/wp-json\/wp\/v2\/product"}],"about":[{"href":"https:\/\/www.meridiangroup.rs\/en\/wp-json\/wp\/v2\/types\/product"}],"replies":[{"embeddable":true,"href":"https:\/\/www.meridiangroup.rs\/en\/wp-json\/wp\/v2\/comments?post=17680"}],"version-history":[{"count":1,"href":"https:\/\/www.meridiangroup.rs\/en\/wp-json\/wp\/v2\/product\/17680\/revisions"}],"predecessor-version":[{"id":17682,"href":"https:\/\/www.meridiangroup.rs\/en\/wp-json\/wp\/v2\/product\/17680\/revisions\/17682"}],"wp:featuredmedia":[{"embeddable":true,"href":"https:\/\/www.meridiangroup.rs\/en\/wp-json\/wp\/v2\/media\/18014"}],"wp:attachment":[{"href":"https:\/\/www.meridiangroup.rs\/en\/wp-json\/wp\/v2\/media?parent=17680"}],"wp:term":[{"taxonomy":"product_brand","embeddable":true,"href":"https:\/\/www.meridiangroup.rs\/en\/wp-json\/wp\/v2\/product_brand?post=17680"},{"taxonomy":"product_cat","embeddable":true,"href":"https:\/\/www.meridiangroup.rs\/en\/wp-json\/wp\/v2\/product_cat?post=17680"},{"taxonomy":"product_tag","embeddable":true,"href":"https:\/\/www.meridiangroup.rs\/en\/wp-json\/wp\/v2\/product_tag?post=17680"}],"curies":[{"name":"wp","href":"https:\/\/api.w.org\/{rel}","templated":true}]}}