{"id":2993,"date":"2019-03-01T13:21:12","date_gmt":"2019-03-01T13:21:12","guid":{"rendered":"http:\/\/www.meridiangroup.rs\/?post_type=product&#038;p=2993"},"modified":"2025-09-16T13:16:43","modified_gmt":"2025-09-16T13:16:43","slug":"rupicasti-plasticni-kontejner-sa-tockovima-1000x1200x1000mm","status":"publish","type":"product","link":"https:\/\/www.meridiangroup.rs\/en\/proizvodi\/rupicasti-plasticni-kontejner-sa-tockovima-1000x1200x1000mm\/","title":{"rendered":"Rupi\u010dasti plasti\u010dni kontejner sa to\u010dkovima 1000x1200x1000mm"},"content":{"rendered":"","protected":false},"excerpt":{"rendered":"<p><strong>Model No : 101210-DT<\/strong><\/p>\n<p>External dimensions: 1000 x 1200 x 1000(h) mm<br \/>\nInternal dimensions: 920 x 1120 x 700(h) mm<br \/>\nWeight: 41 Kg<\/p>\n<p>Solid base and sides, no handles<\/p>\n<p>Can be ordered with\/without accesories<\/p>","protected":false},"featured_media":2903,"comment_status":"open","ping_status":"closed","template":"","meta":[],"product_brand":[],"product_cat":[216,590],"product_tag":[774,219,244,218,217],"class_list":{"0":"post-2993","1":"product","2":"type-product","3":"status-publish","4":"has-post-thumbnail","6":"product_cat-paletni-kontejneri","7":"product_cat-rupicasti-paletni-kontejneri-sa-tockovima","8":"product_tag-101210-dt","9":"product_tag-paletni-kontejneri","10":"product_tag-pallet-box","11":"product_tag-pallet-container","12":"product_tag-pallet-crate","13":"pa_dinamicki-kapacitet-700-kg","14":"pa_poklopac-bez-poklopca","15":"pa_poklopac-sa-poklopcem","16":"pa_staticki-kapacitet-4000-kg","18":"entry","19":"has-media","21":"first","22":"instock","23":"shipping-taxable","24":"purchasable","25":"product-type-variable","26":"has-product-nav","27":"col","28":"span_1_of_3","29":"owp-content-center","30":"owp-thumbs-layout-horizontal","31":"owp-btn-normal","32":"owp-tabs-layout-horizontal"},"_links":{"self":[{"href":"https:\/\/www.meridiangroup.rs\/en\/wp-json\/wp\/v2\/product\/2993","targetHints":{"allow":["GET"]}}],"collection":[{"href":"https:\/\/www.meridiangroup.rs\/en\/wp-json\/wp\/v2\/product"}],"about":[{"href":"https:\/\/www.meridiangroup.rs\/en\/wp-json\/wp\/v2\/types\/product"}],"replies":[{"embeddable":true,"href":"https:\/\/www.meridiangroup.rs\/en\/wp-json\/wp\/v2\/comments?post=2993"}],"version-history":[{"count":2,"href":"https:\/\/www.meridiangroup.rs\/en\/wp-json\/wp\/v2\/product\/2993\/revisions"}],"predecessor-version":[{"id":21578,"href":"https:\/\/www.meridiangroup.rs\/en\/wp-json\/wp\/v2\/product\/2993\/revisions\/21578"}],"wp:featuredmedia":[{"embeddable":true,"href":"https:\/\/www.meridiangroup.rs\/en\/wp-json\/wp\/v2\/media\/2903"}],"wp:attachment":[{"href":"https:\/\/www.meridiangroup.rs\/en\/wp-json\/wp\/v2\/media?parent=2993"}],"wp:term":[{"taxonomy":"product_brand","embeddable":true,"href":"https:\/\/www.meridiangroup.rs\/en\/wp-json\/wp\/v2\/product_brand?post=2993"},{"taxonomy":"product_cat","embeddable":true,"href":"https:\/\/www.meridiangroup.rs\/en\/wp-json\/wp\/v2\/product_cat?post=2993"},{"taxonomy":"product_tag","embeddable":true,"href":"https:\/\/www.meridiangroup.rs\/en\/wp-json\/wp\/v2\/product_tag?post=2993"}],"curies":[{"name":"wp","href":"https:\/\/api.w.org\/{rel}","templated":true}]}}